{"id":2089,"date":"2025-09-18T19:47:30","date_gmt":"2025-09-18T19:47:30","guid":{"rendered":"https:\/\/kinez.ee\/shop\/maksmine-ja-kohaletoimetamine\/"},"modified":"2025-11-02T16:25:46","modified_gmt":"2025-11-02T16:25:46","slug":"maksmine-ja-kohaletoimetamine","status":"publish","type":"page","link":"https:\/\/kinez.ee\/shop\/et\/maksmine-ja-kohaletoimetamine\/","title":{"rendered":"Maksmine ja kohaletoimetamine"},"content":{"rendered":"\t\t<div data-elementor-type=\"wp-page\" data-elementor-id=\"2089\" class=\"elementor elementor-2089 elementor-2087\">\n\t\t\t\t<div class=\"elementor-element elementor-element-6228f526 e-con-full e-flex e-con e-parent\" data-id=\"6228f526\" data-element_type=\"container\">\n\t\t<div class=\"elementor-element elementor-element-60f7a6d4 e-grid e-con-boxed e-con e-child\" data-id=\"60f7a6d4\" data-element_type=\"container\">\n\t\t\t\t\t<div class=\"e-con-inner\">\n\t\t\t\t<div class=\"elementor-element elementor-element-dfe69d6 elementor-widget elementor-widget-text-editor\" data-id=\"dfe69d6\" data-element_type=\"widget\" data-widget_type=\"text-editor.default\">\n\t\t\t\t<div class=\"elementor-widget-container\">\n\t\t\t\t\t\t\t\t\t<h1>Maksmine ja kohaletoimetamine<\/h1>\n<h4>Ost ja makse<\/h4>\n<ul>\n \t<li>Leidke sobiv toode.<\/li>\n \t<li>Kontrollige tooteinfot ja saadavust. Kui olete leidnud sobiva toote, lisage see ostukorvi.<\/li>\n \t<li>Kui ostukorv avaneb, kontrollige oma valikut ja lisage sooduskood, kui teil see on. Kui soovite j\u00e4tkata ostlemist, kl\u00f5psake \u201eJ\u00e4tka ostlemist\u201d.<\/li>\n \t<li>Kui k\u00f5ik on korras, kl\u00f5psake \u201eJ\u00e4tka kassasse\u201d.<\/li>\n \t<li>Kassas avaneb vorm, kus saate valida sobiva kuup\u00e4eva, kellaaja ja tarneviisi. Tarnehind kuvatakse p\u00e4rast tarneviisi valimist. T\u00e4itke k\u00f5ik kohustuslikud v\u00e4ljad \u2014 nii saame teie tellimuse kiiresti ja \u00f5igesse kohta toimetada.<\/li>\n \t<li>Klient saab oma ostu turvaliselt tasuda meie maksepartneri \u201eMontonio\u201d kaudu. Valige oma pank, et tellimuse eest tasuda.<\/li>\n \t<li>Makseandmed, sealhulgas k\u00f5ik kohaldatavad maksud ja lisatasud, kuvatakse arvel, mis ilmub ekraanile ja saadetakse teie e-posti aadressile p\u00e4rast tellimuse kinnitamist.<\/li>\n \t<li>P\u00e4rast makse tegemist kl\u00f5psake \u201eNaase m\u00fc\u00fcja juurde\u201d.<\/li>\n \t<li>Kui teie tellimus on \u00f5igesti esitatud, t\u00f6\u00f6deldakse see kohe veebipoes ning tellimuse kinnitus saadetakse teie e-postile. Kui k\u00f5ik on korras, palume oodata tellimuse t\u00e4itmist.<\/li>\n<\/ul>\n<h4>Tarne<\/h4>\nTellimus toimetatakse kohale vastavalt kliendi poolt tellimuses m\u00e4rgitud sihtkoha ja ajaga. Klient vastutab esitatud andmete \u00f5igsuse eest. Kui tellimust ei ole v\u00f5imalik kohale toimetada kliendi puudulike v\u00f5i ebat\u00e4psete andmete t\u00f5ttu, vastutab tarne eest klient ise.\n\t\t\t\t\t\t\t\t<\/div>\n\t\t\t\t<\/div>\n\t\t\t\t\t<\/div>\n\t\t\t\t<\/div>\n\t\t\t\t<\/div>\n\t\t\t\t<\/div>\n\t\t","protected":false},"excerpt":{"rendered":"<p>Maksmine ja kohaletoimetamine Ost ja makse Leidke sobiv toode. Kontrollige tooteinfot ja saadavust. Kui olete leidnud sobiva toote, lisage see ostukorvi. Kui ostukorv avaneb, kontrollige oma valikut ja lisage sooduskood, kui teil see on. Kui soovite j\u00e4tkata ostlemist, kl\u00f5psake \u201eJ\u00e4tka ostlemist\u201d. Kui k\u00f5ik on korras, kl\u00f5psake \u201eJ\u00e4tka kassasse\u201d. Kassas avaneb vorm, kus saate valida sobiva [&hellip;]<\/p>\n","protected":false},"author":1,"featured_media":0,"parent":0,"menu_order":0,"comment_status":"closed","ping_status":"closed","template":"","meta":{"site-sidebar-layout":"no-sidebar","site-content-layout":"page-builder","ast-site-content-layout":"full-width-container","site-content-style":"default","site-sidebar-style":"default","ast-global-header-display":"","ast-banner-title-visibility":"","ast-main-header-display":"","ast-hfb-above-header-display":"","ast-hfb-below-header-display":"","ast-hfb-mobile-header-display":"","site-post-title":"disabled","ast-breadcrumbs-content":"disabled","ast-featured-img":"disabled","footer-sml-layout":"","theme-transparent-header-meta":"","adv-header-id-meta":"","stick-header-meta":"","header-above-stick-meta":"","header-main-stick-meta":"","header-below-stick-meta":"","astra-migrate-meta-layouts":"default","ast-page-background-enabled":"default","ast-page-background-meta":{"desktop":{"background-color":"var(--ast-global-color-4)","background-image":"","background-repeat":"repeat","background-position":"center center","background-size":"auto","background-attachment":"scroll","background-type":"","background-media":"","overlay-type":"","overlay-color":"","overlay-opacity":"","overlay-gradient":""},"tablet":{"background-color":"","background-image":"","background-repeat":"repeat","background-position":"center center","background-size":"auto","background-attachment":"scroll","background-type":"","background-media":"","overlay-type":"","overlay-color":"","overlay-opacity":"","overlay-gradient":""},"mobile":{"background-color":"","background-image":"","background-repeat":"repeat","background-position":"center center","background-size":"auto","background-attachment":"scroll","background-type":"","background-media":"","overlay-type":"","overlay-color":"","overlay-opacity":"","overlay-gradient":""}},"ast-content-background-meta":{"desktop":{"background-color":"var(--ast-global-color-5)","background-image":"","background-repeat":"repeat","background-position":"center center","background-size":"auto","background-attachment":"scroll","background-type":"","background-media":"","overlay-type":"","overlay-color":"","overlay-opacity":"","overlay-gradient":""},"tablet":{"background-color":"var(--ast-global-color-5)","background-image":"","background-repeat":"repeat","background-position":"center center","background-size":"auto","background-attachment":"scroll","background-type":"","background-media":"","overlay-type":"","overlay-color":"","overlay-opacity":"","overlay-gradient":""},"mobile":{"background-color":"var(--ast-global-color-5)","background-image":"","background-repeat":"repeat","background-position":"center center","background-size":"auto","background-attachment":"scroll","background-type":"","background-media":"","overlay-type":"","overlay-color":"","overlay-opacity":"","overlay-gradient":""}},"footnotes":""},"folder":[],"class_list":["post-2089","page","type-page","status-publish","hentry"],"_links":{"self":[{"href":"https:\/\/kinez.ee\/shop\/et\/wp-json\/wp\/v2\/pages\/2089","targetHints":{"allow":["GET"]}}],"collection":[{"href":"https:\/\/kinez.ee\/shop\/et\/wp-json\/wp\/v2\/pages"}],"about":[{"href":"https:\/\/kinez.ee\/shop\/et\/wp-json\/wp\/v2\/types\/page"}],"author":[{"embeddable":true,"href":"https:\/\/kinez.ee\/shop\/et\/wp-json\/wp\/v2\/users\/1"}],"replies":[{"embeddable":true,"href":"https:\/\/kinez.ee\/shop\/et\/wp-json\/wp\/v2\/comments?post=2089"}],"version-history":[{"count":3,"href":"https:\/\/kinez.ee\/shop\/et\/wp-json\/wp\/v2\/pages\/2089\/revisions"}],"predecessor-version":[{"id":3791,"href":"https:\/\/kinez.ee\/shop\/et\/wp-json\/wp\/v2\/pages\/2089\/revisions\/3791"}],"wp:attachment":[{"href":"https:\/\/kinez.ee\/shop\/et\/wp-json\/wp\/v2\/media?parent=2089"}],"wp:term":[{"taxonomy":"folder","embeddable":true,"href":"https:\/\/kinez.ee\/shop\/et\/wp-json\/wp\/v2\/folder?post=2089"}],"curies":[{"name":"wp","href":"https:\/\/api.w.org\/{rel}","templated":true}]}}