{"id":2106,"date":"2025-09-19T17:47:37","date_gmt":"2025-09-19T17:47:37","guid":{"rendered":"https:\/\/kinez.ee\/shop\/partnerlus\/"},"modified":"2025-11-02T12:05:11","modified_gmt":"2025-11-02T12:05:11","slug":"partnerlus","status":"publish","type":"page","link":"https:\/\/kinez.ee\/shop\/et\/partnerlus\/","title":{"rendered":"Partnerlus"},"content":{"rendered":"\t\t<div data-elementor-type=\"wp-page\" data-elementor-id=\"2106\" class=\"elementor elementor-2106 elementor-2104\">\n\t\t\t\t<div class=\"elementor-element elementor-element-3d03d5d6 e-flex e-con-boxed e-con e-parent\" data-id=\"3d03d5d6\" data-element_type=\"container\">\n\t\t\t\t\t<div class=\"e-con-inner\">\n\t\t<div class=\"elementor-element elementor-element-6f0c7428 e-grid e-con-full e-con e-child\" data-id=\"6f0c7428\" data-element_type=\"container\">\n\t\t\t\t<div class=\"elementor-element elementor-element-20c407f elementor-widget elementor-widget-text-editor\" data-id=\"20c407f\" data-element_type=\"widget\" data-widget_type=\"text-editor.default\">\n\t\t\t\t<div class=\"elementor-widget-container\">\n\t\t\t\t\t\t\t\t\t<h1>Partnerlus Dr. Kinez\u2019iga<\/h1>\nDr. Kinez O\u00dc on kaasaegne meditsiini- ja kosmeetikaettev\u00f5te, ametlik WONTECHi edasim\u00fc\u00fcja Balti riikides. Pakume kaasaegseid seadmeid ja sertifitseeritud kosmeetilisi lahendusi kliinikutele, salongidele ja iseseisvatele spetsialistidele.\n<h2><strong>Seade OLIGIO<\/strong><\/h2>\nOLIGIO on innovaatiline mitteinvasiivne termoliftingu s\u00fcsteem, mis \u00fchendab endas 7 erinevat kudede pinguldamise tehnoloogiat, et saavutada naha loomulik noorendamine.\n<h3>Miks valida OLIGIO oma keskusele:<\/h3>\n<ul>\n \t<li>Mitteinvasiivne protsess: protseduur toimub ilma kirurgilise sekkumiseta, valutult ja taastumisajata<\/li>\n \t<li>Raadiosageduslik energia stimuleerib kollageeni tootmist ja rakkude uuenemist<\/li>\n \t<li>Valutud protseduurid, mida saab teha \u201el\u00f5unapausi\u201c ajal<\/li>\n \t<li>T\u00f5husus kinnitatud Aasias ja USA-s, n\u00fc\u00fcd saadaval ka Euroopas<\/li>\n<\/ul>\n<h3>Pakume:<\/h3>\n<ul>\n \t<li>Seadme demonstratsiooni teie kliinikus<\/li>\n \t<li>Spetsialistide koolitust<\/li>\n \t<li>Garantiid, tehnilist tuge ja infotoetust<\/li>\n<\/ul>\n\u00c4ripakkumise saamiseks v\u00f5tke meiega \u00fchendust lehelt &#8220;<a href=\"https:\/\/kinez.ee\/shop\/et\/kintaktid\/#message\">Kontaktid<\/a>&#8220;.\n\n<strong>Partnerlus kosmeseutika ja koduhooldusseadmete osas<\/strong>\n\nLisaks OLIGIO p\u00f5hiseadmele pakume:\n<ul>\n \t<li>Kosmetseutikat professionaalseks ja koduseks kasutamiseks<\/li>\n \t<li>Koduhoolduseks m\u00f5eldud seadmeid ja aparaate<\/li>\n<\/ul>\n<strong>Partnerluse eelised:<\/strong>\n<ul>\n \t<li>Eripakkumised kliinikutele, salongidele ja iseseisvatele spetsialistidele<\/li>\n \t<li>V\u00f5imalus laiendada tootevalikut ja suurendada kasumlikkust<\/li>\n \t<li>Tugi ja konsultatsioonid sobiva tootevaliku osas teie klientidele<\/li>\n<\/ul>\nKoost\u00f6\u00f6tingimuste ja p\u00e4ringute jaoks v\u00f5tke meiega \u00fchendust otse v\u00f5i kontaktivormi kaudu lehel &#8220;<a href=\"https:\/\/kinez.ee\/shop\/et\/kintaktid\/#message\">Kontaktid<\/a>&#8220;.\t\t\t\t\t\t\t\t<\/div>\n\t\t\t\t<\/div>\n\t\t\t\t<div class=\"elementor-element elementor-element-150d194c elementor-widget elementor-widget-image\" data-id=\"150d194c\" data-element_type=\"widget\" data-widget_type=\"image.default\">\n\t\t\t\t<div class=\"elementor-widget-container\">\n\t\t\t\t\t\t\t\t\t\t\t\t\t\t\t<img decoding=\"async\" src=\"https:\/\/kinez.ee\/shop\/wp-content\/uploads\/elementor\/thumbs\/img_623f84a06575cbbdc808928786723328-rbgsdrf1jlb36575u0bqhs7iqd8ckjh0bnhfndkc68.png\" title=\"img_623f84a06575cbbdc808928786723328\" alt=\"img_623f84a06575cbbdc808928786723328\" loading=\"lazy\" \/>\t\t\t\t\t\t\t\t\t\t\t\t\t\t\t<\/div>\n\t\t\t\t<\/div>\n\t\t\t\t<\/div>\n\t\t\t\t\t<\/div>\n\t\t\t\t<\/div>\n\t\t\t\t<\/div>\n\t\t","protected":false},"excerpt":{"rendered":"<p>Partnerlus Dr. Kinez\u2019iga Dr. Kinez O\u00dc on kaasaegne meditsiini- ja kosmeetikaettev\u00f5te, ametlik WONTECHi edasim\u00fc\u00fcja Balti riikides. Pakume kaasaegseid seadmeid ja sertifitseeritud kosmeetilisi lahendusi kliinikutele, salongidele ja iseseisvatele spetsialistidele. Seade OLIGIO OLIGIO on innovaatiline mitteinvasiivne termoliftingu s\u00fcsteem, mis \u00fchendab endas 7 erinevat kudede pinguldamise tehnoloogiat, et saavutada naha loomulik noorendamine. Miks valida OLIGIO oma keskusele: Mitteinvasiivne [&hellip;]<\/p>\n","protected":false},"author":1,"featured_media":0,"parent":0,"menu_order":0,"comment_status":"closed","ping_status":"closed","template":"","meta":{"site-sidebar-layout":"no-sidebar","site-content-layout":"page-builder","ast-site-content-layout":"full-width-container","site-content-style":"default","site-sidebar-style":"default","ast-global-header-display":"","ast-banner-title-visibility":"","ast-main-header-display":"","ast-hfb-above-header-display":"","ast-hfb-below-header-display":"","ast-hfb-mobile-header-display":"","site-post-title":"disabled","ast-breadcrumbs-content":"disabled","ast-featured-img":"disabled","footer-sml-layout":"","theme-transparent-header-meta":"","adv-header-id-meta":"","stick-header-meta":"","header-above-stick-meta":"","header-main-stick-meta":"","header-below-stick-meta":"","astra-migrate-meta-layouts":"default","ast-page-background-enabled":"default","ast-page-background-meta":{"desktop":{"background-color":"var(--ast-global-color-4)","background-image":"","background-repeat":"repeat","background-position":"center center","background-size":"auto","background-attachment":"scroll","background-type":"","background-media":"","overlay-type":"","overlay-color":"","overlay-opacity":"","overlay-gradient":""},"tablet":{"background-color":"","background-image":"","background-repeat":"repeat","background-position":"center center","background-size":"auto","background-attachment":"scroll","background-type":"","background-media":"","overlay-type":"","overlay-color":"","overlay-opacity":"","overlay-gradient":""},"mobile":{"background-color":"","background-image":"","background-repeat":"repeat","background-position":"center center","background-size":"auto","background-attachment":"scroll","background-type":"","background-media":"","overlay-type":"","overlay-color":"","overlay-opacity":"","overlay-gradient":""}},"ast-content-background-meta":{"desktop":{"background-color":"var(--ast-global-color-5)","background-image":"","background-repeat":"repeat","background-position":"center center","background-size":"auto","background-attachment":"scroll","background-type":"","background-media":"","overlay-type":"","overlay-color":"","overlay-opacity":"","overlay-gradient":""},"tablet":{"background-color":"var(--ast-global-color-5)","background-image":"","background-repeat":"repeat","background-position":"center center","background-size":"auto","background-attachment":"scroll","background-type":"","background-media":"","overlay-type":"","overlay-color":"","overlay-opacity":"","overlay-gradient":""},"mobile":{"background-color":"var(--ast-global-color-5)","background-image":"","background-repeat":"repeat","background-position":"center center","background-size":"auto","background-attachment":"scroll","background-type":"","background-media":"","overlay-type":"","overlay-color":"","overlay-opacity":"","overlay-gradient":""}},"footnotes":""},"folder":[],"class_list":["post-2106","page","type-page","status-publish","hentry"],"_links":{"self":[{"href":"https:\/\/kinez.ee\/shop\/et\/wp-json\/wp\/v2\/pages\/2106","targetHints":{"allow":["GET"]}}],"collection":[{"href":"https:\/\/kinez.ee\/shop\/et\/wp-json\/wp\/v2\/pages"}],"about":[{"href":"https:\/\/kinez.ee\/shop\/et\/wp-json\/wp\/v2\/types\/page"}],"author":[{"embeddable":true,"href":"https:\/\/kinez.ee\/shop\/et\/wp-json\/wp\/v2\/users\/1"}],"replies":[{"embeddable":true,"href":"https:\/\/kinez.ee\/shop\/et\/wp-json\/wp\/v2\/comments?post=2106"}],"version-history":[{"count":9,"href":"https:\/\/kinez.ee\/shop\/et\/wp-json\/wp\/v2\/pages\/2106\/revisions"}],"predecessor-version":[{"id":3692,"href":"https:\/\/kinez.ee\/shop\/et\/wp-json\/wp\/v2\/pages\/2106\/revisions\/3692"}],"wp:attachment":[{"href":"https:\/\/kinez.ee\/shop\/et\/wp-json\/wp\/v2\/media?parent=2106"}],"wp:term":[{"taxonomy":"folder","embeddable":true,"href":"https:\/\/kinez.ee\/shop\/et\/wp-json\/wp\/v2\/folder?post=2106"}],"curies":[{"name":"wp","href":"https:\/\/api.w.org\/{rel}","templated":true}]}}