{"id":3809,"date":"2025-10-09T17:41:52","date_gmt":"2025-10-09T17:41:52","guid":{"rendered":"https:\/\/kinez.ee\/shop\/tingimused-2\/"},"modified":"2025-11-02T17:13:16","modified_gmt":"2025-11-02T17:13:16","slug":"tingimused","status":"publish","type":"page","link":"https:\/\/kinez.ee\/shop\/et\/tingimused\/","title":{"rendered":"Tingimused"},"content":{"rendered":"\t\t<div data-elementor-type=\"wp-page\" data-elementor-id=\"3809\" class=\"elementor elementor-3809 elementor-2961\">\n\t\t\t\t<div class=\"elementor-element elementor-element-14bf7b6e e-flex e-con-boxed e-con e-parent\" data-id=\"14bf7b6e\" data-element_type=\"container\">\n\t\t\t\t\t<div class=\"e-con-inner\">\n\t\t\t\t<div class=\"elementor-element elementor-element-4bf2088f elementor-widget elementor-widget-text-editor\" data-id=\"4bf2088f\" data-element_type=\"widget\" data-widget_type=\"text-editor.default\">\n\t\t\t\t<div class=\"elementor-widget-container\">\n\t\t\t\t\t\t\t\t\t<h1>Kasutustingimused<\/h1>\n<p>Tere tulemast Dr. Kinez veebilehele. Kasutades seda veebilehte, n\u00f5ustute k\u00e4esolevate kasutustingimustega. Palun tutvuge nendega hoolikalt.<\/p>\n<h4><strong>\u00dcldinfo ettev\u00f5tte kohta<\/strong><\/h4>\nEttev\u00f5te: Doctor Kinez O\u00dc<br>\nRegistrikood: 14712827<br>\nAadress: Harju maakond, Tallinn, Kesklinna linnaosa, Kaupmehe tn 7, 10114<br>\nTelefon: (+372) 5553 3405<br>\nE-post: <span class=\"email\" data-email=\"jogpAljof{\/ff\"><\/span><br><br>\n<h4><strong>Veebilehe kasutamine<\/strong><\/h4>\n<ul>\n \t<li>Kogu veebilehel esitatud teave on m\u00f5eldud \u00fcksnes informatiivsel eesm\u00e4rgil.<\/li>\n \t<li>Teave toodete ja teenuste kohta ei kujuta endast individuaalset meditsiinilist soovitust.<\/li>\n \t<li>Enne mis tahes vahendite v\u00f5i protseduuride kasutamist soovitame konsulteerida spetsialistiga. Kuigi p\u00fc\u00fcame tagada teabe ajakohasuse, ei vastuta me v\u00f5imalike ebat\u00e4psuste eest.<\/li>\n<\/ul>\n<h4><strong>Intellektuaalne omand<\/strong><\/h4>\n<ul>\n \t<li>K\u00f5ik tekstid, pildid, logod ja muud materjalid veebilehel on kaitstud autori\u00f5igustega ning kuuluvad Dr. Kinezile v\u00f5i vastavatele \u00f5iguste omajatele.<\/li>\n \t<li>Materjalide kasutamine ilma \u00f5iguste omaja eelneva n\u00f5usolekuta on keelatud.<\/li>\n<\/ul>\n<h4><strong>Privaatsuspoliitika<\/strong><\/h4>\n<ul>\n \t<li>Kogume ainult minimaalselt vajalikku teavet tellimuste ja p\u00e4ringute t\u00f6\u00f6tlemiseks.<\/li>\n \t<li>Kliendi isikuandmeid t\u00f6\u00f6deldakse vastavalt Eesti Vabariigi kehtivatele \u00f5igusaktidele.<\/li>\n \t<li>Loe l\u00e4hemalt andmete kogumise ja kasutamise kohta lehelt &#8220;<a href=\"https:\/\/kinez.ee\/shop\/et\/privaatsuspoliitika\/\">Privaatsuspoliitika<\/a>&#8220;.<\/li>\n<\/ul>\t\t\t\t\t\t\t\t<\/div>\n\t\t\t\t<\/div>\n\t\t\t\t<div class=\"elementor-element elementor-element-a5a2981 elementor-widget elementor-widget-image\" data-id=\"a5a2981\" data-element_type=\"widget\" data-widget_type=\"image.default\">\n\t\t\t\t<div class=\"elementor-widget-container\">\n\t\t\t\t\t\t\t\t\t\t\t\t\t\t\t<img fetchpriority=\"high\" decoding=\"async\" width=\"768\" height=\"653\" src=\"https:\/\/kinez.ee\/shop\/wp-content\/uploads\/terms-768x653.png\" class=\"attachment-medium_large size-medium_large wp-image-2967\" alt=\"\" srcset=\"https:\/\/kinez.ee\/shop\/wp-content\/uploads\/terms-768x653.png 768w, https:\/\/kinez.ee\/shop\/wp-content\/uploads\/terms-300x255.png 300w, https:\/\/kinez.ee\/shop\/wp-content\/uploads\/terms-600x510.png 600w, https:\/\/kinez.ee\/shop\/wp-content\/uploads\/terms.png 1024w\" sizes=\"(max-width: 768px) 100vw, 768px\" \/>\t\t\t\t\t\t\t\t\t\t\t\t\t\t\t<\/div>\n\t\t\t\t<\/div>\n\t\t\t\t\t<\/div>\n\t\t\t\t<\/div>\n\t\t\t\t<\/div>\n\t\t","protected":false},"excerpt":{"rendered":"<p>Kasutustingimused Tere tulemast Dr. Kinez veebilehele. Kasutades seda veebilehte, n\u00f5ustute k\u00e4esolevate kasutustingimustega. Palun tutvuge nendega hoolikalt. \u00dcldinfo ettev\u00f5tte kohta Ettev\u00f5te: Doctor Kinez O\u00dc Registrikood: 14712827 Aadress: Harju maakond, Tallinn, Kesklinna linnaosa, Kaupmehe tn 7, 10114 Telefon: (+372) 5553 3405 E-post: Veebilehe kasutamine Kogu veebilehel esitatud teave on m\u00f5eldud \u00fcksnes informatiivsel eesm\u00e4rgil. Teave toodete ja teenuste [&hellip;]<\/p>\n","protected":false},"author":1,"featured_media":2967,"parent":0,"menu_order":0,"comment_status":"closed","ping_status":"closed","template":"","meta":{"site-sidebar-layout":"no-sidebar","site-content-layout":"page-builder","ast-site-content-layout":"full-width-container","site-content-style":"default","site-sidebar-style":"default","ast-global-header-display":"","ast-banner-title-visibility":"","ast-main-header-display":"","ast-hfb-above-header-display":"","ast-hfb-below-header-display":"","ast-hfb-mobile-header-display":"","site-post-title":"disabled","ast-breadcrumbs-content":"disabled","ast-featured-img":"disabled","footer-sml-layout":"","theme-transparent-header-meta":"","adv-header-id-meta":"","stick-header-meta":"","header-above-stick-meta":"","header-main-stick-meta":"","header-below-stick-meta":"","astra-migrate-meta-layouts":"default","ast-page-background-enabled":"default","ast-page-background-meta":{"desktop":{"background-color":"var(--ast-global-color-4)","background-image":"","background-repeat":"repeat","background-position":"center center","background-size":"auto","background-attachment":"scroll","background-type":"","background-media":"","overlay-type":"","overlay-color":"","overlay-opacity":"","overlay-gradient":""},"tablet":{"background-color":"","background-image":"","background-repeat":"repeat","background-position":"center center","background-size":"auto","background-attachment":"scroll","background-type":"","background-media":"","overlay-type":"","overlay-color":"","overlay-opacity":"","overlay-gradient":""},"mobile":{"background-color":"","background-image":"","background-repeat":"repeat","background-position":"center center","background-size":"auto","background-attachment":"scroll","background-type":"","background-media":"","overlay-type":"","overlay-color":"","overlay-opacity":"","overlay-gradient":""}},"ast-content-background-meta":{"desktop":{"background-color":"var(--ast-global-color-5)","background-image":"","background-repeat":"repeat","background-position":"center center","background-size":"auto","background-attachment":"scroll","background-type":"","background-media":"","overlay-type":"","overlay-color":"","overlay-opacity":"","overlay-gradient":""},"tablet":{"background-color":"var(--ast-global-color-5)","background-image":"","background-repeat":"repeat","background-position":"center center","background-size":"auto","background-attachment":"scroll","background-type":"","background-media":"","overlay-type":"","overlay-color":"","overlay-opacity":"","overlay-gradient":""},"mobile":{"background-color":"var(--ast-global-color-5)","background-image":"","background-repeat":"repeat","background-position":"center center","background-size":"auto","background-attachment":"scroll","background-type":"","background-media":"","overlay-type":"","overlay-color":"","overlay-opacity":"","overlay-gradient":""}},"footnotes":""},"folder":[],"class_list":["post-3809","page","type-page","status-publish","has-post-thumbnail","hentry"],"_links":{"self":[{"href":"https:\/\/kinez.ee\/shop\/et\/wp-json\/wp\/v2\/pages\/3809","targetHints":{"allow":["GET"]}}],"collection":[{"href":"https:\/\/kinez.ee\/shop\/et\/wp-json\/wp\/v2\/pages"}],"about":[{"href":"https:\/\/kinez.ee\/shop\/et\/wp-json\/wp\/v2\/types\/page"}],"author":[{"embeddable":true,"href":"https:\/\/kinez.ee\/shop\/et\/wp-json\/wp\/v2\/users\/1"}],"replies":[{"embeddable":true,"href":"https:\/\/kinez.ee\/shop\/et\/wp-json\/wp\/v2\/comments?post=3809"}],"version-history":[{"count":22,"href":"https:\/\/kinez.ee\/shop\/et\/wp-json\/wp\/v2\/pages\/3809\/revisions"}],"predecessor-version":[{"id":3832,"href":"https:\/\/kinez.ee\/shop\/et\/wp-json\/wp\/v2\/pages\/3809\/revisions\/3832"}],"wp:featuredmedia":[{"embeddable":true,"href":"https:\/\/kinez.ee\/shop\/et\/wp-json\/wp\/v2\/media\/2967"}],"wp:attachment":[{"href":"https:\/\/kinez.ee\/shop\/et\/wp-json\/wp\/v2\/media?parent=3809"}],"wp:term":[{"taxonomy":"folder","embeddable":true,"href":"https:\/\/kinez.ee\/shop\/et\/wp-json\/wp\/v2\/folder?post=3809"}],"curies":[{"name":"wp","href":"https:\/\/api.w.org\/{rel}","templated":true}]}}