{"id":3833,"date":"2025-10-09T18:01:46","date_gmt":"2025-10-09T18:01:46","guid":{"rendered":"https:\/\/kinez.ee\/shop\/privacy-policy\/"},"modified":"2025-11-02T17:11:34","modified_gmt":"2025-11-02T17:11:34","slug":"privaatsuspoliitika","status":"publish","type":"page","link":"https:\/\/kinez.ee\/shop\/et\/privaatsuspoliitika\/","title":{"rendered":"Privaatsuspoliitika"},"content":{"rendered":"\t\t<div data-elementor-type=\"wp-page\" data-elementor-id=\"3833\" class=\"elementor elementor-3833 elementor-2987\">\n\t\t\t\t<div class=\"elementor-element elementor-element-54c74f8 e-flex e-con-boxed e-con e-parent\" data-id=\"54c74f8\" data-element_type=\"container\">\n\t\t\t\t\t<div class=\"e-con-inner\">\n\t\t\t\t<div class=\"elementor-element elementor-element-8da720b elementor-widget elementor-widget-text-editor\" data-id=\"8da720b\" data-element_type=\"widget\" data-widget_type=\"text-editor.default\">\n\t\t\t\t<div class=\"elementor-widget-container\">\n\t\t\t\t\t\t\t\t\t<h1>Privaatsuspoliitika<\/h1><p>DOCTOR KINEZ O\u00dc (registrikood 14712827, Harju maakond, Tallinn, Kesklinna linnaosa, Kaupmehe tn 7, 10114, Eesti) austab teie privaatsust ja kohustub kaitsma teie isikuandmeid vastavalt Euroopa Liidu \u00fcldisele andmekaitsem\u00e4\u00e4rusele (GDPR).<\/p><h4>1. Milliseid andmeid me kogume<\/h4><p>Me v\u00f5ime koguda j\u00e4rgmisi andmeid:<br \/>\u25cf Kontaktandmed: ees- ja perekonnanimi, e-posti aadress, telefoninumber<br \/>\u25cf Tellimuste andmed: tooted ja teenused, ostuajalugu, eelistused<br \/>\u25cf Tehnilised andmed: IP-aadress, brauseri t\u00fc\u00fcp, k\u00fcpsiste info<br \/>\u25cf Andmed, mida te vabatahtlikult esitate veebivormide kaudu v\u00f5i uudiskirjaga liitudes<\/p><h4>2. Andmete t\u00f6\u00f6tlemise eesm\u00e4rgid<\/h4><p>Teie andmeid kasutatakse j\u00e4rgmistel eesm\u00e4rkidel:<br \/>\u25cf Tellimuste t\u00f6\u00f6tlemine ja teenuste osutamine<br \/>\u25cf Kliendisuhtlus toodete, konsultatsioonide ja koost\u00f6\u00f6 teemadel<br \/>\u25cf Veebilehe ja teeninduse kvaliteedi parandamine<br \/>\u25cf Ettev\u00f5tte juriidiliste kohustuste t\u00e4itmine<\/p><h4>3. Andmete t\u00f6\u00f6tlemise alused<\/h4><p>Isikuandmete t\u00f6\u00f6tlemine toimub j\u00e4rgmistel alustel:<br \/>\u25cf Teie n\u00f5usolek<br \/>\u25cf Lepingu t\u00e4itmise vajadus<br \/>\u25cf Juriidilised kohustused<br \/>\u25cf Ettev\u00f5tte \u00f5igustatud huvid (nt teenuse parendamine, turu-uuringud)<\/p><h4>4. Andmete s\u00e4ilitamine<\/h4><p>Isikuandmeid s\u00e4ilitatakse ainult nii kaua, kui see on vajalik t\u00f6\u00f6tlemise eesm\u00e4rkide saavutamiseks v\u00f5i vastavalt seadusest tulenevatele n\u00f5uetele.<\/p><h4>5. Kasutaja \u00f5igused<\/h4><p>Teil on \u00f5igus:<br \/>\u25cf Taotleda juurdep\u00e4\u00e4su oma andmetele<br \/>\u25cf Parandada v\u00f5i kustutada andmeid<br \/>\u25cf Piirata andmete t\u00f6\u00f6tlemist<br \/>\u25cf Esitada vastuv\u00e4iteid t\u00f6\u00f6tlemise suhtes<br \/>\u25cf Taotleda andmete \u00fclekandmist teisele teenusepakkujale<br \/>\u25cf V\u00f5tta igal ajal tagasi oma n\u00f5usolek andmete t\u00f6\u00f6tlemiseks<br \/>Oma \u00f5iguste kasutamiseks v\u00f5tke meiega \u00fchendust:<\/p><p>(+372) 5553 3405<\/p><h4>6. K\u00fcpsised ja anal\u00fc\u00fctika<\/h4><p>Kasutame k\u00fcpsiseid ja sarnaseid tehnoloogiaid:<br \/>\u25cf Veebilehe toimimise parandamiseks<br \/>\u25cf K\u00fclastatavuse anal\u00fc\u00fcsimiseks<br \/>\u25cf Sisu ja reklaamide isikup\u00e4rastamiseks<br \/>K\u00fcpsiste kasutamist saate hallata oma brauseri seadetes.<\/p><h4>7. Andmete turvalisus<\/h4><p>Rakendame tehnilisi ja organisatsioonilisi meetmeid, et kaitsta andmeid volitamata juurdep\u00e4\u00e4su, kadumise v\u00f5i avalikustamise eest.<\/p><h4>8. Privaatsuspoliitika muudatused<\/h4><p>Privaatsuspoliitikat v\u00f5idakse uuendada. Muudatustest teavitame veebilehel, seet\u00f5ttu soovitame lehte regulaarselt k\u00fclastada.<\/p>\t\t\t\t\t\t\t\t<\/div>\n\t\t\t\t<\/div>\n\t\t\t\t\t<\/div>\n\t\t\t\t<\/div>\n\t\t\t\t<\/div>\n\t\t","protected":false},"excerpt":{"rendered":"<p>Privaatsuspoliitika DOCTOR KINEZ O\u00dc (registrikood 14712827, Harju maakond, Tallinn, Kesklinna linnaosa, Kaupmehe tn 7, 10114, Eesti) austab teie privaatsust ja kohustub kaitsma teie isikuandmeid vastavalt Euroopa Liidu \u00fcldisele andmekaitsem\u00e4\u00e4rusele (GDPR). 1. Milliseid andmeid me kogume Me v\u00f5ime koguda j\u00e4rgmisi andmeid:\u25cf Kontaktandmed: ees- ja perekonnanimi, e-posti aadress, telefoninumber\u25cf Tellimuste andmed: tooted ja teenused, ostuajalugu, eelistused\u25cf Tehnilised [&hellip;]<\/p>\n","protected":false},"author":1,"featured_media":0,"parent":0,"menu_order":0,"comment_status":"closed","ping_status":"closed","template":"","meta":{"site-sidebar-layout":"no-sidebar","site-content-layout":"page-builder","ast-site-content-layout":"full-width-container","site-content-style":"default","site-sidebar-style":"default","ast-global-header-display":"","ast-banner-title-visibility":"","ast-main-header-display":"","ast-hfb-above-header-display":"","ast-hfb-below-header-display":"","ast-hfb-mobile-header-display":"","site-post-title":"disabled","ast-breadcrumbs-content":"disabled","ast-featured-img":"disabled","footer-sml-layout":"","theme-transparent-header-meta":"","adv-header-id-meta":"","stick-header-meta":"","header-above-stick-meta":"","header-main-stick-meta":"","header-below-stick-meta":"","astra-migrate-meta-layouts":"default","ast-page-background-enabled":"default","ast-page-background-meta":{"desktop":{"background-color":"var(--ast-global-color-4)","background-image":"","background-repeat":"repeat","background-position":"center center","background-size":"auto","background-attachment":"scroll","background-type":"","background-media":"","overlay-type":"","overlay-color":"","overlay-opacity":"","overlay-gradient":""},"tablet":{"background-color":"","background-image":"","background-repeat":"repeat","background-position":"center center","background-size":"auto","background-attachment":"scroll","background-type":"","background-media":"","overlay-type":"","overlay-color":"","overlay-opacity":"","overlay-gradient":""},"mobile":{"background-color":"","background-image":"","background-repeat":"repeat","background-position":"center center","background-size":"auto","background-attachment":"scroll","background-type":"","background-media":"","overlay-type":"","overlay-color":"","overlay-opacity":"","overlay-gradient":""}},"ast-content-background-meta":{"desktop":{"background-color":"var(--ast-global-color-5)","background-image":"","background-repeat":"repeat","background-position":"center center","background-size":"auto","background-attachment":"scroll","background-type":"","background-media":"","overlay-type":"","overlay-color":"","overlay-opacity":"","overlay-gradient":""},"tablet":{"background-color":"var(--ast-global-color-5)","background-image":"","background-repeat":"repeat","background-position":"center center","background-size":"auto","background-attachment":"scroll","background-type":"","background-media":"","overlay-type":"","overlay-color":"","overlay-opacity":"","overlay-gradient":""},"mobile":{"background-color":"var(--ast-global-color-5)","background-image":"","background-repeat":"repeat","background-position":"center center","background-size":"auto","background-attachment":"scroll","background-type":"","background-media":"","overlay-type":"","overlay-color":"","overlay-opacity":"","overlay-gradient":""}},"footnotes":""},"folder":[],"class_list":["post-3833","page","type-page","status-publish","hentry"],"_links":{"self":[{"href":"https:\/\/kinez.ee\/shop\/et\/wp-json\/wp\/v2\/pages\/3833","targetHints":{"allow":["GET"]}}],"collection":[{"href":"https:\/\/kinez.ee\/shop\/et\/wp-json\/wp\/v2\/pages"}],"about":[{"href":"https:\/\/kinez.ee\/shop\/et\/wp-json\/wp\/v2\/types\/page"}],"author":[{"embeddable":true,"href":"https:\/\/kinez.ee\/shop\/et\/wp-json\/wp\/v2\/users\/1"}],"replies":[{"embeddable":true,"href":"https:\/\/kinez.ee\/shop\/et\/wp-json\/wp\/v2\/comments?post=3833"}],"version-history":[{"count":4,"href":"https:\/\/kinez.ee\/shop\/et\/wp-json\/wp\/v2\/pages\/3833\/revisions"}],"predecessor-version":[{"id":3837,"href":"https:\/\/kinez.ee\/shop\/et\/wp-json\/wp\/v2\/pages\/3833\/revisions\/3837"}],"wp:attachment":[{"href":"https:\/\/kinez.ee\/shop\/et\/wp-json\/wp\/v2\/media?parent=3833"}],"wp:term":[{"taxonomy":"folder","embeddable":true,"href":"https:\/\/kinez.ee\/shop\/et\/wp-json\/wp\/v2\/folder?post=3833"}],"curies":[{"name":"wp","href":"https:\/\/api.w.org\/{rel}","templated":true}]}}