{"id":3843,"date":"2025-10-09T13:20:24","date_gmt":"2025-10-09T13:20:24","guid":{"rendered":"https:\/\/kinez.ee\/shop\/about-est\/"},"modified":"2025-11-02T17:26:11","modified_gmt":"2025-11-02T17:26:11","slug":"firmast","status":"publish","type":"page","link":"https:\/\/kinez.ee\/shop\/et\/firmast\/","title":{"rendered":"Firmast"},"content":{"rendered":"\t\t<div data-elementor-type=\"wp-page\" data-elementor-id=\"3843\" class=\"elementor elementor-3843 elementor-2884\">\n\t\t\t\t<div class=\"elementor-element elementor-element-7d5a19a3 e-flex e-con-boxed e-con e-parent\" data-id=\"7d5a19a3\" data-element_type=\"container\" data-settings=\"{&quot;background_background&quot;:&quot;classic&quot;}\">\n\t\t\t\t\t<div class=\"e-con-inner\">\n\t\t<div class=\"elementor-element elementor-element-41db86ba e-con-full e-flex e-con e-child\" data-id=\"41db86ba\" data-element_type=\"container\">\n\t\t\t\t<div class=\"elementor-element elementor-element-3e2e96c4 elementor-invisible elementor-widget elementor-widget-heading\" data-id=\"3e2e96c4\" data-element_type=\"widget\" data-settings=\"{&quot;_animation&quot;:&quot;fadeIn&quot;}\" data-widget_type=\"heading.default\">\n\t\t\t\t<div class=\"elementor-widget-container\">\n\t\t\t\t\t<h1 class=\"elementor-heading-title elementor-size-default\">Ettev\u00f5ttest<\/h1>\t\t\t\t<\/div>\n\t\t\t\t<\/div>\n\t\t\t\t<div class=\"elementor-element elementor-element-4ce51eda elementor-invisible elementor-widget elementor-widget-text-editor\" data-id=\"4ce51eda\" data-element_type=\"widget\" data-settings=\"{&quot;_animation&quot;:&quot;zoomIn&quot;}\" data-widget_type=\"text-editor.default\">\n\t\t\t\t<div class=\"elementor-widget-container\">\n\t\t\t\t\t\t\t\t\tDr. Kinez on kaasaegne meditsiini- ja kosmeetikaettev\u00f5te, mis tegutseb Balti riikides. \t\t\t\t\t\t\t\t<\/div>\n\t\t\t\t<\/div>\n\t\t\t\t<\/div>\n\t\t\t\t\t<\/div>\n\t\t\t\t<\/div>\n\t\t<div class=\"elementor-element elementor-element-6d3017eb e-flex e-con-boxed e-con e-parent\" data-id=\"6d3017eb\" data-element_type=\"container\" data-settings=\"{&quot;background_background&quot;:&quot;classic&quot;}\">\n\t\t\t\t\t<div class=\"e-con-inner\">\n\t\t<div class=\"elementor-element elementor-element-f9206b9 e-con-full e-flex e-con e-child\" data-id=\"f9206b9\" data-element_type=\"container\">\n\t\t\t\t<div class=\"elementor-element elementor-element-4afa4891 elementor-widget elementor-widget-image\" data-id=\"4afa4891\" data-element_type=\"widget\" data-widget_type=\"image.default\">\n\t\t\t\t<div class=\"elementor-widget-container\">\n\t\t\t\t\t\t\t\t\t\t\t\t\t\t\t<img fetchpriority=\"high\" decoding=\"async\" width=\"1024\" height=\"1024\" src=\"https:\/\/kinez.ee\/shop\/wp-content\/uploads\/about.jpg\" class=\"attachment-full size-full wp-image-2929\" alt=\"\" srcset=\"https:\/\/kinez.ee\/shop\/wp-content\/uploads\/about.jpg 1024w, https:\/\/kinez.ee\/shop\/wp-content\/uploads\/about-300x300.jpg 300w, https:\/\/kinez.ee\/shop\/wp-content\/uploads\/about-150x150.jpg 150w, https:\/\/kinez.ee\/shop\/wp-content\/uploads\/about-768x768.jpg 768w, https:\/\/kinez.ee\/shop\/wp-content\/uploads\/about-600x600.jpg 600w, https:\/\/kinez.ee\/shop\/wp-content\/uploads\/about-100x100.jpg 100w\" sizes=\"(max-width: 1024px) 100vw, 1024px\" \/>\t\t\t\t\t\t\t\t\t\t\t\t\t\t\t<\/div>\n\t\t\t\t<\/div>\n\t\t\t\t<\/div>\n\t\t<div class=\"elementor-element elementor-element-76e4f98c e-con-full e-flex e-con e-child\" data-id=\"76e4f98c\" data-element_type=\"container\">\n\t\t\t\t<div class=\"elementor-element elementor-element-3a87e6a6 elementor-widget elementor-widget-text-editor\" data-id=\"3a87e6a6\" data-element_type=\"widget\" data-widget_type=\"text-editor.default\">\n\t\t\t\t<div class=\"elementor-widget-container\">\n\t\t\t\t\t\t\t\t\t<p>Me \u00fchendame professionaalsed lahendused kliinikutele ja kosmeetika keskustele ning kvaliteetsed tooted koduseks hoolduseks.<\/p><p>Meie missioon on muuta t\u00f5husad ja ohutud ilutehnoloogiad k\u00e4ttesaadavaks nii spetsialistidele kui ka eraklientidele.<\/p>\t\t\t\t\t\t\t\t<\/div>\n\t\t\t\t<\/div>\n\t\t\t\t<div class=\"elementor-element elementor-element-73a3a03d elementor-widget elementor-widget-text-editor\" data-id=\"73a3a03d\" data-element_type=\"widget\" data-widget_type=\"text-editor.default\">\n\t\t\t\t<div class=\"elementor-widget-container\">\n\t\t\t\t\t\t\t\t\t<h2>Mida me pakume?<\/h2><h3>Professionaalidele<\/h3><ul><li>Oleme WONTECHi ametlik edasim\u00fc\u00fcja.<\/li><li>OLIGIO seadme eksklusiivne esindaja Eestis, L\u00e4tis ja Leedus. Loe l\u00e4hemalt seadme kohta: <a href=\"https:\/\/kinez.ee\/shop\/et\/oligio\/\">Oligio<\/a><\/li><li>Pakume koolitusi, tuge ja hooldusteenuseid meditsiini- ja esteetikakeskustele.<\/li><li>Loe rohkem koost\u00f6\u00f6v\u00f5imaluste kohta ja v\u00f5ta meiega \u00fchendust: <a href=\"https:\/\/kinez.ee\/shop\/et\/partnership\/\">Partnership<\/a><\/li><\/ul><h3>Eraklientidele<\/h3><ul><li>Meie e-poes on saadaval sertifitseeritud kosmeetika ja hooldustooted.<\/li><li>Pakume lahendusi naha tervise hoidmiseks ja salongiprotseduuride tulemuste pikendamiseks.<\/li><\/ul>\t\t\t\t\t\t\t\t<\/div>\n\t\t\t\t<\/div>\n\t\t\t\t<\/div>\n\t\t\t\t\t<\/div>\n\t\t\t\t<\/div>\n\t\t<div class=\"elementor-element elementor-element-1e6c5636 e-grid e-con-boxed e-con e-parent\" data-id=\"1e6c5636\" data-element_type=\"container\">\n\t\t\t\t\t<div class=\"e-con-inner\">\n\t\t\t\t<div class=\"elementor-element elementor-element-ff631ab elementor-widget-divider--view-line elementor-widget elementor-widget-divider\" data-id=\"ff631ab\" data-element_type=\"widget\" data-widget_type=\"divider.default\">\n\t\t\t\t<div class=\"elementor-widget-container\">\n\t\t\t\t\t\t\t<div class=\"elementor-divider\">\n\t\t\t<span class=\"elementor-divider-separator\">\n\t\t\t\t\t\t<\/span>\n\t\t<\/div>\n\t\t\t\t\t\t<\/div>\n\t\t\t\t<\/div>\n\t\t\t\t\t<\/div>\n\t\t\t\t<\/div>\n\t\t<div class=\"elementor-element elementor-element-1c22d506 e-con-full e-flex e-con e-parent\" data-id=\"1c22d506\" data-element_type=\"container\">\n\t\t<div class=\"elementor-element elementor-element-20fae535 e-grid e-con-boxed e-con e-child\" data-id=\"20fae535\" data-element_type=\"container\">\n\t\t\t\t\t<div class=\"e-con-inner\">\n\t\t\t\t<div class=\"elementor-element elementor-element-56590e20 elementor-widget elementor-widget-image\" data-id=\"56590e20\" data-element_type=\"widget\" data-widget_type=\"image.default\">\n\t\t\t\t<div class=\"elementor-widget-container\">\n\t\t\t\t\t\t\t\t\t\t\t\t\t\t\t\t<a href=\"https:\/\/kinez.ee\/shop\/wp-content\/uploads\/cert-1-pdf.pdf\">\n\t\t\t\t\t\t\t<img decoding=\"async\" width=\"212\" height=\"300\" src=\"https:\/\/kinez.ee\/shop\/wp-content\/uploads\/cert-1-212x300.png\" class=\"attachment-medium size-medium wp-image-1738\" alt=\"\" srcset=\"https:\/\/kinez.ee\/shop\/wp-content\/uploads\/cert-1-212x300.png 212w, https:\/\/kinez.ee\/shop\/wp-content\/uploads\/cert-1-724x1024.png 724w, https:\/\/kinez.ee\/shop\/wp-content\/uploads\/cert-1-768x1086.png 768w, https:\/\/kinez.ee\/shop\/wp-content\/uploads\/cert-1-600x849.png 600w, https:\/\/kinez.ee\/shop\/wp-content\/uploads\/cert-1.png 840w\" sizes=\"(max-width: 212px) 100vw, 212px\" \/>\t\t\t\t\t\t\t\t<\/a>\n\t\t\t\t\t\t\t\t\t\t\t\t\t\t\t<\/div>\n\t\t\t\t<\/div>\n\t\t\t\t<div class=\"elementor-element elementor-element-4cf6117f elementor-widget elementor-widget-image\" data-id=\"4cf6117f\" data-element_type=\"widget\" data-widget_type=\"image.default\">\n\t\t\t\t<div class=\"elementor-widget-container\">\n\t\t\t\t\t\t\t\t\t\t\t\t\t\t\t\t<a href=\"https:\/\/kinez.ee\/shop\/wp-content\/uploads\/cert-2-pdf.pdf\">\n\t\t\t\t\t\t\t<img decoding=\"async\" width=\"1000\" height=\"708\" src=\"https:\/\/kinez.ee\/shop\/wp-content\/uploads\/cert-2.png\" class=\"attachment-large size-large wp-image-1741\" alt=\"\" srcset=\"https:\/\/kinez.ee\/shop\/wp-content\/uploads\/cert-2.png 1000w, https:\/\/kinez.ee\/shop\/wp-content\/uploads\/cert-2-300x212.png 300w, https:\/\/kinez.ee\/shop\/wp-content\/uploads\/cert-2-768x544.png 768w, https:\/\/kinez.ee\/shop\/wp-content\/uploads\/cert-2-600x425.png 600w\" sizes=\"(max-width: 1000px) 100vw, 1000px\" \/>\t\t\t\t\t\t\t\t<\/a>\n\t\t\t\t\t\t\t\t\t\t\t\t\t\t\t<\/div>\n\t\t\t\t<\/div>\n\t\t\t\t<div class=\"elementor-element elementor-element-5af7a54e elementor-widget elementor-widget-image\" data-id=\"5af7a54e\" data-element_type=\"widget\" data-widget_type=\"image.default\">\n\t\t\t\t<div class=\"elementor-widget-container\">\n\t\t\t\t\t\t\t\t\t\t\t\t\t\t\t\t<a href=\"https:\/\/kinez.ee\/shop\/wp-content\/uploads\/cert.jpg\" data-elementor-open-lightbox=\"yes\" data-elementor-lightbox-title=\"cert\" data-e-action-hash=\"#elementor-action%3Aaction%3Dlightbox%26settings%3DeyJpZCI6MTQ4NCwidXJsIjoiaHR0cHM6XC9cL2tpbmV6LmVlXC9zaG9wXC93cC1jb250ZW50XC91cGxvYWRzXC9jZXJ0LmpwZyJ9\">\n\t\t\t\t\t\t\t<img loading=\"lazy\" decoding=\"async\" width=\"1024\" height=\"850\" src=\"https:\/\/kinez.ee\/shop\/wp-content\/uploads\/cert-1024x850.jpg\" class=\"attachment-large size-large wp-image-1484\" alt=\"\" srcset=\"https:\/\/kinez.ee\/shop\/wp-content\/uploads\/cert-1024x850.jpg 1024w, https:\/\/kinez.ee\/shop\/wp-content\/uploads\/cert-300x249.jpg 300w, https:\/\/kinez.ee\/shop\/wp-content\/uploads\/cert-768x637.jpg 768w, https:\/\/kinez.ee\/shop\/wp-content\/uploads\/cert-600x498.jpg 600w, https:\/\/kinez.ee\/shop\/wp-content\/uploads\/cert.jpg 1280w\" sizes=\"(max-width: 1024px) 100vw, 1024px\" \/>\t\t\t\t\t\t\t\t<\/a>\n\t\t\t\t\t\t\t\t\t\t\t\t\t\t\t<\/div>\n\t\t\t\t<\/div>\n\t\t\t\t\t<\/div>\n\t\t\t\t<\/div>\n\t\t\t\t<\/div>\n\t\t\t\t<\/div>\n\t\t","protected":false},"excerpt":{"rendered":"<p>Ettev\u00f5ttest Dr. Kinez on kaasaegne meditsiini- ja kosmeetikaettev\u00f5te, mis tegutseb Balti riikides. Me \u00fchendame professionaalsed lahendused kliinikutele ja kosmeetika keskustele ning kvaliteetsed tooted koduseks hoolduseks. Meie missioon on muuta t\u00f5husad ja ohutud ilutehnoloogiad k\u00e4ttesaadavaks nii spetsialistidele kui ka eraklientidele. Mida me pakume? Professionaalidele Oleme WONTECHi ametlik edasim\u00fc\u00fcja. OLIGIO seadme eksklusiivne esindaja Eestis, L\u00e4tis ja Leedus. [&hellip;]<\/p>\n","protected":false},"author":1,"featured_media":0,"parent":0,"menu_order":0,"comment_status":"closed","ping_status":"closed","template":"elementor_theme","meta":{"site-sidebar-layout":"no-sidebar","site-content-layout":"page-builder","ast-site-content-layout":"full-width-container","site-content-style":"default","site-sidebar-style":"default","ast-global-header-display":"","ast-banner-title-visibility":"","ast-main-header-display":"","ast-hfb-above-header-display":"","ast-hfb-below-header-display":"","ast-hfb-mobile-header-display":"","site-post-title":"disabled","ast-breadcrumbs-content":"disabled","ast-featured-img":"disabled","footer-sml-layout":"","theme-transparent-header-meta":"enabled","adv-header-id-meta":"","stick-header-meta":"","header-above-stick-meta":"","header-main-stick-meta":"","header-below-stick-meta":"","astra-migrate-meta-layouts":"default","ast-page-background-enabled":"default","ast-page-background-meta":{"desktop":{"background-color":"var(--ast-global-color-4)","background-image":"","background-repeat":"repeat","background-position":"center center","background-size":"auto","background-attachment":"scroll","background-type":"","background-media":"","overlay-type":"","overlay-color":"","overlay-opacity":"","overlay-gradient":""},"tablet":{"background-color":"","background-image":"","background-repeat":"repeat","background-position":"center center","background-size":"auto","background-attachment":"scroll","background-type":"","background-media":"","overlay-type":"","overlay-color":"","overlay-opacity":"","overlay-gradient":""},"mobile":{"background-color":"","background-image":"","background-repeat":"repeat","background-position":"center center","background-size":"auto","background-attachment":"scroll","background-type":"","background-media":"","overlay-type":"","overlay-color":"","overlay-opacity":"","overlay-gradient":""}},"ast-content-background-meta":{"desktop":{"background-color":"var(--ast-global-color-5)","background-image":"","background-repeat":"repeat","background-position":"center center","background-size":"auto","background-attachment":"scroll","background-type":"","background-media":"","overlay-type":"","overlay-color":"","overlay-opacity":"","overlay-gradient":""},"tablet":{"background-color":"var(--ast-global-color-5)","background-image":"","background-repeat":"repeat","background-position":"center center","background-size":"auto","background-attachment":"scroll","background-type":"","background-media":"","overlay-type":"","overlay-color":"","overlay-opacity":"","overlay-gradient":""},"mobile":{"background-color":"var(--ast-global-color-5)","background-image":"","background-repeat":"repeat","background-position":"center center","background-size":"auto","background-attachment":"scroll","background-type":"","background-media":"","overlay-type":"","overlay-color":"","overlay-opacity":"","overlay-gradient":""}},"footnotes":""},"folder":[],"class_list":["post-3843","page","type-page","status-publish","hentry"],"_links":{"self":[{"href":"https:\/\/kinez.ee\/shop\/et\/wp-json\/wp\/v2\/pages\/3843","targetHints":{"allow":["GET"]}}],"collection":[{"href":"https:\/\/kinez.ee\/shop\/et\/wp-json\/wp\/v2\/pages"}],"about":[{"href":"https:\/\/kinez.ee\/shop\/et\/wp-json\/wp\/v2\/types\/page"}],"author":[{"embeddable":true,"href":"https:\/\/kinez.ee\/shop\/et\/wp-json\/wp\/v2\/users\/1"}],"replies":[{"embeddable":true,"href":"https:\/\/kinez.ee\/shop\/et\/wp-json\/wp\/v2\/comments?post=3843"}],"version-history":[{"count":8,"href":"https:\/\/kinez.ee\/shop\/et\/wp-json\/wp\/v2\/pages\/3843\/revisions"}],"predecessor-version":[{"id":3856,"href":"https:\/\/kinez.ee\/shop\/et\/wp-json\/wp\/v2\/pages\/3843\/revisions\/3856"}],"wp:attachment":[{"href":"https:\/\/kinez.ee\/shop\/et\/wp-json\/wp\/v2\/media?parent=3843"}],"wp:term":[{"taxonomy":"folder","embeddable":true,"href":"https:\/\/kinez.ee\/shop\/et\/wp-json\/wp\/v2\/folder?post=3843"}],"curies":[{"name":"wp","href":"https:\/\/api.w.org\/{rel}","templated":true}]}}