{"id":3988,"date":"2025-10-17T19:08:27","date_gmt":"2025-10-17T19:08:27","guid":{"rendered":"https:\/\/kinez.ee\/shop\/product\/red-food-mask-pack\/"},"modified":"2026-03-09T19:41:42","modified_gmt":"2026-03-09T19:41:42","slug":"red-food-mask-pack-3","status":"publish","type":"product","link":"https:\/\/kinez.ee\/shop\/et\/toode\/red-food-mask-pack-3\/","title":{"rendered":"RED FOOD MASK PACK"},"content":{"rendered":"<p>Taaselustav kollektsioon kuuest toitvast n\u00e4omaskist, mis on valmistatud punaste puuviljade ekstraktide ja looduslike koostisosadega, et taastada s\u00e4ra ja niiskus. Iga mask on suunatud tuhmunud, v\u00e4sinud v\u00f5i deh\u00fcdreeritud nahale ning pakub tugevat antioks\u00fcdantset kaitset.<\/p>\n<p>Aktiivsed koostisosad:<br \/>\n&#8211; Punaste puuviljade ekstraktid (C-vitamiin, antioks\u00fcdandid)<br \/>\n&#8211; L\u00f5hemari ekstrakt (elastsus, regeneratsioon)<br \/>\n&#8211; Pajukoor + h\u00fcaluroonhape + betaiin (niisutus, tasakaal)<\/p>\n<p>Peamised omadused:<br \/>\n&#8211; S\u00fcgav toitumine ja niisutus<br \/>\n&#8211; Heledus ja \u00fchtlane nahatoonus<br \/>\n&#8211; Antioks\u00fcdantne kaitse vabade radikaalide vastu<br \/>\n&#8211; Sobib kuivale, tundlikule ja tuhmunud nahale<\/p>\n","protected":false},"excerpt":{"rendered":"<p>6 maski (Kirss, Peet, Tomat, Granaat\u00f5un, Vaarikas, L\u00f5he). Nahaprobleemid \u2014 kuivus, tundlikkus, tuhmunud nahk<\/p>\n","protected":false},"featured_media":3405,"comment_status":"open","ping_status":"closed","template":"","meta":{"site-sidebar-layout":"default","site-content-layout":"","ast-site-content-layout":"default","site-content-style":"default","site-sidebar-style":"default","ast-global-header-display":"","ast-banner-title-visibility":"","ast-main-header-display":"","ast-hfb-above-header-display":"","ast-hfb-below-header-display":"","ast-hfb-mobile-header-display":"","site-post-title":"","ast-breadcrumbs-content":"","ast-featured-img":"","footer-sml-layout":"","theme-transparent-header-meta":"default","adv-header-id-meta":"","stick-header-meta":"","header-above-stick-meta":"","header-main-stick-meta":"","header-below-stick-meta":"","astra-migrate-meta-layouts":"set","ast-page-background-enabled":"default","ast-page-background-meta":{"desktop":{"background-color":"var(--ast-global-color-4)","background-image":"","background-repeat":"repeat","background-position":"center center","background-size":"auto","background-attachment":"scroll","background-type":"","background-media":"","overlay-type":"","overlay-color":"","overlay-opacity":"","overlay-gradient":""},"tablet":{"background-color":"","background-image":"","background-repeat":"repeat","background-position":"center center","background-size":"auto","background-attachment":"scroll","background-type":"","background-media":"","overlay-type":"","overlay-color":"","overlay-opacity":"","overlay-gradient":""},"mobile":{"background-color":"","background-image":"","background-repeat":"repeat","background-position":"center center","background-size":"auto","background-attachment":"scroll","background-type":"","background-media":"","overlay-type":"","overlay-color":"","overlay-opacity":"","overlay-gradient":""}},"ast-content-background-meta":{"desktop":{"background-color":"var(--ast-global-color-5)","background-image":"","background-repeat":"repeat","background-position":"center center","background-size":"auto","background-attachment":"scroll","background-type":"","background-media":"","overlay-type":"","overlay-color":"","overlay-opacity":"","overlay-gradient":""},"tablet":{"background-color":"var(--ast-global-color-5)","background-image":"","background-repeat":"repeat","background-position":"center center","background-size":"auto","background-attachment":"scroll","background-type":"","background-media":"","overlay-type":"","overlay-color":"","overlay-opacity":"","overlay-gradient":""},"mobile":{"background-color":"var(--ast-global-color-5)","background-image":"","background-repeat":"repeat","background-position":"center center","background-size":"auto","background-attachment":"scroll","background-type":"","background-media":"","overlay-type":"","overlay-color":"","overlay-opacity":"","overlay-gradient":""}}},"product_brand":[121],"product_cat":[133,68,132],"product_tag":[],"class_list":{"0":"post-3988","1":"product","2":"type-product","3":"status-publish","4":"has-post-thumbnail","6":"product_brand-esfolio","7":"product_cat-komplektid","8":"product_cat-kosmeetika","9":"product_cat-maskid","10":"desktop-align-center","11":"tablet-align-center","12":"mobile-align-center","14":"first","15":"instock","16":"sale","17":"taxable","18":"shipping-taxable","19":"purchasable","20":"product-type-simple"},"_links":{"self":[{"href":"https:\/\/kinez.ee\/shop\/et\/wp-json\/wp\/v2\/product\/3988","targetHints":{"allow":["GET"]}}],"collection":[{"href":"https:\/\/kinez.ee\/shop\/et\/wp-json\/wp\/v2\/product"}],"about":[{"href":"https:\/\/kinez.ee\/shop\/et\/wp-json\/wp\/v2\/types\/product"}],"replies":[{"embeddable":true,"href":"https:\/\/kinez.ee\/shop\/et\/wp-json\/wp\/v2\/comments?post=3988"}],"wp:featuredmedia":[{"embeddable":true,"href":"https:\/\/kinez.ee\/shop\/et\/wp-json\/wp\/v2\/media\/3405"}],"wp:attachment":[{"href":"https:\/\/kinez.ee\/shop\/et\/wp-json\/wp\/v2\/media?parent=3988"}],"wp:term":[{"taxonomy":"product_brand","embeddable":true,"href":"https:\/\/kinez.ee\/shop\/et\/wp-json\/wp\/v2\/product_brand?post=3988"},{"taxonomy":"product_cat","embeddable":true,"href":"https:\/\/kinez.ee\/shop\/et\/wp-json\/wp\/v2\/product_cat?post=3988"},{"taxonomy":"product_tag","embeddable":true,"href":"https:\/\/kinez.ee\/shop\/et\/wp-json\/wp\/v2\/product_tag?post=3988"}],"curies":[{"name":"wp","href":"https:\/\/api.w.org\/{rel}","templated":true}]}}