{"id":3990,"date":"2025-10-06T18:28:06","date_gmt":"2025-10-06T18:28:06","guid":{"rendered":"https:\/\/kinez.ee\/shop\/product\/clabiane-lavijue-brightening-ampoule-15ml\/"},"modified":"2026-03-08T16:55:52","modified_gmt":"2026-03-08T16:55:52","slug":"clabiane-lavijue-brightening-ampoule-15ml-3","status":"publish","type":"product","link":"https:\/\/kinez.ee\/shop\/et\/toode\/clabiane-lavijue-brightening-ampoule-15ml-3\/","title":{"rendered":"Clabiane Lavijue Brightening Ampoule (15ml)"},"content":{"rendered":"<p>S\u00e4ra taastav toime tundlikule ja protseduurij\u00e4rgsele nahale<\/p>\n<p>Lavijue s\u00e4ra andev ampull on \u00fclit\u00f5hus protseduurij\u00e4rgne ampull, mille ohutus ja \u00e4rrituse puudumine on kliiniliselt testitud. See ampull, mis on v\u00e4lja t\u00f6\u00f6tatud t\u00e4iustatud liposomaalse manustamise ja biok\u00e4\u00e4ritatud pol\u00fcglutaamhappe (PGA) abil, tungib s\u00fcgavale nahka, et heledamaks muuta, niisutada ja toetada taastumist p\u00e4rast laserprotseduure v\u00f5i koorimisi.<\/p>\n<p>Peamised eelised<br \/>\n\u2714\ufe0f Heledab tuhmi ja eba\u00fchtlast nahatooni<br \/>\n\u2714\ufe0f V\u00e4hendab pigmentatsiooni ja tumedaid laike<br \/>\n\u2714\ufe0f S\u00fcgav niisutus sileda ja s\u00e4rava viimistlusega<br \/>\n\u2714\ufe0f Tugevdab nahabarj\u00e4\u00e4ri ja elastsust<br \/>\n\u2714\ufe0f Ohutu tundlikule nahale p\u00e4rast laserprotseduure<br \/>\n\u2714\ufe0f Liposoomitehnoloogia parema imendumise tagamiseks<\/p>\n<p>V\u00f5imsad toimeained<br \/>\n&#8211; Traneksaamhape (TXA): Pleegitab tumedaid laike ja hoiab \u00e4ra pigmentatsiooni<br \/>\n&#8211; Glutatioon: Suurendab naha heledust ja antioks\u00fcdantide kaitset<br \/>\n&#8211; EGF\/FGF (kasvufaktorid): Edendab naha taastumist ja kollageeni<br \/>\n&#8211; PDRN (l\u00f5he DNA): Parandab ja noorendab kahjustatud nahka<br \/>\n&#8211; Naatriumh\u00fcaluronaat: S\u00fcgav niisutus ja t\u00e4idlasem<br \/>\n&#8211; Pol\u00fcglutaamhape (PGA): 6x elastsem kui kollageen, 5x niisutavam kui h\u00fcaluroonhape (patent nr &#8230; 0582120)<\/p>\n<p>Kasutamine<br \/>\nLaserprotseduuri j\u00e4rgne hooldus: Kliiniliselt t\u00f5estatud, et see ei p\u00f5hjusta \u00e4rritust.<br \/>\nIgap\u00e4evane kasutamine: Kasutage 1 ampulli n\u00e4dalas 3 n\u00e4dala jooksul.<br \/>\nKandke 1\u20132 pumpamist puhtale nahale hommikul ja \u00f5htul.<br \/>\nParemate tulemuste saavutamiseks kasutage seej\u00e4rel Clabiane Acu-Derm kreemi.<\/p>\n","protected":false},"excerpt":{"rendered":"<p>Valem sisaldab traneksaamhapet (TXA), PDRN-i, EGF-i, FGF-i, naatriumh\u00fcaluronaati, pol\u00fcglutaamhapet (PGA) ja glutatiooni, mis aitavad kaasa s\u00e4ravama ja \u00fchtlasema jume saavutamisele, samal ajal s\u00fcgavuti niisutades ja parandades naha \u00fcldist tervist. V\u00e4hendab melaniini taset, s\u00e4rav ja \u00fchtlane jume, intensiivne niisutus, stimuleerib rakkude kasvu, ahendab poore, tugevdab nahka.<\/p>\n","protected":false},"featured_media":2654,"comment_status":"open","ping_status":"closed","template":"","meta":{"site-sidebar-layout":"default","site-content-layout":"","ast-site-content-layout":"default","site-content-style":"default","site-sidebar-style":"default","ast-global-header-display":"","ast-banner-title-visibility":"","ast-main-header-display":"","ast-hfb-above-header-display":"","ast-hfb-below-header-display":"","ast-hfb-mobile-header-display":"","site-post-title":"","ast-breadcrumbs-content":"","ast-featured-img":"","footer-sml-layout":"","theme-transparent-header-meta":"default","adv-header-id-meta":"","stick-header-meta":"","header-above-stick-meta":"","header-main-stick-meta":"","header-below-stick-meta":"","astra-migrate-meta-layouts":"set","ast-page-background-enabled":"default","ast-page-background-meta":{"desktop":{"background-color":"var(--ast-global-color-4)","background-image":"","background-repeat":"repeat","background-position":"center center","background-size":"auto","background-attachment":"scroll","background-type":"","background-media":"","overlay-type":"","overlay-color":"","overlay-opacity":"","overlay-gradient":""},"tablet":{"background-color":"","background-image":"","background-repeat":"repeat","background-position":"center center","background-size":"auto","background-attachment":"scroll","background-type":"","background-media":"","overlay-type":"","overlay-color":"","overlay-opacity":"","overlay-gradient":""},"mobile":{"background-color":"","background-image":"","background-repeat":"repeat","background-position":"center center","background-size":"auto","background-attachment":"scroll","background-type":"","background-media":"","overlay-type":"","overlay-color":"","overlay-opacity":"","overlay-gradient":""}},"ast-content-background-meta":{"desktop":{"background-color":"var(--ast-global-color-5)","background-image":"","background-repeat":"repeat","background-position":"center center","background-size":"auto","background-attachment":"scroll","background-type":"","background-media":"","overlay-type":"","overlay-color":"","overlay-opacity":"","overlay-gradient":""},"tablet":{"background-color":"var(--ast-global-color-5)","background-image":"","background-repeat":"repeat","background-position":"center center","background-size":"auto","background-attachment":"scroll","background-type":"","background-media":"","overlay-type":"","overlay-color":"","overlay-opacity":"","overlay-gradient":""},"mobile":{"background-color":"var(--ast-global-color-5)","background-image":"","background-repeat":"repeat","background-position":"center center","background-size":"auto","background-attachment":"scroll","background-type":"","background-media":"","overlay-type":"","overlay-color":"","overlay-opacity":"","overlay-gradient":""}}},"product_brand":[160],"product_cat":[68,130],"product_tag":[],"class_list":{"0":"post-3990","1":"product","2":"type-product","3":"status-publish","4":"has-post-thumbnail","6":"product_brand-clabiane","7":"product_cat-kosmeetika","8":"product_cat-naohooldus","9":"desktop-align-center","10":"tablet-align-center","11":"mobile-align-center","13":"first","14":"instock","15":"sale","16":"taxable","17":"shipping-taxable","18":"purchasable","19":"product-type-simple"},"_links":{"self":[{"href":"https:\/\/kinez.ee\/shop\/et\/wp-json\/wp\/v2\/product\/3990","targetHints":{"allow":["GET"]}}],"collection":[{"href":"https:\/\/kinez.ee\/shop\/et\/wp-json\/wp\/v2\/product"}],"about":[{"href":"https:\/\/kinez.ee\/shop\/et\/wp-json\/wp\/v2\/types\/product"}],"replies":[{"embeddable":true,"href":"https:\/\/kinez.ee\/shop\/et\/wp-json\/wp\/v2\/comments?post=3990"}],"wp:featuredmedia":[{"embeddable":true,"href":"https:\/\/kinez.ee\/shop\/et\/wp-json\/wp\/v2\/media\/2654"}],"wp:attachment":[{"href":"https:\/\/kinez.ee\/shop\/et\/wp-json\/wp\/v2\/media?parent=3990"}],"wp:term":[{"taxonomy":"product_brand","embeddable":true,"href":"https:\/\/kinez.ee\/shop\/et\/wp-json\/wp\/v2\/product_brand?post=3990"},{"taxonomy":"product_cat","embeddable":true,"href":"https:\/\/kinez.ee\/shop\/et\/wp-json\/wp\/v2\/product_cat?post=3990"},{"taxonomy":"product_tag","embeddable":true,"href":"https:\/\/kinez.ee\/shop\/et\/wp-json\/wp\/v2\/product_tag?post=3990"}],"curies":[{"name":"wp","href":"https:\/\/api.w.org\/{rel}","templated":true}]}}