{"id":3992,"date":"2025-10-06T18:28:06","date_gmt":"2025-10-06T18:28:06","guid":{"rendered":"https:\/\/kinez.ee\/shop\/product\/clabiane-lavijue-wrinkle-care-ampoule-3x15ml\/"},"modified":"2026-03-08T16:55:52","modified_gmt":"2026-03-08T16:55:52","slug":"clabiane-lavijue-wrinkle-care-ampoule-3x15ml-3","status":"publish","type":"product","link":"https:\/\/kinez.ee\/shop\/et\/toode\/clabiane-lavijue-wrinkle-care-ampoule-3x15ml-3\/","title":{"rendered":"Clabiane Lavijue Wrinkle Care Ampoule (3x15ml)"},"content":{"rendered":"<p>T\u00e4iustatud kortsude hooldus ja naha pinguldamine CLABIANE Lavijue ampulliga<br \/>\nKogege n\u00e4htavat pinguldavat ja vananemisvastast toimet selle h\u00fcpoallergeense ampulliga. K\u00f5rge puhtusastmega kasvufaktorite, peptiidide ja PDRN-iga loodud koostis aitab siluda peeneid jooni, pinguldada l\u00f5tvunud nahka ja niisutada s\u00fcgavuti \u2013 toetades samal ajal tundlikku nahka.<\/p>\n<p>Peamised eelised<br \/>\nV\u00e4hendab kortse ja peeneid jooni<br \/>\nT\u00f5stab ja pinguldab l\u00f5tvunud nahka<br \/>\nAhendab poore ja t\u00e4iustab naha tekstuuri<br \/>\nToetab rakkude uuenemist ja tugevdab nahabarj\u00e4\u00e4ri<br \/>\nS\u00fcgav niisutus naatriumh\u00fcaluronaadi ja PGA-ga<br \/>\nOhutu tundlikule nahale ja kasutamiseks p\u00e4rast protseduuri<\/p>\n<p>Peamised koostisosad<br \/>\n&#8211; Atset\u00fc\u00fclheksapeptiid-8 &#8211; &#8220;Botoxi-laadne&#8221; peptiid, mis on suunatud miimikajoontele<br \/>\n&#8211; PDRN &#8211; Stimuleerib naha uuenemist ja paranemist<br \/>\n&#8211; Traneksaamhape (TXA) &#8211; Heledab ja \u00fchtlustab nahatooni<br \/>\n&#8211; EGF \/ FGF &#8211; Toetab kollageeni tootmist ja naha taastumist<br \/>\n&#8211; Naatriumh\u00fcaluronaat &#8211; S\u00fcgav niisutus ja pringim\u00e4\u00e4rmus<br \/>\n&#8211; Pol\u00fcglutaamhape (PGA) &#8211; Parandab niiskuse s\u00e4ilitamist ja naha vastupidavust<br \/>\n&#8211; Liposoomide manustamine &#8211; Maksimeerib imendumist ja koostisosade efektiivsust<\/p>\n<p>Kuidas Kasutamine<br \/>\nKandke 1\u20132 pumpamist puhtale ja kuivale nahale (keskendudes kortsudele v\u00f5i l\u00f5tvunud nahale)<br \/>\nKasutage hommikul ja \u00f5htul<br \/>\nP\u00e4rast laser- v\u00f5i MTS-protseduure kandke peale j\u00e4relhooldusvahendina<br \/>\nSoovitatav rutiin: 1 ampull n\u00e4dalas 3 n\u00e4dala jooksul<br \/>\nParemate tulemuste saavutamiseks kasutage seej\u00e4rel CLABIANE Acu-Derm kreemi<\/p>\n","protected":false},"excerpt":{"rendered":"<p>H\u00fcpoallergeenne ja kliiniliselt testitud | Eesm\u00e4rk &#8211; Vananevale ja l\u00f5tvunud nahale<br \/>\nLiposomaalsed koostisosad suurendavad naha l\u00e4bilaskvust, pakkudes kortsudevastast hooldust ja naha niisutust. Atset\u00fc\u00fclheksapeptiid-8, EGF, FGF ja PDRN tugevdavad nahka ja parandavad selle seisundit. Botoxi efektiga peptiid.<\/p>\n","protected":false},"featured_media":2657,"comment_status":"open","ping_status":"closed","template":"","meta":{"site-sidebar-layout":"default","site-content-layout":"","ast-site-content-layout":"default","site-content-style":"default","site-sidebar-style":"default","ast-global-header-display":"","ast-banner-title-visibility":"","ast-main-header-display":"","ast-hfb-above-header-display":"","ast-hfb-below-header-display":"","ast-hfb-mobile-header-display":"","site-post-title":"","ast-breadcrumbs-content":"","ast-featured-img":"","footer-sml-layout":"","theme-transparent-header-meta":"","adv-header-id-meta":"","stick-header-meta":"","header-above-stick-meta":"","header-main-stick-meta":"","header-below-stick-meta":"","astra-migrate-meta-layouts":"default","ast-page-background-enabled":"default","ast-page-background-meta":{"desktop":{"background-color":"var(--ast-global-color-4)","background-image":"","background-repeat":"repeat","background-position":"center center","background-size":"auto","background-attachment":"scroll","background-type":"","background-media":"","overlay-type":"","overlay-color":"","overlay-opacity":"","overlay-gradient":""},"tablet":{"background-color":"","background-image":"","background-repeat":"repeat","background-position":"center center","background-size":"auto","background-attachment":"scroll","background-type":"","background-media":"","overlay-type":"","overlay-color":"","overlay-opacity":"","overlay-gradient":""},"mobile":{"background-color":"","background-image":"","background-repeat":"repeat","background-position":"center center","background-size":"auto","background-attachment":"scroll","background-type":"","background-media":"","overlay-type":"","overlay-color":"","overlay-opacity":"","overlay-gradient":""}},"ast-content-background-meta":{"desktop":{"background-color":"var(--ast-global-color-5)","background-image":"","background-repeat":"repeat","background-position":"center center","background-size":"auto","background-attachment":"scroll","background-type":"","background-media":"","overlay-type":"","overlay-color":"","overlay-opacity":"","overlay-gradient":""},"tablet":{"background-color":"var(--ast-global-color-5)","background-image":"","background-repeat":"repeat","background-position":"center center","background-size":"auto","background-attachment":"scroll","background-type":"","background-media":"","overlay-type":"","overlay-color":"","overlay-opacity":"","overlay-gradient":""},"mobile":{"background-color":"var(--ast-global-color-5)","background-image":"","background-repeat":"repeat","background-position":"center center","background-size":"auto","background-attachment":"scroll","background-type":"","background-media":"","overlay-type":"","overlay-color":"","overlay-opacity":"","overlay-gradient":""}}},"product_brand":[160],"product_cat":[133,68,130],"product_tag":[],"class_list":{"0":"post-3992","1":"product","2":"type-product","3":"status-publish","4":"has-post-thumbnail","6":"product_brand-clabiane","7":"product_cat-komplektid","8":"product_cat-kosmeetika","9":"product_cat-naohooldus","10":"desktop-align-center","11":"tablet-align-center","12":"mobile-align-center","14":"first","15":"instock","16":"sale","17":"taxable","18":"shipping-taxable","19":"purchasable","20":"product-type-simple"},"_links":{"self":[{"href":"https:\/\/kinez.ee\/shop\/et\/wp-json\/wp\/v2\/product\/3992","targetHints":{"allow":["GET"]}}],"collection":[{"href":"https:\/\/kinez.ee\/shop\/et\/wp-json\/wp\/v2\/product"}],"about":[{"href":"https:\/\/kinez.ee\/shop\/et\/wp-json\/wp\/v2\/types\/product"}],"replies":[{"embeddable":true,"href":"https:\/\/kinez.ee\/shop\/et\/wp-json\/wp\/v2\/comments?post=3992"}],"wp:featuredmedia":[{"embeddable":true,"href":"https:\/\/kinez.ee\/shop\/et\/wp-json\/wp\/v2\/media\/2657"}],"wp:attachment":[{"href":"https:\/\/kinez.ee\/shop\/et\/wp-json\/wp\/v2\/media?parent=3992"}],"wp:term":[{"taxonomy":"product_brand","embeddable":true,"href":"https:\/\/kinez.ee\/shop\/et\/wp-json\/wp\/v2\/product_brand?post=3992"},{"taxonomy":"product_cat","embeddable":true,"href":"https:\/\/kinez.ee\/shop\/et\/wp-json\/wp\/v2\/product_cat?post=3992"},{"taxonomy":"product_tag","embeddable":true,"href":"https:\/\/kinez.ee\/shop\/et\/wp-json\/wp\/v2\/product_tag?post=3992"}],"curies":[{"name":"wp","href":"https:\/\/api.w.org\/{rel}","templated":true}]}}