{"id":3998,"date":"2025-10-06T18:28:06","date_gmt":"2025-10-06T18:28:06","guid":{"rendered":"https:\/\/kinez.ee\/shop\/product\/noni-cinamon-haur-serum-150ml\/"},"modified":"2026-03-08T16:55:52","modified_gmt":"2026-03-08T16:55:52","slug":"noni-cinamon-haur-serum-150ml-3","status":"publish","type":"product","link":"https:\/\/kinez.ee\/shop\/et\/toode\/noni-cinamon-haur-serum-150ml-3\/","title":{"rendered":"Noni Cinamon Haur Serum (150ml)"},"content":{"rendered":"<p>Rafa Rophe Noni-Cinnamon juukseseerum on uuenduslik seerum juuste tugevdamiseks ja taastamiseks, mis sisaldab rohkelt noni- ja kaneeliekstrakte (72%). See looduslik koostis stimuleerib peanaha vereringet, toidab juuksefolliikuleid ja soodustab tugevate ja tervete juuste kasvu. Kahepoolne peanahahooldus. Selle ohutu koostis sobib kogu perele. See seerum v\u00e4rskendab ja tugevdab juuksejuuri, lisades juustele tugevust ja l\u00e4iget. Sobib igap\u00e4evaseks kasutamiseks, ei tee juukseid raskeks, j\u00e4ttes need v\u00e4rskeks ja kergeks.<\/p>\n<p>&#8211; Peanaha niisutus ja toitmine ohutute looduslike koostisosadega<br \/>\n&#8211; Intensiivne hooldus probleemsele peanahale ja niiskuse s\u00e4ilitamisele<br \/>\n&#8211; Rahustav toime \u00e4rritunud peanahale<br \/>\n&#8211; Toitev ja parem imendumine<br \/>\n&#8211; Rikkalikud f\u00fctokemikaalid ja antioks\u00fcdandid peanaha kaitsmiseks<br \/>\n&#8211; Intensiivne hooldus s\u00fcgeluse, k\u00f5\u00f5ma ja juuste v\u00e4ljalangemise korral<\/p>\n<p>Toimeained:<br \/>\n&#8211; Noni ekstrakt \u2013 rikas f\u00fctokemikaalide poolest, soodustab tervet rakkude jagunemist ja kaitseb peanahka.<br \/>\n&#8211; Kaneel \u2013 rikas toitainete ja pol\u00fcfenoolide poolest, eemaldab aktiivseid hapnikuradikaale, kaitseb peanahka ja ennetab probleeme.<br \/>\n&#8211; Elupuu\u00f5li on eeterlik \u00f5li f\u00fctontsiidse aroomiga, mis annab \u201emetsavanni\u201c efekti.<br \/>\n&#8211; Eukal\u00fcpti\u00f5li \u2013 taastab niiskuse ja \u00f5li tasakaalu, puhastab peanahka ja s\u00e4ilitab terved juuksed.<br \/>\n&#8211; Niatsiinamiid (vitamiin B3) \u2013 parandab peanaha kaitsefunktsiooni, aitab normaliseerida \u00e4rritust.<\/p>\n<p>Kasutusjuhend:<br \/>\n1. Pihusta seerumit peanahale, jaotades selle \u00fchtlaselt juuksevahedele.<br \/>\n2. Masseeri toodet peanahasse.<br \/>\n3. \u00c4ra loputa. Sobib igap\u00e4evaseks kasutamiseks.<\/p>\n<p>Soovitatav neile, kes:<br \/>\n1.\u2060 \u2060Kannatavad v\u00e4lise saaste all ja vajavad puhastamist.<br \/>\n2.\u2060 \u2060On kuiv ja s\u00fcgelev peanahk.<br \/>\n3.\u2060 \u2060Kogevad peanaha probleeme ja k\u00f5\u00f5ma.<br \/>\n4.\u2060 \u2060Soovivad terveid ja tugevaid juukseid.<br \/>\n5.\u2060 \u2060Kogevad ebamugavustunnet rasuse peanaha t\u00f5ttu.<br \/>\n6.\u2060 \u2060Kannatavad juuste v\u00e4ljalangemise, kahjustatud peanaha ja murdunud juuste all.<\/p>\n","protected":false},"excerpt":{"rendered":"<p>Kvaliteetne peanaha- ja juuksehooldus 72% noni- ja kaneeliekstraktiga. See uuenduslik seerum toidab peanahka, tugevdab juuksejuuri ja soodustab tervet kasvu. Kerge koostis v\u00e4rskendab peanahka j\u00e4\u00e4ke j\u00e4tmata, mist\u00f5ttu sobib see ideaalselt igap\u00e4evaseks kasutamiseks.<\/p>\n","protected":false},"featured_media":2666,"comment_status":"open","ping_status":"closed","template":"","meta":{"site-sidebar-layout":"default","site-content-layout":"","ast-site-content-layout":"default","site-content-style":"default","site-sidebar-style":"default","ast-global-header-display":"","ast-banner-title-visibility":"","ast-main-header-display":"","ast-hfb-above-header-display":"","ast-hfb-below-header-display":"","ast-hfb-mobile-header-display":"","site-post-title":"","ast-breadcrumbs-content":"","ast-featured-img":"","footer-sml-layout":"","theme-transparent-header-meta":"","adv-header-id-meta":"","stick-header-meta":"","header-above-stick-meta":"","header-main-stick-meta":"","header-below-stick-meta":"","astra-migrate-meta-layouts":"default","ast-page-background-enabled":"default","ast-page-background-meta":{"desktop":{"background-color":"var(--ast-global-color-4)","background-image":"","background-repeat":"repeat","background-position":"center center","background-size":"auto","background-attachment":"scroll","background-type":"","background-media":"","overlay-type":"","overlay-color":"","overlay-opacity":"","overlay-gradient":""},"tablet":{"background-color":"","background-image":"","background-repeat":"repeat","background-position":"center center","background-size":"auto","background-attachment":"scroll","background-type":"","background-media":"","overlay-type":"","overlay-color":"","overlay-opacity":"","overlay-gradient":""},"mobile":{"background-color":"","background-image":"","background-repeat":"repeat","background-position":"center center","background-size":"auto","background-attachment":"scroll","background-type":"","background-media":"","overlay-type":"","overlay-color":"","overlay-opacity":"","overlay-gradient":""}},"ast-content-background-meta":{"desktop":{"background-color":"var(--ast-global-color-5)","background-image":"","background-repeat":"repeat","background-position":"center center","background-size":"auto","background-attachment":"scroll","background-type":"","background-media":"","overlay-type":"","overlay-color":"","overlay-opacity":"","overlay-gradient":""},"tablet":{"background-color":"var(--ast-global-color-5)","background-image":"","background-repeat":"repeat","background-position":"center center","background-size":"auto","background-attachment":"scroll","background-type":"","background-media":"","overlay-type":"","overlay-color":"","overlay-opacity":"","overlay-gradient":""},"mobile":{"background-color":"var(--ast-global-color-5)","background-image":"","background-repeat":"repeat","background-position":"center center","background-size":"auto","background-attachment":"scroll","background-type":"","background-media":"","overlay-type":"","overlay-color":"","overlay-opacity":"","overlay-gradient":""}}},"product_brand":[75],"product_cat":[68,131],"product_tag":[],"class_list":{"0":"post-3998","1":"product","2":"type-product","3":"status-publish","4":"has-post-thumbnail","6":"product_brand-rafa-rophe","7":"product_cat-kosmeetika","8":"product_cat-juuksehooldus","9":"desktop-align-center","10":"tablet-align-center","11":"mobile-align-center","13":"first","14":"instock","15":"taxable","16":"shipping-taxable","17":"purchasable","18":"product-type-simple"},"_links":{"self":[{"href":"https:\/\/kinez.ee\/shop\/et\/wp-json\/wp\/v2\/product\/3998","targetHints":{"allow":["GET"]}}],"collection":[{"href":"https:\/\/kinez.ee\/shop\/et\/wp-json\/wp\/v2\/product"}],"about":[{"href":"https:\/\/kinez.ee\/shop\/et\/wp-json\/wp\/v2\/types\/product"}],"replies":[{"embeddable":true,"href":"https:\/\/kinez.ee\/shop\/et\/wp-json\/wp\/v2\/comments?post=3998"}],"wp:featuredmedia":[{"embeddable":true,"href":"https:\/\/kinez.ee\/shop\/et\/wp-json\/wp\/v2\/media\/2666"}],"wp:attachment":[{"href":"https:\/\/kinez.ee\/shop\/et\/wp-json\/wp\/v2\/media?parent=3998"}],"wp:term":[{"taxonomy":"product_brand","embeddable":true,"href":"https:\/\/kinez.ee\/shop\/et\/wp-json\/wp\/v2\/product_brand?post=3998"},{"taxonomy":"product_cat","embeddable":true,"href":"https:\/\/kinez.ee\/shop\/et\/wp-json\/wp\/v2\/product_cat?post=3998"},{"taxonomy":"product_tag","embeddable":true,"href":"https:\/\/kinez.ee\/shop\/et\/wp-json\/wp\/v2\/product_tag?post=3998"}],"curies":[{"name":"wp","href":"https:\/\/api.w.org\/{rel}","templated":true}]}}