{"id":4002,"date":"2025-10-06T18:28:06","date_gmt":"2025-10-06T18:28:06","guid":{"rendered":"https:\/\/kinez.ee\/shop\/product\/16plain-vitamin-c-brightening-mask-10-pcs\/"},"modified":"2026-03-08T16:55:52","modified_gmt":"2026-03-08T16:55:52","slug":"16plain-vitamin-c-brightening-mask-10-pcs-3","status":"publish","type":"product","link":"https:\/\/kinez.ee\/shop\/et\/toode\/16plain-vitamin-c-brightening-mask-10-pcs-3\/","title":{"rendered":"16PLAIN Vitamin C Brightening Mask 10 pcs"},"content":{"rendered":"<p>Helendava toimega mask C-vitamiiniga s\u00e4rava ja v\u00e4rske naha saavutamiseks. Aktiivne C-vitamiin aitab \u00fchtlustada nahatooni, v\u00e4hendada tuhmust ja v\u00e4simusm\u00e4rke ning anda nahale terve ja hoolitsetud jume.<\/p>\n<p>Peamised eelised:<br \/>\n&#8211; Heledab ja \u00fchtlustab nahatooni.<br \/>\n&#8211; Annab nahale energiat ja s\u00e4ra.<br \/>\n&#8211; Aitab v\u00e4hendada tuhmust ja v\u00e4simusm\u00e4rke.<br \/>\n&#8211; S\u00e4ilitab sileda ja v\u00e4rske naha.<\/p>\n<p>Kasutamine:<br \/>\nP\u00e4rast puhastamist ja toonimist kandke lehtmask n\u00e4ole, joondades selle silmade ja suuga.<br \/>\nLaske 15\u201320 minutit m\u00f5juda.<br \/>\nEemaldage mask ja patsutage \u00f5rnalt \u00fclej\u00e4\u00e4nud essents nahka, et see t\u00e4ielikult imenduks.<\/p>\n","protected":false},"excerpt":{"rendered":"<p>Helendav mask C-vitamiiniga s\u00e4rava ja v\u00e4rske naha saavutamiseks<\/p>\n","protected":false},"featured_media":2681,"comment_status":"open","ping_status":"closed","template":"","meta":{"site-sidebar-layout":"default","site-content-layout":"","ast-site-content-layout":"default","site-content-style":"default","site-sidebar-style":"default","ast-global-header-display":"","ast-banner-title-visibility":"","ast-main-header-display":"","ast-hfb-above-header-display":"","ast-hfb-below-header-display":"","ast-hfb-mobile-header-display":"","site-post-title":"","ast-breadcrumbs-content":"","ast-featured-img":"","footer-sml-layout":"","theme-transparent-header-meta":"","adv-header-id-meta":"","stick-header-meta":"","header-above-stick-meta":"","header-main-stick-meta":"","header-below-stick-meta":"","astra-migrate-meta-layouts":"default","ast-page-background-enabled":"default","ast-page-background-meta":{"desktop":{"background-color":"var(--ast-global-color-4)","background-image":"","background-repeat":"repeat","background-position":"center center","background-size":"auto","background-attachment":"scroll","background-type":"","background-media":"","overlay-type":"","overlay-color":"","overlay-opacity":"","overlay-gradient":""},"tablet":{"background-color":"","background-image":"","background-repeat":"repeat","background-position":"center center","background-size":"auto","background-attachment":"scroll","background-type":"","background-media":"","overlay-type":"","overlay-color":"","overlay-opacity":"","overlay-gradient":""},"mobile":{"background-color":"","background-image":"","background-repeat":"repeat","background-position":"center center","background-size":"auto","background-attachment":"scroll","background-type":"","background-media":"","overlay-type":"","overlay-color":"","overlay-opacity":"","overlay-gradient":""}},"ast-content-background-meta":{"desktop":{"background-color":"var(--ast-global-color-5)","background-image":"","background-repeat":"repeat","background-position":"center center","background-size":"auto","background-attachment":"scroll","background-type":"","background-media":"","overlay-type":"","overlay-color":"","overlay-opacity":"","overlay-gradient":""},"tablet":{"background-color":"var(--ast-global-color-5)","background-image":"","background-repeat":"repeat","background-position":"center center","background-size":"auto","background-attachment":"scroll","background-type":"","background-media":"","overlay-type":"","overlay-color":"","overlay-opacity":"","overlay-gradient":""},"mobile":{"background-color":"var(--ast-global-color-5)","background-image":"","background-repeat":"repeat","background-position":"center center","background-size":"auto","background-attachment":"scroll","background-type":"","background-media":"","overlay-type":"","overlay-color":"","overlay-opacity":"","overlay-gradient":""}}},"product_brand":[118],"product_cat":[133,68,132],"product_tag":[],"class_list":{"0":"post-4002","1":"product","2":"type-product","3":"status-publish","4":"has-post-thumbnail","6":"product_brand-16plain","7":"product_cat-komplektid","8":"product_cat-kosmeetika","9":"product_cat-maskid","10":"desktop-align-center","11":"tablet-align-center","12":"mobile-align-center","14":"first","15":"instock","16":"sale","17":"taxable","18":"shipping-taxable","19":"purchasable","20":"product-type-simple"},"_links":{"self":[{"href":"https:\/\/kinez.ee\/shop\/et\/wp-json\/wp\/v2\/product\/4002","targetHints":{"allow":["GET"]}}],"collection":[{"href":"https:\/\/kinez.ee\/shop\/et\/wp-json\/wp\/v2\/product"}],"about":[{"href":"https:\/\/kinez.ee\/shop\/et\/wp-json\/wp\/v2\/types\/product"}],"replies":[{"embeddable":true,"href":"https:\/\/kinez.ee\/shop\/et\/wp-json\/wp\/v2\/comments?post=4002"}],"wp:featuredmedia":[{"embeddable":true,"href":"https:\/\/kinez.ee\/shop\/et\/wp-json\/wp\/v2\/media\/2681"}],"wp:attachment":[{"href":"https:\/\/kinez.ee\/shop\/et\/wp-json\/wp\/v2\/media?parent=4002"}],"wp:term":[{"taxonomy":"product_brand","embeddable":true,"href":"https:\/\/kinez.ee\/shop\/et\/wp-json\/wp\/v2\/product_brand?post=4002"},{"taxonomy":"product_cat","embeddable":true,"href":"https:\/\/kinez.ee\/shop\/et\/wp-json\/wp\/v2\/product_cat?post=4002"},{"taxonomy":"product_tag","embeddable":true,"href":"https:\/\/kinez.ee\/shop\/et\/wp-json\/wp\/v2\/product_tag?post=4002"}],"curies":[{"name":"wp","href":"https:\/\/api.w.org\/{rel}","templated":true}]}}