{"id":4010,"date":"2025-09-17T18:49:28","date_gmt":"2025-09-17T18:49:28","guid":{"rendered":"https:\/\/kinez.ee\/shop\/product\/clabiane-acu-derm-cream\/"},"modified":"2026-03-08T16:55:53","modified_gmt":"2026-03-08T16:55:53","slug":"clabiane-acu-derm-cream-2","status":"publish","type":"product","link":"https:\/\/kinez.ee\/shop\/et\/toode\/clabiane-acu-derm-cream-2\/","title":{"rendered":"Clabiane Ultra Daily Sunscreen (SPF 50+\/PA+++) (40ml)"},"content":{"rendered":"<p>Clabian Ultra Daily Sunscreen on mitte\u00e4rritav p\u00e4ikesekaitsekreem, mida saab kasutada isegi p\u00e4rast dermatoloogilisi protseduure, n\u00e4iteks laserprotseduure.<br \/>\nSee on \u00f5rn ja niisutav, ei \u00e4rrita silmi ega tekita kleepuvust,<br \/>\nmis teeb selle ideaalseks igap\u00e4evaseks kasutamiseks 365 p\u00e4eva aastas!<br \/>\nN\u00fc\u00fcd p\u00e4\u00e4se p\u00e4ikesekaitsekreemist Clavianiga! Kolmekordse toimega kosmeetika UV-kaitseks, valgendamiseks ja kortsude v\u00e4hendamiseks.<br \/>\nPakub tugevat niisutust ja tugevdab nahabarj\u00e4\u00e4ri, kaitstes samal ajal nahka UVA\/UVB-kiirte eest. Hoiab \u00e4ra tumedate laikude ja pigmentatsiooni tekkimise.<\/p>\n<p>Kasutamine:<\/p>\n<p>Kandke 20-30 minutit enne \u00f5ue minekut ja\/v\u00f5i enne p\u00e4ikese k\u00e4tte minekut. Kandke sobiv kogus \u00fchtlaselt p\u00e4ikesekaitset vajavatele piirkondadele. Kandke sageli uuesti p\u00e4ikesekaitset vajavatele piirkondadele tugeva UV-kiirguse k\u00e4es viibides.<\/p>\n<p>Peamised koostisosad:<\/p>\n<p>&#8211; y-PGA<br \/>\n&#8211; keramiid<br \/>\n&#8211; Portilacca oleracea ekstrakt<br \/>\n&#8211; Jaapani kamelia<\/p>\n","protected":false},"excerpt":{"rendered":"<p>Blokeerib 98% UVB-kiirtest. See p\u00e4ikesekaitsekreem imendub nahka kergesti. See on loodud n\u00e4onaha kaitsmiseks UVA- ja UVB-kiirguse eest. See ei sisalda parabeene ega alkoholi ning sobib igat t\u00fc\u00fcpi nahale \u2013 kuivale ja tundlikule, v\u00e4lja arvatud aknele kalduvale nahale. Kaitseb nahka enneaegse vananemise eest, aitab varjata peeneid kortse.<\/p>\n","protected":false},"featured_media":2371,"comment_status":"open","ping_status":"closed","template":"","meta":{"site-sidebar-layout":"default","site-content-layout":"","ast-site-content-layout":"default","site-content-style":"default","site-sidebar-style":"default","ast-global-header-display":"","ast-banner-title-visibility":"","ast-main-header-display":"","ast-hfb-above-header-display":"","ast-hfb-below-header-display":"","ast-hfb-mobile-header-display":"","site-post-title":"","ast-breadcrumbs-content":"","ast-featured-img":"","footer-sml-layout":"","theme-transparent-header-meta":"default","adv-header-id-meta":"","stick-header-meta":"","header-above-stick-meta":"","header-main-stick-meta":"","header-below-stick-meta":"","astra-migrate-meta-layouts":"set","ast-page-background-enabled":"default","ast-page-background-meta":{"desktop":{"background-color":"var(--ast-global-color-4)","background-image":"","background-repeat":"repeat","background-position":"center center","background-size":"auto","background-attachment":"scroll","background-type":"","background-media":"","overlay-type":"","overlay-color":"","overlay-opacity":"","overlay-gradient":""},"tablet":{"background-color":"","background-image":"","background-repeat":"repeat","background-position":"center center","background-size":"auto","background-attachment":"scroll","background-type":"","background-media":"","overlay-type":"","overlay-color":"","overlay-opacity":"","overlay-gradient":""},"mobile":{"background-color":"","background-image":"","background-repeat":"repeat","background-position":"center center","background-size":"auto","background-attachment":"scroll","background-type":"","background-media":"","overlay-type":"","overlay-color":"","overlay-opacity":"","overlay-gradient":""}},"ast-content-background-meta":{"desktop":{"background-color":"var(--ast-global-color-5)","background-image":"","background-repeat":"repeat","background-position":"center center","background-size":"auto","background-attachment":"scroll","background-type":"","background-media":"","overlay-type":"","overlay-color":"","overlay-opacity":"","overlay-gradient":""},"tablet":{"background-color":"var(--ast-global-color-5)","background-image":"","background-repeat":"repeat","background-position":"center center","background-size":"auto","background-attachment":"scroll","background-type":"","background-media":"","overlay-type":"","overlay-color":"","overlay-opacity":"","overlay-gradient":""},"mobile":{"background-color":"var(--ast-global-color-5)","background-image":"","background-repeat":"repeat","background-position":"center center","background-size":"auto","background-attachment":"scroll","background-type":"","background-media":"","overlay-type":"","overlay-color":"","overlay-opacity":"","overlay-gradient":""}}},"product_brand":[160],"product_cat":[68,130],"product_tag":[],"class_list":{"0":"post-4010","1":"product","2":"type-product","3":"status-publish","4":"has-post-thumbnail","6":"product_brand-clabiane","7":"product_cat-kosmeetika","8":"product_cat-naohooldus","9":"desktop-align-center","10":"tablet-align-center","11":"mobile-align-center","13":"first","14":"instock","15":"sale","16":"taxable","17":"shipping-taxable","18":"purchasable","19":"product-type-simple"},"_links":{"self":[{"href":"https:\/\/kinez.ee\/shop\/et\/wp-json\/wp\/v2\/product\/4010","targetHints":{"allow":["GET"]}}],"collection":[{"href":"https:\/\/kinez.ee\/shop\/et\/wp-json\/wp\/v2\/product"}],"about":[{"href":"https:\/\/kinez.ee\/shop\/et\/wp-json\/wp\/v2\/types\/product"}],"replies":[{"embeddable":true,"href":"https:\/\/kinez.ee\/shop\/et\/wp-json\/wp\/v2\/comments?post=4010"}],"wp:featuredmedia":[{"embeddable":true,"href":"https:\/\/kinez.ee\/shop\/et\/wp-json\/wp\/v2\/media\/2371"}],"wp:attachment":[{"href":"https:\/\/kinez.ee\/shop\/et\/wp-json\/wp\/v2\/media?parent=4010"}],"wp:term":[{"taxonomy":"product_brand","embeddable":true,"href":"https:\/\/kinez.ee\/shop\/et\/wp-json\/wp\/v2\/product_brand?post=4010"},{"taxonomy":"product_cat","embeddable":true,"href":"https:\/\/kinez.ee\/shop\/et\/wp-json\/wp\/v2\/product_cat?post=4010"},{"taxonomy":"product_tag","embeddable":true,"href":"https:\/\/kinez.ee\/shop\/et\/wp-json\/wp\/v2\/product_tag?post=4010"}],"curies":[{"name":"wp","href":"https:\/\/api.w.org\/{rel}","templated":true}]}}