{"id":4012,"date":"2025-09-17T18:49:28","date_gmt":"2025-09-17T18:49:28","guid":{"rendered":"https:\/\/kinez.ee\/shop\/product\/clabiane-ultra-daily-sunscreen-spf-50-pa\/"},"modified":"2026-03-08T16:55:53","modified_gmt":"2026-03-08T16:55:53","slug":"clabiane-ultra-daily-sunscreen-spf-50-pa-2","status":"publish","type":"product","link":"https:\/\/kinez.ee\/shop\/et\/toode\/clabiane-ultra-daily-sunscreen-spf-50-pa-2\/","title":{"rendered":"Clabiane pH 5.5 Balancing Foam Cleanser (150ml)"},"content":{"rendered":"<p>Vahutav puhastusvahend, mis tekitab rikkalikke ja peeneid mulle, et hoida nahka niisutatuna ilma pesemise j\u00e4rel pinguldavat tunnet tekitamata. Madal pH, mis on sarnane terve nahaga, eemaldab t\u00f5husalt lisandid ja taastab naha \u00f5li ja niiskuse tasakaalu. Pol\u00fcglutamiinhape (\u03b3-PGA) ja multih\u00fcaluroonhape moodustavad nahale niiskuskilbi, et v\u00e4ltida niiskuse aurustumist nahalt. Kasutage hommikul ja \u00f5htul igap\u00e4evase puhastusvahendina. Kasutamine: V\u00f5tke peopessa sobiv kogus vahutavat puhastusvahendit ja ajage see v\u00e4ikese koguse veega vahule. Masseerige \u00f5rnalt kogu n\u00e4ole. Loputage hoolikalt leige veega. Peamised koostisosad: 8 t\u00fc\u00fcpi h\u00fcaluroonhapet \u03b3-PGA keramiid EGF Valmistatud ilma: s\u00e4ilitusaineteta | alkoholi | kunstlike v\u00e4rvaineteta<\/p>\n","protected":false},"excerpt":{"rendered":"<p>CLABIANE pH Balancing Foam Cleanser on \u00f5rn n\u00e4opuhastusvaht h\u00fcaluroonhappe ja EGF kasvufaktoriga. CLABIANE puhastusvahend sisaldab patenteeritud PGA-d, EGF-i ja keramiide, mis niisutavad nahka s\u00fcgavuti ning annavad sellele terve ja s\u00e4rava v\u00e4limuse. S\u00fcgavpuhastav, niisutav, meigieemaldaja, pH-tasakaalustatud koostis, sobib k\u00f5ikidele nahat\u00fc\u00fcpidele, hoolduseks p\u00e4rast laser-\/koorimisprotseduure.<\/p>\n","protected":false},"featured_media":2386,"comment_status":"open","ping_status":"closed","template":"","meta":{"site-sidebar-layout":"default","site-content-layout":"","ast-site-content-layout":"default","site-content-style":"default","site-sidebar-style":"default","ast-global-header-display":"","ast-banner-title-visibility":"","ast-main-header-display":"","ast-hfb-above-header-display":"","ast-hfb-below-header-display":"","ast-hfb-mobile-header-display":"","site-post-title":"","ast-breadcrumbs-content":"","ast-featured-img":"","footer-sml-layout":"","theme-transparent-header-meta":"default","adv-header-id-meta":"","stick-header-meta":"","header-above-stick-meta":"","header-main-stick-meta":"","header-below-stick-meta":"","astra-migrate-meta-layouts":"set","ast-page-background-enabled":"default","ast-page-background-meta":{"desktop":{"background-color":"var(--ast-global-color-4)","background-image":"","background-repeat":"repeat","background-position":"center center","background-size":"auto","background-attachment":"scroll","background-type":"","background-media":"","overlay-type":"","overlay-color":"","overlay-opacity":"","overlay-gradient":""},"tablet":{"background-color":"","background-image":"","background-repeat":"repeat","background-position":"center center","background-size":"auto","background-attachment":"scroll","background-type":"","background-media":"","overlay-type":"","overlay-color":"","overlay-opacity":"","overlay-gradient":""},"mobile":{"background-color":"","background-image":"","background-repeat":"repeat","background-position":"center center","background-size":"auto","background-attachment":"scroll","background-type":"","background-media":"","overlay-type":"","overlay-color":"","overlay-opacity":"","overlay-gradient":""}},"ast-content-background-meta":{"desktop":{"background-color":"var(--ast-global-color-5)","background-image":"","background-repeat":"repeat","background-position":"center center","background-size":"auto","background-attachment":"scroll","background-type":"","background-media":"","overlay-type":"","overlay-color":"","overlay-opacity":"","overlay-gradient":""},"tablet":{"background-color":"var(--ast-global-color-5)","background-image":"","background-repeat":"repeat","background-position":"center center","background-size":"auto","background-attachment":"scroll","background-type":"","background-media":"","overlay-type":"","overlay-color":"","overlay-opacity":"","overlay-gradient":""},"mobile":{"background-color":"var(--ast-global-color-5)","background-image":"","background-repeat":"repeat","background-position":"center center","background-size":"auto","background-attachment":"scroll","background-type":"","background-media":"","overlay-type":"","overlay-color":"","overlay-opacity":"","overlay-gradient":""}}},"product_brand":[160],"product_cat":[68,130],"product_tag":[],"class_list":{"0":"post-4012","1":"product","2":"type-product","3":"status-publish","4":"has-post-thumbnail","6":"product_brand-clabiane","7":"product_cat-kosmeetika","8":"product_cat-naohooldus","9":"desktop-align-center","10":"tablet-align-center","11":"mobile-align-center","13":"first","14":"instock","15":"sale","16":"taxable","17":"shipping-taxable","18":"purchasable","19":"product-type-simple"},"_links":{"self":[{"href":"https:\/\/kinez.ee\/shop\/et\/wp-json\/wp\/v2\/product\/4012","targetHints":{"allow":["GET"]}}],"collection":[{"href":"https:\/\/kinez.ee\/shop\/et\/wp-json\/wp\/v2\/product"}],"about":[{"href":"https:\/\/kinez.ee\/shop\/et\/wp-json\/wp\/v2\/types\/product"}],"replies":[{"embeddable":true,"href":"https:\/\/kinez.ee\/shop\/et\/wp-json\/wp\/v2\/comments?post=4012"}],"wp:featuredmedia":[{"embeddable":true,"href":"https:\/\/kinez.ee\/shop\/et\/wp-json\/wp\/v2\/media\/2386"}],"wp:attachment":[{"href":"https:\/\/kinez.ee\/shop\/et\/wp-json\/wp\/v2\/media?parent=4012"}],"wp:term":[{"taxonomy":"product_brand","embeddable":true,"href":"https:\/\/kinez.ee\/shop\/et\/wp-json\/wp\/v2\/product_brand?post=4012"},{"taxonomy":"product_cat","embeddable":true,"href":"https:\/\/kinez.ee\/shop\/et\/wp-json\/wp\/v2\/product_cat?post=4012"},{"taxonomy":"product_tag","embeddable":true,"href":"https:\/\/kinez.ee\/shop\/et\/wp-json\/wp\/v2\/product_tag?post=4012"}],"curies":[{"name":"wp","href":"https:\/\/api.w.org\/{rel}","templated":true}]}}