{"id":4014,"date":"2025-09-17T18:49:28","date_gmt":"2025-09-17T18:49:28","guid":{"rendered":"https:\/\/kinez.ee\/shop\/product\/clabiane-ph-5-5-balancing-foam-cleanser\/"},"modified":"2026-03-08T16:55:53","modified_gmt":"2026-03-08T16:55:53","slug":"clabiane-ph-5-5-balancing-foam-cleanser-2","status":"publish","type":"product","link":"https:\/\/kinez.ee\/shop\/et\/toode\/clabiane-ph-5-5-balancing-foam-cleanser-2\/","title":{"rendered":"Clabiane Cryo-Derm Mask (1ea)"},"content":{"rendered":"<p>Kuna nahk muutub p\u00e4rast laserprotseduure \u00e4\u00e4rmiselt kuivaks ja tundlikuks, on kohene rahustamine ja niisutus h\u00e4davajalik. Kollageenist ja puhastest niisutavatest koostisosadest koosnev Cryo-Derm Mask on ohutu igat t\u00fc\u00fcpi nahale ja kiirendab dermise paranemisprotsessi. Steriliseeritud mask sekundaarse nakkuse v\u00f5i \u00e4rrituse v\u00e4ltimiseks. Kohene rahustav ja jahutav toime nahale p\u00e4rast laserprotseduure, koorimist v\u00f5i p\u00e4ikesekahjustusi.<\/p>\n<p>&#8211; L\u00e4bitud h\u00fcpoallergeenne test<br \/>\n&#8211; Patenteeritud h\u00fcdrogeel<br \/>\n&#8211; Laser- ja koorimisprotseduuride j\u00e4rgne hooldus<br \/>\n&#8211; Suurep\u00e4rane niisutus<br \/>\n&#8211; Jahutusfunktsioon<br \/>\n&#8211; Punetuse v\u00e4hendamine<br \/>\n&#8211; Kiirem kooriku kadumine<br \/>\n&#8211; Kiirendatud naha taastumine<br \/>\n&#8211; Suurep\u00e4rane biosobivus<br \/>\n&#8211; Kohene rahustav toime<br \/>\n&#8211; Tugev niisutus<br \/>\n&#8211; Steriliseerimine (gammakiirgusega steriliseerimine)<\/p>\n<p>Mis on h\u00fcdrogeel?<br \/>\nAktiivsed koostisosad on kondenseeritud geeliks, mis reageerib naha temperatuurile 36,5\u00baC ja sulab nahka imendumiseks. H\u00fcdrogeel kleepub nahale, mist\u00f5ttu on seda igap\u00e4evaelus mugavam kasutada. Hoiab \u00e4ra niiskuse aurustumise, hoides naha niisutatuna ja kauem kui tavalised maskid. Alandab naha temperatuuri ja rahustab nahka. Kallim kui tavalised maskid.<\/p>\n<p>Gammakiirgusega steriliseerimine<br \/>\nKui materjalile kiiritatakse r\u00f6ntgenikiirgust, steriliseeritakse see. R\u00f6ntgenikiirgust kiiritatakse meditsiiniinstrumentide, toidu, ravimite v\u00f5i meditsiinitarvete steriliseerimiseks. Kui r\u00f6ntgenikiirgust kiiritatakse \u00fcldiselt pehmele ja pehmele h\u00fcdrogeelile, k\u00f5veneb geel ja moodustub geeliv\u00f5rgustik, misj\u00e4rel see steriliseeritakse. R\u00f6ntgeniga t\u00f6\u00f6deldud geel steriliseeritakse, nii et see v\u00f5ib toimida \u201esteriliseeritud sidemena\u201c.<\/p>\n<p>Koosneb 3 kihist n\u00e4o \u00fcla-, alaosa ja kaela jaoks.<\/p>\n<p>Kasutamine:<br \/>\nAvage kott maski eemaldamiseks ja eemaldage valge plastik. Kinnitage mask n\u00e4ole ja kaelale ning eemaldage \u00fclej\u00e4\u00e4nud l\u00e4bipaistev kile. Eemaldage 30 minuti kuni 1 tunni p\u00e4rast. Kasutage maski kohe p\u00e4rast avamist, sest see muutub p\u00e4rast koti avamist steriliseerimata.<\/p>\n<p>Kasutage kohe p\u00e4rast laser- v\u00f5i koorimisprotseduure.<br \/>\nKiiremaks taastumiseks on soovitatav kasutada iga p\u00e4ev 2-3 p\u00e4eva.<br \/>\nKui kannate maski peale niiske lapi, aitab see maskil kauem niiskena p\u00fcsida ja maksimeerib niisutus-\/jahutusaega.<br \/>\nSelle maski kasutamisel ei ole vaja eraldi k\u00fclmakompressi kasutada.<br \/>\nJ\u00e4rgige Acu-Derm kreemi v\u00f5i Ultra Daily p\u00e4ikesekaitsekreemi.<\/p>\n<p>Peamised koostisosad:<br \/>\n&#8211; Kollageen<br \/>\n&#8211; Portulacca Oleracea ekstrakt<\/p>\n<p>Valmistatud ilma:<br \/>\nS\u00e4ilitusaineteta | Alkohol | Kunstlik v\u00e4rvaine | Pindaktiivsed ained | L\u00f5hnaaine<\/p>\n","protected":false},"excerpt":{"rendered":"<p>Spetsiaalselt loodud laser-\/koorimisprotseduuride j\u00e4rgseks raviks. Gammakiirgusega steriliseeritud ja p\u00fcsib steriliseeritud kuni avamiseni. Ei \u00e4rrita nahka ja hoiab \u00e4ra sekundaarse nakatumise! Aitab kahjustatud nahal taastuda ja tugevdab naha kaitsekihti. Kohene rahustav toime.<\/p>\n","protected":false},"featured_media":2404,"comment_status":"open","ping_status":"closed","template":"","meta":{"site-sidebar-layout":"default","site-content-layout":"","ast-site-content-layout":"default","site-content-style":"default","site-sidebar-style":"default","ast-global-header-display":"","ast-banner-title-visibility":"","ast-main-header-display":"","ast-hfb-above-header-display":"","ast-hfb-below-header-display":"","ast-hfb-mobile-header-display":"","site-post-title":"","ast-breadcrumbs-content":"","ast-featured-img":"","footer-sml-layout":"","theme-transparent-header-meta":"default","adv-header-id-meta":"","stick-header-meta":"","header-above-stick-meta":"","header-main-stick-meta":"","header-below-stick-meta":"","astra-migrate-meta-layouts":"set","ast-page-background-enabled":"default","ast-page-background-meta":{"desktop":{"background-color":"var(--ast-global-color-4)","background-image":"","background-repeat":"repeat","background-position":"center center","background-size":"auto","background-attachment":"scroll","background-type":"","background-media":"","overlay-type":"","overlay-color":"","overlay-opacity":"","overlay-gradient":""},"tablet":{"background-color":"","background-image":"","background-repeat":"repeat","background-position":"center center","background-size":"auto","background-attachment":"scroll","background-type":"","background-media":"","overlay-type":"","overlay-color":"","overlay-opacity":"","overlay-gradient":""},"mobile":{"background-color":"","background-image":"","background-repeat":"repeat","background-position":"center center","background-size":"auto","background-attachment":"scroll","background-type":"","background-media":"","overlay-type":"","overlay-color":"","overlay-opacity":"","overlay-gradient":""}},"ast-content-background-meta":{"desktop":{"background-color":"var(--ast-global-color-5)","background-image":"","background-repeat":"repeat","background-position":"center center","background-size":"auto","background-attachment":"scroll","background-type":"","background-media":"","overlay-type":"","overlay-color":"","overlay-opacity":"","overlay-gradient":""},"tablet":{"background-color":"var(--ast-global-color-5)","background-image":"","background-repeat":"repeat","background-position":"center center","background-size":"auto","background-attachment":"scroll","background-type":"","background-media":"","overlay-type":"","overlay-color":"","overlay-opacity":"","overlay-gradient":""},"mobile":{"background-color":"var(--ast-global-color-5)","background-image":"","background-repeat":"repeat","background-position":"center center","background-size":"auto","background-attachment":"scroll","background-type":"","background-media":"","overlay-type":"","overlay-color":"","overlay-opacity":"","overlay-gradient":""}}},"product_brand":[160],"product_cat":[68,132],"product_tag":[],"class_list":{"0":"post-4014","1":"product","2":"type-product","3":"status-publish","4":"has-post-thumbnail","6":"product_brand-clabiane","7":"product_cat-kosmeetika","8":"product_cat-maskid","9":"desktop-align-center","10":"tablet-align-center","11":"mobile-align-center","13":"first","14":"instock","15":"sale","16":"taxable","17":"shipping-taxable","18":"purchasable","19":"product-type-simple"},"_links":{"self":[{"href":"https:\/\/kinez.ee\/shop\/et\/wp-json\/wp\/v2\/product\/4014","targetHints":{"allow":["GET"]}}],"collection":[{"href":"https:\/\/kinez.ee\/shop\/et\/wp-json\/wp\/v2\/product"}],"about":[{"href":"https:\/\/kinez.ee\/shop\/et\/wp-json\/wp\/v2\/types\/product"}],"replies":[{"embeddable":true,"href":"https:\/\/kinez.ee\/shop\/et\/wp-json\/wp\/v2\/comments?post=4014"}],"wp:featuredmedia":[{"embeddable":true,"href":"https:\/\/kinez.ee\/shop\/et\/wp-json\/wp\/v2\/media\/2404"}],"wp:attachment":[{"href":"https:\/\/kinez.ee\/shop\/et\/wp-json\/wp\/v2\/media?parent=4014"}],"wp:term":[{"taxonomy":"product_brand","embeddable":true,"href":"https:\/\/kinez.ee\/shop\/et\/wp-json\/wp\/v2\/product_brand?post=4014"},{"taxonomy":"product_cat","embeddable":true,"href":"https:\/\/kinez.ee\/shop\/et\/wp-json\/wp\/v2\/product_cat?post=4014"},{"taxonomy":"product_tag","embeddable":true,"href":"https:\/\/kinez.ee\/shop\/et\/wp-json\/wp\/v2\/product_tag?post=4014"}],"curies":[{"name":"wp","href":"https:\/\/api.w.org\/{rel}","templated":true}]}}