{"id":4016,"date":"2025-09-17T18:49:28","date_gmt":"2025-09-17T18:49:28","guid":{"rendered":"https:\/\/kinez.ee\/shop\/product\/clabiane-cryo-derm-mask-1ea\/"},"modified":"2026-03-08T16:55:53","modified_gmt":"2026-03-08T16:55:53","slug":"clabiane-cryo-derm-mask-1ea-2","status":"publish","type":"product","link":"https:\/\/kinez.ee\/shop\/et\/toode\/clabiane-cryo-derm-mask-1ea-2\/","title":{"rendered":"Clabiane Vacation Mask (5ea\/box)"},"content":{"rendered":"<p>Veegeeli leht kleepub l\u00e4bipaistvalt nahale, aidates nahal toimeaineid imenduda, andes p\u00e4rast kasutamist pehme ja mittekleepuva niisutusega nahatekstuuri. Niisutus ilma kleepuvuseta isegi 40 minuti p\u00e4rast. Toimeained pakuvad rikkalikku niisutust ja mitmesuguseid toitaineid, et lisada nahale tervet eluj\u00f5udu ja elastsust.<\/p>\n<p>Veegeeli tekstuur:<\/p>\n<p>&#8211; Selge veegeeli t\u00fc\u00fcp<\/p>\n<p>&#8211; Imendub h\u00e4sti nahka<\/p>\n<p>&#8211; Mittekleepuv<\/p>\n<p>&#8211; 8 t\u00fc\u00fcpi h\u00fcaluroonhapet<\/p>\n<p>T\u00e4iuslik sobivus:<\/p>\n<p>&#8211; Sobib ideaalselt igale n\u00e4ole<\/p>\n<p>&#8211; Haardub mugavalt<\/p>\n<p>&#8211; V\u00e4ga \u00f5huke<\/p>\n<p>&#8211; \u00dclikleepuv ja pehme tekstuuriga maskileht<\/p>\n<p>Vegan leht:<\/p>\n<p>&#8211; Tselluloos 100%<\/p>\n<p>&#8211; Vegan leht<\/p>\n<p>Kasutamine:<\/p>\n<p>Kandke mask n\u00e4ole ja kleepige see \u00fchtlaselt n\u00e4ole, seej\u00e4rel eemaldage valge kile. Vormi mask n\u00e4ole sobivaks, et see nahale kleepuks. 30\u201340 minuti p\u00e4rast eemalda leht ja patsuta \u00fclej\u00e4\u00e4nud essents nahale, et see imenduks.<\/p>\n<p>Peamised koostisosad:<\/p>\n<p>&#8211; PDRN: L\u00f5he DNA-st ekstraheeritud isetervendavat j\u00f5udu tugevdav toitaine.<\/p>\n<p>&#8211; 8-kordne h\u00fcaluroonhape, pantenool ja gamma-PGA: niisutav.<\/p>\n<p>&#8211; Aasia vesinaba ekstrakt ja madekassosiid: nahka rahustav.<\/p>\n<p>&#8211; Bifida h\u00fcdrol\u00fcsaat: toitmine ja l\u00e4ike parandamine.<\/p>\n<p>&#8211; Laktoos: naha kaitse.<\/p>\n","protected":false},"excerpt":{"rendered":"<p>Aktiivsed koostisosad pakuvad rikkalikku niisutust ja mitmesuguseid toitaineid, et lisada nahale tervet eluj\u00f5udu ja elastsust. Selge vee geeli t\u00fc\u00fcpi, imendub nahka h\u00e4sti, ei kleepu, 8 t\u00fc\u00fcpi h\u00fcaluroonhapet.<\/p>\n","protected":false},"featured_media":2407,"comment_status":"open","ping_status":"closed","template":"","meta":{"site-sidebar-layout":"default","site-content-layout":"","ast-site-content-layout":"default","site-content-style":"default","site-sidebar-style":"default","ast-global-header-display":"","ast-banner-title-visibility":"","ast-main-header-display":"","ast-hfb-above-header-display":"","ast-hfb-below-header-display":"","ast-hfb-mobile-header-display":"","site-post-title":"","ast-breadcrumbs-content":"","ast-featured-img":"","footer-sml-layout":"","theme-transparent-header-meta":"default","adv-header-id-meta":"","stick-header-meta":"","header-above-stick-meta":"","header-main-stick-meta":"","header-below-stick-meta":"","astra-migrate-meta-layouts":"set","ast-page-background-enabled":"default","ast-page-background-meta":{"desktop":{"background-color":"var(--ast-global-color-4)","background-image":"","background-repeat":"repeat","background-position":"center center","background-size":"auto","background-attachment":"scroll","background-type":"","background-media":"","overlay-type":"","overlay-color":"","overlay-opacity":"","overlay-gradient":""},"tablet":{"background-color":"","background-image":"","background-repeat":"repeat","background-position":"center center","background-size":"auto","background-attachment":"scroll","background-type":"","background-media":"","overlay-type":"","overlay-color":"","overlay-opacity":"","overlay-gradient":""},"mobile":{"background-color":"","background-image":"","background-repeat":"repeat","background-position":"center center","background-size":"auto","background-attachment":"scroll","background-type":"","background-media":"","overlay-type":"","overlay-color":"","overlay-opacity":"","overlay-gradient":""}},"ast-content-background-meta":{"desktop":{"background-color":"var(--ast-global-color-5)","background-image":"","background-repeat":"repeat","background-position":"center center","background-size":"auto","background-attachment":"scroll","background-type":"","background-media":"","overlay-type":"","overlay-color":"","overlay-opacity":"","overlay-gradient":""},"tablet":{"background-color":"var(--ast-global-color-5)","background-image":"","background-repeat":"repeat","background-position":"center center","background-size":"auto","background-attachment":"scroll","background-type":"","background-media":"","overlay-type":"","overlay-color":"","overlay-opacity":"","overlay-gradient":""},"mobile":{"background-color":"var(--ast-global-color-5)","background-image":"","background-repeat":"repeat","background-position":"center center","background-size":"auto","background-attachment":"scroll","background-type":"","background-media":"","overlay-type":"","overlay-color":"","overlay-opacity":"","overlay-gradient":""}}},"product_brand":[160],"product_cat":[133,68,132],"product_tag":[],"class_list":{"0":"post-4016","1":"product","2":"type-product","3":"status-publish","4":"has-post-thumbnail","6":"product_brand-clabiane","7":"product_cat-komplektid","8":"product_cat-kosmeetika","9":"product_cat-maskid","10":"desktop-align-center","11":"tablet-align-center","12":"mobile-align-center","14":"first","15":"instock","16":"sale","17":"taxable","18":"shipping-taxable","19":"purchasable","20":"product-type-simple"},"_links":{"self":[{"href":"https:\/\/kinez.ee\/shop\/et\/wp-json\/wp\/v2\/product\/4016","targetHints":{"allow":["GET"]}}],"collection":[{"href":"https:\/\/kinez.ee\/shop\/et\/wp-json\/wp\/v2\/product"}],"about":[{"href":"https:\/\/kinez.ee\/shop\/et\/wp-json\/wp\/v2\/types\/product"}],"replies":[{"embeddable":true,"href":"https:\/\/kinez.ee\/shop\/et\/wp-json\/wp\/v2\/comments?post=4016"}],"wp:featuredmedia":[{"embeddable":true,"href":"https:\/\/kinez.ee\/shop\/et\/wp-json\/wp\/v2\/media\/2407"}],"wp:attachment":[{"href":"https:\/\/kinez.ee\/shop\/et\/wp-json\/wp\/v2\/media?parent=4016"}],"wp:term":[{"taxonomy":"product_brand","embeddable":true,"href":"https:\/\/kinez.ee\/shop\/et\/wp-json\/wp\/v2\/product_brand?post=4016"},{"taxonomy":"product_cat","embeddable":true,"href":"https:\/\/kinez.ee\/shop\/et\/wp-json\/wp\/v2\/product_cat?post=4016"},{"taxonomy":"product_tag","embeddable":true,"href":"https:\/\/kinez.ee\/shop\/et\/wp-json\/wp\/v2\/product_tag?post=4016"}],"curies":[{"name":"wp","href":"https:\/\/api.w.org\/{rel}","templated":true}]}}