{"id":4018,"date":"2025-09-17T18:49:28","date_gmt":"2025-09-17T18:49:28","guid":{"rendered":"https:\/\/kinez.ee\/shop\/product\/clabiane-vacation-mask-5ea-box\/"},"modified":"2026-03-08T16:55:53","modified_gmt":"2026-03-08T16:55:53","slug":"clabiane-vacation-mask-5ea-box-2","status":"publish","type":"product","link":"https:\/\/kinez.ee\/shop\/et\/toode\/clabiane-vacation-mask-5ea-box-2\/","title":{"rendered":"Liften S Collagen Face Gel Cream (200ml)"},"content":{"rendered":"<p>Liften S n\u00e4ogeel sobib k\u00f5ikide esteetilise meditsiini seadmetega, sealhulgas HIFU ultraheli, raadiosagedusliku teraapia, galvaanilise teraapia, kombineeritud teraapia, kuuma-k\u00fclma tehnoloogia ja laserteraapiaga.<br \/>\nSisaldab vees lahustuvat ja h\u00fcdrol\u00fc\u00fcsitud kollageeni, mis aitab nahka tugevdada, pakkudes samal ajal intensiivset niisutust ja toitmist.<br \/>\nSee on multifunktsionaalne kosmeetikatoode, mida saab kasutada nii kerge massaa\u017eigeelina kui ka rahustava geelmaskina p\u00e4rast protseduure.<\/p>\n<p>See toode niisutab nahka s\u00fcgavuti, \u00fchtlustab selle tooni ja silub kortse.<\/p>\n<p>Rahustava ja jahutava efekti tugevdamiseks soovitame toodet hoida k\u00fclmkapis.<\/p>\n<p>Toimeained:<br \/>\nFermenteeritud re-kollageen<br \/>\nRe-kollageen \u00d7 h\u00fcdrol\u00fc\u00fcsitud kollageen \u00d7 beeta-gl\u00fckaan<br \/>\nPika ja \u00f5rna k\u00e4\u00e4rimis- ja k\u00fcpsemisprotsessi k\u00e4igus saadakse k\u00e4\u00e4ritatud re-kollageeni ja beeta-gl\u00fckaani mikroosakesed molekulmassiga alla 4000 Da.<br \/>\nNeed osakesed imenduvad nahka p\u00f5hjalikumalt ja \u00f5rnemalt, tugevdades n\u00f5rgenenud rakke ja t\u00e4ites neid j\u00e4rk-j\u00e4rgult kiht kihi haaval.<br \/>\nNeed osakesed on rohkem rohkem kui 10 000 korda \u00f5hem kui inimese juuksekarv, tagades oluliselt parema imendumise.<\/p>\n<p>Ceramide NP x naatriumh\u00fcaluronaat<br \/>\nNiisutav h\u00fcaluroonhape libiseb nahale kergesti ja imendub kiiresti!<br \/>\nAnnab kohese niisutuse ja jahutava efekti!<br \/>\nSee niisutav veegeelkreem sisaldab naatriumh\u00fcaluronaati, mis seob niiskust 6000 korda tugevamalt kui tavaline h\u00fcaluroonhape, ja keramide NP, mis v\u00f5itleb t\u00f5husalt naha sisemise kuivuse vastu.<\/p>\n<p>Looduslikud koostisosad:<br \/>\n&#8211; Centella Asiatica ekstrakt<br \/>\n&#8211; Viigimarjaekstrakt &#8211; Rahustab nahka, tugevdab eluj\u00f5udu ja niisutust ning toetab naha kaitsebarj\u00e4\u00e4ri.<br \/>\n&#8211; Teelehe seemneekstrakt<br \/>\n&#8211; Libeda jalaka juureekstrakt &#8211; Parandab nahatooni ja elastsust, \u00fchtlustab tekstuuri ja suurendab prinkust.<\/p>\n","protected":false},"excerpt":{"rendered":"<p>See multifunktsionaalne geel sobib k\u00f5ikide esteetilise meditsiini seadmetega, sh HIFU ultraheliravi, raadiosagedusravi, galvaanilise ravi, kombineeritud ravi, k\u00fclma-sooja tehnoloogia ja laserraviga. Aitab nahka tugevdada, pakkudes intensiivset niisutust ja toitumist. Seda saab kasutada kerge massaa\u017eigeelina v\u00f5i rahustava geelmaskina p\u00e4rast protseduure. Toode soodustab naha s\u00fcgavat niisutust, \u00fchtlustab nahatooni ja silub kortse.<\/p>\n","protected":false},"featured_media":2416,"comment_status":"open","ping_status":"closed","template":"","meta":{"site-sidebar-layout":"default","site-content-layout":"","ast-site-content-layout":"default","site-content-style":"default","site-sidebar-style":"default","ast-global-header-display":"","ast-banner-title-visibility":"","ast-main-header-display":"","ast-hfb-above-header-display":"","ast-hfb-below-header-display":"","ast-hfb-mobile-header-display":"","site-post-title":"","ast-breadcrumbs-content":"","ast-featured-img":"","footer-sml-layout":"","theme-transparent-header-meta":"default","adv-header-id-meta":"","stick-header-meta":"","header-above-stick-meta":"","header-main-stick-meta":"","header-below-stick-meta":"","astra-migrate-meta-layouts":"set","ast-page-background-enabled":"default","ast-page-background-meta":{"desktop":{"background-color":"var(--ast-global-color-4)","background-image":"","background-repeat":"repeat","background-position":"center center","background-size":"auto","background-attachment":"scroll","background-type":"","background-media":"","overlay-type":"","overlay-color":"","overlay-opacity":"","overlay-gradient":""},"tablet":{"background-color":"","background-image":"","background-repeat":"repeat","background-position":"center center","background-size":"auto","background-attachment":"scroll","background-type":"","background-media":"","overlay-type":"","overlay-color":"","overlay-opacity":"","overlay-gradient":""},"mobile":{"background-color":"","background-image":"","background-repeat":"repeat","background-position":"center center","background-size":"auto","background-attachment":"scroll","background-type":"","background-media":"","overlay-type":"","overlay-color":"","overlay-opacity":"","overlay-gradient":""}},"ast-content-background-meta":{"desktop":{"background-color":"var(--ast-global-color-5)","background-image":"","background-repeat":"repeat","background-position":"center center","background-size":"auto","background-attachment":"scroll","background-type":"","background-media":"","overlay-type":"","overlay-color":"","overlay-opacity":"","overlay-gradient":""},"tablet":{"background-color":"var(--ast-global-color-5)","background-image":"","background-repeat":"repeat","background-position":"center center","background-size":"auto","background-attachment":"scroll","background-type":"","background-media":"","overlay-type":"","overlay-color":"","overlay-opacity":"","overlay-gradient":""},"mobile":{"background-color":"var(--ast-global-color-5)","background-image":"","background-repeat":"repeat","background-position":"center center","background-size":"auto","background-attachment":"scroll","background-type":"","background-media":"","overlay-type":"","overlay-color":"","overlay-opacity":"","overlay-gradient":""}}},"product_brand":[160],"product_cat":[68,130],"product_tag":[],"class_list":{"0":"post-4018","1":"product","2":"type-product","3":"status-publish","4":"has-post-thumbnail","6":"product_brand-clabiane","7":"product_cat-kosmeetika","8":"product_cat-naohooldus","9":"desktop-align-center","10":"tablet-align-center","11":"mobile-align-center","13":"first","14":"instock","15":"sale","16":"taxable","17":"shipping-taxable","18":"purchasable","19":"product-type-simple"},"_links":{"self":[{"href":"https:\/\/kinez.ee\/shop\/et\/wp-json\/wp\/v2\/product\/4018","targetHints":{"allow":["GET"]}}],"collection":[{"href":"https:\/\/kinez.ee\/shop\/et\/wp-json\/wp\/v2\/product"}],"about":[{"href":"https:\/\/kinez.ee\/shop\/et\/wp-json\/wp\/v2\/types\/product"}],"replies":[{"embeddable":true,"href":"https:\/\/kinez.ee\/shop\/et\/wp-json\/wp\/v2\/comments?post=4018"}],"wp:featuredmedia":[{"embeddable":true,"href":"https:\/\/kinez.ee\/shop\/et\/wp-json\/wp\/v2\/media\/2416"}],"wp:attachment":[{"href":"https:\/\/kinez.ee\/shop\/et\/wp-json\/wp\/v2\/media?parent=4018"}],"wp:term":[{"taxonomy":"product_brand","embeddable":true,"href":"https:\/\/kinez.ee\/shop\/et\/wp-json\/wp\/v2\/product_brand?post=4018"},{"taxonomy":"product_cat","embeddable":true,"href":"https:\/\/kinez.ee\/shop\/et\/wp-json\/wp\/v2\/product_cat?post=4018"},{"taxonomy":"product_tag","embeddable":true,"href":"https:\/\/kinez.ee\/shop\/et\/wp-json\/wp\/v2\/product_tag?post=4018"}],"curies":[{"name":"wp","href":"https:\/\/api.w.org\/{rel}","templated":true}]}}