{"id":4020,"date":"2025-09-17T18:49:28","date_gmt":"2025-09-17T18:49:28","guid":{"rendered":"https:\/\/kinez.ee\/shop\/product\/leaften-s-collagen-face-gel-cream\/"},"modified":"2026-03-08T16:55:53","modified_gmt":"2026-03-08T16:55:53","slug":"leaften-s-collagen-face-gel-cream-2","status":"publish","type":"product","link":"https:\/\/kinez.ee\/shop\/et\/toode\/leaften-s-collagen-face-gel-cream-2\/","title":{"rendered":"Hair Boom Air"},"content":{"rendered":"<p>HairBoom (Hair Beam) on L\u00f5una-Koreas asuva Won Techi toodetud meditsiiniline laserkiiver, mis on m\u00f5eldud laiemale avalikkusele. La Compagnie des Lasersi levitatav toode on t\u00e4nu oma \u00e4\u00e4rmiselt h\u00f5lpsasti kasutatavale ja valutule tehnoloogiale sammu v\u00f5rra ees tavalise juuste v\u00e4ljalangemise (alopeetsia) ravis. Vaja on vaid kiivrit p\u00e4he panna ja alustada igap\u00e4evast ravi v\u00e4hemalt 18 minutit j\u00e4rjest.<\/p>\n<p>Hair Boomi kiivrit meenutav toode on varustatud 69 laserdioodvalgustusega (LLLT), mis teeb sellest turu v\u00f5imsaima kiivri. Hair Boomi laserkiir stimuleerib nii peanahka kui ka juuksefolliikuleid, suurendades samal ajal hapniku kontsentratsiooni ja verevoolu peanahka. See varustades juuksesibulat t\u00e4iendava hapnikuga, mis v\u00f5imaldab paremat vereringet ja juuste taaskasvu.<\/p>\n<p>V\u00f5imalikult l\u00e4hedale rakendatuna tungib laserimpulss s\u00fcgavale peanahka, v\u00f5imendades seel\u00e4bi verevoolu ja toitainete varustust.<\/p>\n<p>EHTNE SEADE JUUSTE V\u00c4LJALANGEMISE ENNETAMISEKS<br \/>\nMadala tasemega laserteraapia (LLLT) p\u00f5him\u00f5tet kasutades on Hair Boom kiiveril ka meditsiiniseadmete CE-m\u00e4rgis, mis teeb sellest \u00f5igusp\u00e4rase meditsiiniseadme. V\u00e4liuuringud n\u00e4itavad, et selle igap\u00e4evane kasutamine aitab juustel kiiremini ja paksemalt kasvada vaid m\u00f5ne n\u00e4dalaga!<\/p>\n<p>Hair Boomi eelised<br \/>\n&#8211; Mobiilne ja transporditav<br \/>\n&#8211; Ergonoomiline<br \/>\n&#8211; Kiivrilaadne uuenduslik kontseptsioon<br \/>\n&#8211; Peanaha kokkupuuteaja optimeerimine<br \/>\n&#8211; Reguleeritav impulsitaimer<br \/>\n&#8211; Juuste v\u00e4ljalangemise ennetamine\/aeglustamine<br \/>\n&#8211; Parim v\u00f5imalik seisund tervete ja l\u00e4ikivate juuste jaoks<\/p>\n","protected":false},"excerpt":{"rendered":"<p>Professionaalne laserteraapia seade peanaha ja juuste igak\u00fclgseks taastamiseks. Aktiveerib folliikuleid: kasutab t\u00e4iustatud laserdioodi (LD) tehnoloogiat rakkude proliferatsiooni stimuleerimiseks, soodustades tervemate juuste kasvu. Edendab peanaha vereringet: suurendab verevoolu, et varustada nahka olulise hapniku ja toitainetega, mille tulemuseks on n\u00e4htavalt tugevamad ja paksemad juuksed. Kliiniliselt valideeritud ja t\u00f5hus: pakub t\u00f5estatud, kogu peanaha katvust h\u00f5lpsasti kasutatavas s\u00fcsteemis, tagades teie klientidele j\u00e4rjepidevad tulemused.<\/p>\n","protected":false},"featured_media":2422,"comment_status":"open","ping_status":"closed","template":"","meta":{"site-sidebar-layout":"","site-content-layout":"","ast-site-content-layout":"","site-content-style":"","site-sidebar-style":"","ast-global-header-display":"","ast-banner-title-visibility":"","ast-main-header-display":"","ast-hfb-above-header-display":"","ast-hfb-below-header-display":"","ast-hfb-mobile-header-display":"","site-post-title":"","ast-breadcrumbs-content":"","ast-featured-img":"","footer-sml-layout":"","theme-transparent-header-meta":"","adv-header-id-meta":"","stick-header-meta":"","header-above-stick-meta":"","header-main-stick-meta":"","header-below-stick-meta":"","astra-migrate-meta-layouts":"default","ast-page-background-enabled":"default","ast-page-background-meta":{"desktop":{"background-color":"var(--ast-global-color-4)","background-image":"","background-repeat":"repeat","background-position":"center center","background-size":"auto","background-attachment":"scroll","background-type":"","background-media":"","overlay-type":"","overlay-color":"","overlay-opacity":"","overlay-gradient":""},"tablet":{"background-color":"","background-image":"","background-repeat":"repeat","background-position":"center center","background-size":"auto","background-attachment":"scroll","background-type":"","background-media":"","overlay-type":"","overlay-color":"","overlay-opacity":"","overlay-gradient":""},"mobile":{"background-color":"","background-image":"","background-repeat":"repeat","background-position":"center center","background-size":"auto","background-attachment":"scroll","background-type":"","background-media":"","overlay-type":"","overlay-color":"","overlay-opacity":"","overlay-gradient":""}},"ast-content-background-meta":{"desktop":{"background-color":"var(--ast-global-color-5)","background-image":"","background-repeat":"repeat","background-position":"center center","background-size":"auto","background-attachment":"scroll","background-type":"","background-media":"","overlay-type":"","overlay-color":"","overlay-opacity":"","overlay-gradient":""},"tablet":{"background-color":"var(--ast-global-color-5)","background-image":"","background-repeat":"repeat","background-position":"center center","background-size":"auto","background-attachment":"scroll","background-type":"","background-media":"","overlay-type":"","overlay-color":"","overlay-opacity":"","overlay-gradient":""},"mobile":{"background-color":"var(--ast-global-color-5)","background-image":"","background-repeat":"repeat","background-position":"center center","background-size":"auto","background-attachment":"scroll","background-type":"","background-media":"","overlay-type":"","overlay-color":"","overlay-opacity":"","overlay-gradient":""}}},"product_brand":[162],"product_cat":[73],"product_tag":[],"class_list":{"0":"post-4020","1":"product","2":"type-product","3":"status-publish","4":"has-post-thumbnail","6":"product_brand-wontech-et","7":"product_cat-seadmed","8":"desktop-align-center","9":"tablet-align-center","10":"mobile-align-center","12":"first","13":"instock","14":"sale","15":"taxable","16":"shipping-taxable","17":"purchasable","18":"product-type-simple"},"_links":{"self":[{"href":"https:\/\/kinez.ee\/shop\/et\/wp-json\/wp\/v2\/product\/4020","targetHints":{"allow":["GET"]}}],"collection":[{"href":"https:\/\/kinez.ee\/shop\/et\/wp-json\/wp\/v2\/product"}],"about":[{"href":"https:\/\/kinez.ee\/shop\/et\/wp-json\/wp\/v2\/types\/product"}],"replies":[{"embeddable":true,"href":"https:\/\/kinez.ee\/shop\/et\/wp-json\/wp\/v2\/comments?post=4020"}],"wp:featuredmedia":[{"embeddable":true,"href":"https:\/\/kinez.ee\/shop\/et\/wp-json\/wp\/v2\/media\/2422"}],"wp:attachment":[{"href":"https:\/\/kinez.ee\/shop\/et\/wp-json\/wp\/v2\/media?parent=4020"}],"wp:term":[{"taxonomy":"product_brand","embeddable":true,"href":"https:\/\/kinez.ee\/shop\/et\/wp-json\/wp\/v2\/product_brand?post=4020"},{"taxonomy":"product_cat","embeddable":true,"href":"https:\/\/kinez.ee\/shop\/et\/wp-json\/wp\/v2\/product_cat?post=4020"},{"taxonomy":"product_tag","embeddable":true,"href":"https:\/\/kinez.ee\/shop\/et\/wp-json\/wp\/v2\/product_tag?post=4020"}],"curies":[{"name":"wp","href":"https:\/\/api.w.org\/{rel}","templated":true}]}}