{"id":4022,"date":"2025-09-17T18:49:28","date_gmt":"2025-09-17T18:49:28","guid":{"rendered":"https:\/\/kinez.ee\/shop\/product\/hair-boom-air\/"},"modified":"2026-03-24T09:19:21","modified_gmt":"2026-03-24T09:19:21","slug":"hair-boom-air","status":"publish","type":"product","link":"https:\/\/kinez.ee\/shop\/et\/toode\/hair-boom-air\/","title":{"rendered":"Hair Beam SET"},"content":{"rendered":"<h2>HairBeam Premium peanahahooldus\u0161ampoon<\/h2>\n<p><strong>HairBeam \u0161ampoon<\/strong> on tipptasemel hooldustoode, mis on loodud v\u00e4hendama juuste v\u00e4ljalangemist ja soodustama tervete juuste kasvu. Selle \u00f5rn koostis puhastab t\u00f5husalt peanahka ja juukseid ilma \u00e4rrituseta, taastades rasu ja niiskuse loomuliku tasakaalu.<\/p>\n<p>Toote s\u00fcda on \u0160veitsis v\u00e4lja t\u00f6\u00f6tatud patenteeritud kompleks <strong>Darkenyl\u00ae<\/strong>, mis aktiveerib melanots\u00fc\u00fctide t\u00fcvirakke ja taastab kahjustatud melanots\u00fc\u00fcte, aidates taastada juuste loomulikku pigmenti. Kliiniliselt on t\u00f5estatud, et <strong>Darkenyl\u00ae suurendab melaniini s\u00fcnteesi kuni 380%<\/strong> ja v\u00e4hendab folliikulite oks\u00fcdatiivset kahjustust rohkem kui 50%, pakkudes n\u00e4htavat tulemust hallide juuste v\u00e4hendamisel.<\/p>\n<p>Koostis on rikastatud <strong>kofeiini, biotiini ja looduslike taimsete ekstraktidega<\/strong>, mis v\u00e4hendavad DHT kogunemist (\u00fcks peamisi juuste v\u00e4ljalangemise p\u00f5hjuseid) ja tagavad optimaalsed tingimused tugevate juuste kasvuks.<\/p>\n<h2>HairBeam taastav ja kohevust andev palsam<\/h2>\n<p>HairBeam palsam hoolitseb juuste l\u00e4ike ja elastsuse eest. See sisaldab niisutavaid koostisosi, mis muudavad kuivad ja karedad juuksed siidiseks ja pehmeks. Looduslikud komponendid taastavad juuste struktuuri ja annavad neile terve vol\u00fc\u00fcmi.<\/p>\n<ul>\n<li><strong>Juukseotste seisukorra parandamine 28,8%<\/strong> v\u00f5rra p\u00e4rast 2-n\u00e4dalast kasutamist.<\/li>\n<li><strong>Kutiikula (kahjustatud juuste) taastamine 7,6%<\/strong> v\u00f5rra 2 n\u00e4dalaga.<\/li>\n<li>Lisab s\u00e4ra ja loomulikku kohevust.<\/li>\n<\/ul>\n<h2>HairBeam kontsentreeritud peanaha ampull<\/h2>\n<p>See on <strong>95% loodusliku p\u00e4ritoluga<\/strong> k\u00f5rgkontsentreeritud hooldus juuste v\u00e4ljalangemise vastu. Suures koguses <strong>aminohappeid, panteonooli ja tsentella ekstrakti<\/strong> viivad toitained otse peanahasse, stimuleerides juuste kasvu. Ampull leevendab peanaha \u00e4rritust, t\u00f5stab elastsust ja hooldab vananevaid juukseid otse juuretasandil.<\/p>\n<h3>Peamised eelised:<\/h3>\n<ul>\n<li>Juuste v\u00e4ljalangemise leevendamine ja tugevdamine.<\/li>\n<li>Halli karva v\u00e4hendamine ja pigmendi taastamine.<\/li>\n<li>S\u00fcgavniisutus ja toitmine.<\/li>\n<li>Peanaha rahustamine ja elastsuse suurendamine.<\/li>\n<\/ul>\n","protected":false},"excerpt":{"rendered":"<p><strong>HairBeam komplekshoolduse s\u00fcsteem<\/strong> \u2013 professionaalne lahendus juuste v\u00e4ljalangemise ja hallinemise vastu, mis p\u00f5hineb \u0160veitsi teadust\u00f6\u00f6l.<\/p>\n<ul>\n<li><strong>Premium \u0161ampoon:<\/strong> Sisaldab <strong>Darkenyl\u00ae<\/strong> kompleksi, mis suurendab melaniini s\u00fcnteesi kuni <strong>380%<\/strong>, taastades juuste loomuliku pigmendi ja peatades v\u00e4ljalangemise.<\/li>\n<li><strong>Taastav palsam:<\/strong> Kliiniliselt t\u00f5estatud juukseotste parandamine <strong>28,8%<\/strong> ja kutiikula taastamine <strong>7,6%<\/strong> v\u00f5rra vaid 14 p\u00e4evaga.<\/li>\n<li><strong>Kontsentreeritud ampull:<\/strong> <strong>95% looduslik<\/strong> koostis biotiini ja tsentellaga, mis viib toitained otse juuksejuurteni maksimaalseks kasvuks.<\/li>\n<\/ul>\n<p><em>Terviklik 3-etapiline lahendus tihedamate ja nooruslikumate juuste saavutamiseks ilma kahjulike kemikaalideta.<\/em><\/p>\n","protected":false},"featured_media":2425,"comment_status":"open","ping_status":"closed","template":"","meta":{"site-sidebar-layout":"default","site-content-layout":"","ast-site-content-layout":"default","site-content-style":"default","site-sidebar-style":"default","ast-global-header-display":"","ast-banner-title-visibility":"","ast-main-header-display":"","ast-hfb-above-header-display":"","ast-hfb-below-header-display":"","ast-hfb-mobile-header-display":"","site-post-title":"","ast-breadcrumbs-content":"","ast-featured-img":"","footer-sml-layout":"","theme-transparent-header-meta":"default","adv-header-id-meta":"","stick-header-meta":"","header-above-stick-meta":"","header-main-stick-meta":"","header-below-stick-meta":"","astra-migrate-meta-layouts":"set","ast-page-background-enabled":"default","ast-page-background-meta":{"desktop":{"background-color":"var(--ast-global-color-4)","background-image":"","background-repeat":"repeat","background-position":"center center","background-size":"auto","background-attachment":"scroll","background-type":"","background-media":"","overlay-type":"","overlay-color":"","overlay-opacity":"","overlay-gradient":""},"tablet":{"background-color":"","background-image":"","background-repeat":"repeat","background-position":"center center","background-size":"auto","background-attachment":"scroll","background-type":"","background-media":"","overlay-type":"","overlay-color":"","overlay-opacity":"","overlay-gradient":""},"mobile":{"background-color":"","background-image":"","background-repeat":"repeat","background-position":"center center","background-size":"auto","background-attachment":"scroll","background-type":"","background-media":"","overlay-type":"","overlay-color":"","overlay-opacity":"","overlay-gradient":""}},"ast-content-background-meta":{"desktop":{"background-color":"var(--ast-global-color-5)","background-image":"","background-repeat":"repeat","background-position":"center center","background-size":"auto","background-attachment":"scroll","background-type":"","background-media":"","overlay-type":"","overlay-color":"","overlay-opacity":"","overlay-gradient":""},"tablet":{"background-color":"var(--ast-global-color-5)","background-image":"","background-repeat":"repeat","background-position":"center center","background-size":"auto","background-attachment":"scroll","background-type":"","background-media":"","overlay-type":"","overlay-color":"","overlay-opacity":"","overlay-gradient":""},"mobile":{"background-color":"var(--ast-global-color-5)","background-image":"","background-repeat":"repeat","background-position":"center center","background-size":"auto","background-attachment":"scroll","background-type":"","background-media":"","overlay-type":"","overlay-color":"","overlay-opacity":"","overlay-gradient":""}}},"product_brand":[160],"product_cat":[131,133,68],"product_tag":[],"class_list":{"0":"post-4022","1":"product","2":"type-product","3":"status-publish","4":"has-post-thumbnail","6":"product_brand-clabiane","7":"product_cat-juuksehooldus","8":"product_cat-komplektid","9":"product_cat-kosmeetika","10":"desktop-align-center","11":"tablet-align-center","12":"mobile-align-center","14":"first","15":"instock","16":"taxable","17":"shipping-taxable","18":"purchasable","19":"product-type-simple"},"_links":{"self":[{"href":"https:\/\/kinez.ee\/shop\/et\/wp-json\/wp\/v2\/product\/4022","targetHints":{"allow":["GET"]}}],"collection":[{"href":"https:\/\/kinez.ee\/shop\/et\/wp-json\/wp\/v2\/product"}],"about":[{"href":"https:\/\/kinez.ee\/shop\/et\/wp-json\/wp\/v2\/types\/product"}],"replies":[{"embeddable":true,"href":"https:\/\/kinez.ee\/shop\/et\/wp-json\/wp\/v2\/comments?post=4022"}],"wp:featuredmedia":[{"embeddable":true,"href":"https:\/\/kinez.ee\/shop\/et\/wp-json\/wp\/v2\/media\/2425"}],"wp:attachment":[{"href":"https:\/\/kinez.ee\/shop\/et\/wp-json\/wp\/v2\/media?parent=4022"}],"wp:term":[{"taxonomy":"product_brand","embeddable":true,"href":"https:\/\/kinez.ee\/shop\/et\/wp-json\/wp\/v2\/product_brand?post=4022"},{"taxonomy":"product_cat","embeddable":true,"href":"https:\/\/kinez.ee\/shop\/et\/wp-json\/wp\/v2\/product_cat?post=4022"},{"taxonomy":"product_tag","embeddable":true,"href":"https:\/\/kinez.ee\/shop\/et\/wp-json\/wp\/v2\/product_tag?post=4022"}],"curies":[{"name":"wp","href":"https:\/\/api.w.org\/{rel}","templated":true}]}}