{"id":4024,"date":"2025-09-17T18:49:30","date_gmt":"2025-09-17T18:49:30","guid":{"rendered":"https:\/\/kinez.ee\/shop\/product\/double-zero-hand-mask-1-pc\/"},"modified":"2026-03-09T19:41:43","modified_gmt":"2026-03-09T19:41:43","slug":"double-zero-hand-mask-1-pc-2","status":"publish","type":"product","link":"https:\/\/kinez.ee\/shop\/et\/toode\/double-zero-hand-mask-1-pc-2\/","title":{"rendered":"BIODANCE bio collagen real deep mask 4 pcs"},"content":{"rendered":"<p>Biodance nahahooldustooted keskenduvad t\u00f5husate koostisosade tasakaalule ja pikaajalistele tulemustele.<\/p>\n<p>S\u00dcGAV NIISUTUS<br \/>\nOligo-h\u00fcaluroonhape omab niisutavat toimet, mis \u00fcletab tavalist h\u00fcaluroonhapet. Niisutab kiiresti naha pinda ja tungib s\u00fcgavatesse nahakihtidesse, tagades tervisliku ja niisutatud jume.<\/p>\n<p>POORIDE AHENDAMINE JA PINGULDAMINE<br \/>\n\u00dclimadala molekulmassiga kollageen maksimeerib naha elastsust ja annab nahale s\u00e4ra.<\/p>\n<p>BIOGLUU MASK<br \/>\nBiogluu tehnoloogia tagab maski tiheda kokkusobivuse nahaga koostisosade maksimaalse efektiivsuse saavutamiseks.<\/p>\n<p>Koostis: Bio-Cellulose, Oligo-Hyaluronic Acid, Hydrolyzed Collagen, Niacinamide, Panthenol<\/p>\n","protected":false},"excerpt":{"rendered":"<p>Biodance Bio-Collagen Real Deep Maskis leiduv oligo-h\u00fcaluroonhape omab niisutavat toimet, mis \u00fcletab tavalist h\u00fcaluroonhapet. See niisutab kiiresti naha pinda ja tungib s\u00fcgavatesse nahakihtidesse, tagades tervisliku ja niisutatud jume.<\/p>\n","protected":false},"featured_media":2590,"comment_status":"open","ping_status":"closed","template":"","meta":{"site-sidebar-layout":"","site-content-layout":"","ast-site-content-layout":"","site-content-style":"","site-sidebar-style":"","ast-global-header-display":"","ast-banner-title-visibility":"","ast-main-header-display":"","ast-hfb-above-header-display":"","ast-hfb-below-header-display":"","ast-hfb-mobile-header-display":"","site-post-title":"","ast-breadcrumbs-content":"","ast-featured-img":"","footer-sml-layout":"","theme-transparent-header-meta":"","adv-header-id-meta":"","stick-header-meta":"","header-above-stick-meta":"","header-main-stick-meta":"","header-below-stick-meta":"","astra-migrate-meta-layouts":"","ast-page-background-enabled":"default","ast-page-background-meta":{"desktop":{"background-color":"var(--ast-global-color-4)","background-image":"","background-repeat":"repeat","background-position":"center center","background-size":"auto","background-attachment":"scroll","background-type":"","background-media":"","overlay-type":"","overlay-color":"","overlay-opacity":"","overlay-gradient":""},"tablet":{"background-color":"","background-image":"","background-repeat":"repeat","background-position":"center center","background-size":"auto","background-attachment":"scroll","background-type":"","background-media":"","overlay-type":"","overlay-color":"","overlay-opacity":"","overlay-gradient":""},"mobile":{"background-color":"","background-image":"","background-repeat":"repeat","background-position":"center center","background-size":"auto","background-attachment":"scroll","background-type":"","background-media":"","overlay-type":"","overlay-color":"","overlay-opacity":"","overlay-gradient":""}},"ast-content-background-meta":{"desktop":{"background-color":"var(--ast-global-color-5)","background-image":"","background-repeat":"repeat","background-position":"center center","background-size":"auto","background-attachment":"scroll","background-type":"","background-media":"","overlay-type":"","overlay-color":"","overlay-opacity":"","overlay-gradient":""},"tablet":{"background-color":"var(--ast-global-color-5)","background-image":"","background-repeat":"repeat","background-position":"center center","background-size":"auto","background-attachment":"scroll","background-type":"","background-media":"","overlay-type":"","overlay-color":"","overlay-opacity":"","overlay-gradient":""},"mobile":{"background-color":"var(--ast-global-color-5)","background-image":"","background-repeat":"repeat","background-position":"center center","background-size":"auto","background-attachment":"scroll","background-type":"","background-media":"","overlay-type":"","overlay-color":"","overlay-opacity":"","overlay-gradient":""}}},"product_brand":[119],"product_cat":[133,68,132],"product_tag":[],"class_list":{"0":"post-4024","1":"product","2":"type-product","3":"status-publish","4":"has-post-thumbnail","6":"product_brand-biodance","7":"product_cat-komplektid","8":"product_cat-kosmeetika","9":"product_cat-maskid","10":"desktop-align-center","11":"tablet-align-center","12":"mobile-align-center","14":"first","15":"instock","16":"sale","17":"taxable","18":"shipping-taxable","19":"purchasable","20":"product-type-simple"},"_links":{"self":[{"href":"https:\/\/kinez.ee\/shop\/et\/wp-json\/wp\/v2\/product\/4024","targetHints":{"allow":["GET"]}}],"collection":[{"href":"https:\/\/kinez.ee\/shop\/et\/wp-json\/wp\/v2\/product"}],"about":[{"href":"https:\/\/kinez.ee\/shop\/et\/wp-json\/wp\/v2\/types\/product"}],"replies":[{"embeddable":true,"href":"https:\/\/kinez.ee\/shop\/et\/wp-json\/wp\/v2\/comments?post=4024"}],"wp:featuredmedia":[{"embeddable":true,"href":"https:\/\/kinez.ee\/shop\/et\/wp-json\/wp\/v2\/media\/2590"}],"wp:attachment":[{"href":"https:\/\/kinez.ee\/shop\/et\/wp-json\/wp\/v2\/media?parent=4024"}],"wp:term":[{"taxonomy":"product_brand","embeddable":true,"href":"https:\/\/kinez.ee\/shop\/et\/wp-json\/wp\/v2\/product_brand?post=4024"},{"taxonomy":"product_cat","embeddable":true,"href":"https:\/\/kinez.ee\/shop\/et\/wp-json\/wp\/v2\/product_cat?post=4024"},{"taxonomy":"product_tag","embeddable":true,"href":"https:\/\/kinez.ee\/shop\/et\/wp-json\/wp\/v2\/product_tag?post=4024"}],"curies":[{"name":"wp","href":"https:\/\/api.w.org\/{rel}","templated":true}]}}