{"id":4026,"date":"2025-09-17T18:49:30","date_gmt":"2025-09-17T18:49:30","guid":{"rendered":"https:\/\/kinez.ee\/shop\/product\/16plain-many-varios-mask-10-pcs\/"},"modified":"2026-03-08T16:55:52","modified_gmt":"2026-03-08T16:55:52","slug":"16plain-many-varios-mask-10-pcs-2","status":"publish","type":"product","link":"https:\/\/kinez.ee\/shop\/et\/toode\/16plain-many-varios-mask-10-pcs-2\/","title":{"rendered":"BIODANCE bio collagen real deep mask 1 pc"},"content":{"rendered":"<p>Biodance nahahooldustooted keskenduvad t\u00f5husate koostisosade tasakaalustamisele ja pikaajalistele tulemustele, mis \u00fcletavad ajutise efekti.<\/p>\n<p>S\u00dcGAVNIISUTUS<br \/>\nBiodance Bio-Collagen Real Deep Maskis leiduv oligo-h\u00fcaluroonhape omab niisutavat toimet, mis on parem kui tavalisel h\u00fcaluroonhappel. See niisutab kiiresti naha pinda ja tungib naha s\u00fcgavamatesse kihtidesse, mille tulemuseks on terve ja niisutatud jume.<\/p>\n<p>POORIDE AHENDAMINE JA PINGULDAVUS<br \/>\n\u00dclimadala molekulmassiga kollageen maksimeerib naha imendumist ja imendumist. See ahendab laienenud poore, parandab naha elastsust koheselt p\u00e4rast pealekandmist ja silub n\u00e4htavalt peeneid jooni ja kortse.<\/p>\n<p>TUGEVDAB NAHA BARJ\u00c4\u00c4RI<br \/>\nMeie h\u00fcdrogeelmask sisaldab 3 erinevat t\u00fc\u00fcpi probiootikume, mis tugevdavad naha barj\u00e4\u00e4ri ja ennetavad naha vananemist.<\/p>\n<p>H\u00dcPOALLERGEENNE<br \/>\nSee s\u00fcgavniisutav n\u00e4omask on valmistatud mittetoksiliste ja mitte\u00e4rritavate koostisosadega. See ei sisalda allergilisi reaktsioone p\u00f5hjustavaid koostisosi ega 19 muud karmi ja vastuolulist koostisosa. See on t\u00e4iesti ohutu tundlikule nahale.<\/p>\n<p>Kasutamine:<br \/>\n\u00dc\u00d6SEKS<br \/>\nKandke mask nahale nahahooldusrutiini l\u00f5pus ja j\u00e4tke see \u00fcle\u00f6\u00f6 peale.<br \/>\nEemaldage mask j\u00e4rgmisel hommikul p\u00e4rast head und.<\/p>\n<p>P\u00c4EVASEKS<br \/>\nP\u00e4rast naha ettevalmistamist tooniku v\u00f5i seerumiga kandke mask nahale ja j\u00e4tke see 3-4 tunniks v\u00f5i kuni see muutub l\u00e4bipaistvaks.<\/p>\n<p>PROFESSIONAALNE NIPP<br \/>\nKasutage maski silmade ja suu osa nina k\u00fclgedel, silmade all, kaelal v\u00f5i mujal, kus soovite t\u00e4iendavat niisutust ja pinguldamist.<\/p>\n","protected":false},"excerpt":{"rendered":"<p>Biodance Bio-Collagen Real Deep Maskis leiduv oligo-h\u00fcaluroonhape omab niisutavat toimet, mis on tavalisest h\u00fcaluroonhappest parem. See niisutab kiiresti naha pinda ja tungib s\u00fcgavamatesse nahakihtidesse, mille tulemuseks on terve ja niisutatud jume.<\/p>\n","protected":false},"featured_media":2599,"comment_status":"open","ping_status":"closed","template":"","meta":{"site-sidebar-layout":"","site-content-layout":"","ast-site-content-layout":"","site-content-style":"","site-sidebar-style":"","ast-global-header-display":"","ast-banner-title-visibility":"","ast-main-header-display":"","ast-hfb-above-header-display":"","ast-hfb-below-header-display":"","ast-hfb-mobile-header-display":"","site-post-title":"","ast-breadcrumbs-content":"","ast-featured-img":"","footer-sml-layout":"","theme-transparent-header-meta":"","adv-header-id-meta":"","stick-header-meta":"","header-above-stick-meta":"","header-main-stick-meta":"","header-below-stick-meta":"","astra-migrate-meta-layouts":"default","ast-page-background-enabled":"default","ast-page-background-meta":{"desktop":{"background-color":"var(--ast-global-color-4)","background-image":"","background-repeat":"repeat","background-position":"center center","background-size":"auto","background-attachment":"scroll","background-type":"","background-media":"","overlay-type":"","overlay-color":"","overlay-opacity":"","overlay-gradient":""},"tablet":{"background-color":"","background-image":"","background-repeat":"repeat","background-position":"center center","background-size":"auto","background-attachment":"scroll","background-type":"","background-media":"","overlay-type":"","overlay-color":"","overlay-opacity":"","overlay-gradient":""},"mobile":{"background-color":"","background-image":"","background-repeat":"repeat","background-position":"center center","background-size":"auto","background-attachment":"scroll","background-type":"","background-media":"","overlay-type":"","overlay-color":"","overlay-opacity":"","overlay-gradient":""}},"ast-content-background-meta":{"desktop":{"background-color":"var(--ast-global-color-5)","background-image":"","background-repeat":"repeat","background-position":"center center","background-size":"auto","background-attachment":"scroll","background-type":"","background-media":"","overlay-type":"","overlay-color":"","overlay-opacity":"","overlay-gradient":""},"tablet":{"background-color":"var(--ast-global-color-5)","background-image":"","background-repeat":"repeat","background-position":"center center","background-size":"auto","background-attachment":"scroll","background-type":"","background-media":"","overlay-type":"","overlay-color":"","overlay-opacity":"","overlay-gradient":""},"mobile":{"background-color":"var(--ast-global-color-5)","background-image":"","background-repeat":"repeat","background-position":"center center","background-size":"auto","background-attachment":"scroll","background-type":"","background-media":"","overlay-type":"","overlay-color":"","overlay-opacity":"","overlay-gradient":""}}},"product_brand":[119],"product_cat":[68,132],"product_tag":[],"class_list":{"0":"post-4026","1":"product","2":"type-product","3":"status-publish","4":"has-post-thumbnail","6":"product_brand-biodance","7":"product_cat-kosmeetika","8":"product_cat-maskid","9":"desktop-align-center","10":"tablet-align-center","11":"mobile-align-center","13":"first","14":"instock","15":"sale","16":"taxable","17":"shipping-taxable","18":"purchasable","19":"product-type-simple"},"_links":{"self":[{"href":"https:\/\/kinez.ee\/shop\/et\/wp-json\/wp\/v2\/product\/4026","targetHints":{"allow":["GET"]}}],"collection":[{"href":"https:\/\/kinez.ee\/shop\/et\/wp-json\/wp\/v2\/product"}],"about":[{"href":"https:\/\/kinez.ee\/shop\/et\/wp-json\/wp\/v2\/types\/product"}],"replies":[{"embeddable":true,"href":"https:\/\/kinez.ee\/shop\/et\/wp-json\/wp\/v2\/comments?post=4026"}],"wp:featuredmedia":[{"embeddable":true,"href":"https:\/\/kinez.ee\/shop\/et\/wp-json\/wp\/v2\/media\/2599"}],"wp:attachment":[{"href":"https:\/\/kinez.ee\/shop\/et\/wp-json\/wp\/v2\/media?parent=4026"}],"wp:term":[{"taxonomy":"product_brand","embeddable":true,"href":"https:\/\/kinez.ee\/shop\/et\/wp-json\/wp\/v2\/product_brand?post=4026"},{"taxonomy":"product_cat","embeddable":true,"href":"https:\/\/kinez.ee\/shop\/et\/wp-json\/wp\/v2\/product_cat?post=4026"},{"taxonomy":"product_tag","embeddable":true,"href":"https:\/\/kinez.ee\/shop\/et\/wp-json\/wp\/v2\/product_tag?post=4026"}],"curies":[{"name":"wp","href":"https:\/\/api.w.org\/{rel}","templated":true}]}}