{"id":4030,"date":"2025-09-17T18:49:29","date_gmt":"2025-09-17T18:49:29","guid":{"rendered":"https:\/\/kinez.ee\/shop\/product\/rafarophe-soap-dish\/"},"modified":"2026-03-08T16:55:52","modified_gmt":"2026-03-08T16:55:52","slug":"rafarophe-soap-dish-2","status":"publish","type":"product","link":"https:\/\/kinez.ee\/shop\/et\/toode\/rafarophe-soap-dish-2\/","title":{"rendered":"HAIR 4U SEASON SHAMPOO BAR 1PC"},"content":{"rendered":"<p>See mitmek\u00fclgne 4-\u00fches seep sisaldab \u0161ampooni, palsamit, du\u0161igeeli ja n\u00e4opesuvahendit. Selle looduslik pH4 valem hooldab \u00f5rnalt teie nahka ja sisaldab v\u00e4\u00e4vlikontsentratsiooni, mis on 23 600 korda k\u00f5rgem kui termilistes allikates!<br \/>\nJ\u00e4tab juuksed koheseks ja pehmeks, parandades peanaha elastsust. Puhastab koheselt peanahka toksiinidest ja liigsest rasust, j\u00e4ttes selle kergeks ja v\u00e4rskeks. V\u00e4\u00e4vlikomponendid toidavad aktiivselt peanahka, parandavad folliikulite haardumist ja v\u00e4hendavad juuste v\u00e4ljalangemist. Eemaldab k\u00f5\u00f5ma ja vahutab kergesti.<br \/>\nM\u00e4rgatavad tulemused juba p\u00e4rast esimest kasutuskorda!<\/p>\n<p>Kasutusjuhend:<br \/>\n&#8211; Vahusta seep ja masseeri 1 minut.<br \/>\n&#8211; Lase vahul 5 minutit m\u00f5juda.<br \/>\n&#8211; Loputa sooja veega.<\/p>\n","protected":false},"excerpt":{"rendered":"<p>K\u00f5ik-\u00fches tahke \u0161ampoon. H\u00fcpoallergeenne looduslike koostisosadega. Sobib k\u00f5ikidele nahat\u00fc\u00fcpidele. Ennetab vananemist ja kuiva peanaha kahjustusi. Puhastab kahjulikke koostisosi ja toidab nahka.<\/p>\n","protected":false},"featured_media":2449,"comment_status":"open","ping_status":"closed","template":"","meta":{"site-sidebar-layout":"","site-content-layout":"","ast-site-content-layout":"","site-content-style":"","site-sidebar-style":"","ast-global-header-display":"","ast-banner-title-visibility":"","ast-main-header-display":"","ast-hfb-above-header-display":"","ast-hfb-below-header-display":"","ast-hfb-mobile-header-display":"","site-post-title":"","ast-breadcrumbs-content":"","ast-featured-img":"","footer-sml-layout":"","theme-transparent-header-meta":"","adv-header-id-meta":"","stick-header-meta":"","header-above-stick-meta":"","header-main-stick-meta":"","header-below-stick-meta":"","astra-migrate-meta-layouts":"","ast-page-background-enabled":"default","ast-page-background-meta":{"desktop":{"background-color":"var(--ast-global-color-4)","background-image":"","background-repeat":"repeat","background-position":"center center","background-size":"auto","background-attachment":"scroll","background-type":"","background-media":"","overlay-type":"","overlay-color":"","overlay-opacity":"","overlay-gradient":""},"tablet":{"background-color":"","background-image":"","background-repeat":"repeat","background-position":"center center","background-size":"auto","background-attachment":"scroll","background-type":"","background-media":"","overlay-type":"","overlay-color":"","overlay-opacity":"","overlay-gradient":""},"mobile":{"background-color":"","background-image":"","background-repeat":"repeat","background-position":"center center","background-size":"auto","background-attachment":"scroll","background-type":"","background-media":"","overlay-type":"","overlay-color":"","overlay-opacity":"","overlay-gradient":""}},"ast-content-background-meta":{"desktop":{"background-color":"var(--ast-global-color-5)","background-image":"","background-repeat":"repeat","background-position":"center center","background-size":"auto","background-attachment":"scroll","background-type":"","background-media":"","overlay-type":"","overlay-color":"","overlay-opacity":"","overlay-gradient":""},"tablet":{"background-color":"var(--ast-global-color-5)","background-image":"","background-repeat":"repeat","background-position":"center center","background-size":"auto","background-attachment":"scroll","background-type":"","background-media":"","overlay-type":"","overlay-color":"","overlay-opacity":"","overlay-gradient":""},"mobile":{"background-color":"var(--ast-global-color-5)","background-image":"","background-repeat":"repeat","background-position":"center center","background-size":"auto","background-attachment":"scroll","background-type":"","background-media":"","overlay-type":"","overlay-color":"","overlay-opacity":"","overlay-gradient":""}}},"product_brand":[165],"product_cat":[131,129,68,130],"product_tag":[],"class_list":{"0":"post-4030","1":"product","2":"type-product","3":"status-publish","4":"has-post-thumbnail","6":"product_brand-rafa-rophe","7":"product_cat-juuksehooldus","8":"product_cat-kehahooldus","9":"product_cat-kosmeetika","10":"product_cat-naohooldus","11":"desktop-align-center","12":"tablet-align-center","13":"mobile-align-center","15":"first","16":"instock","17":"sale","18":"taxable","19":"shipping-taxable","20":"purchasable","21":"product-type-simple"},"_links":{"self":[{"href":"https:\/\/kinez.ee\/shop\/et\/wp-json\/wp\/v2\/product\/4030","targetHints":{"allow":["GET"]}}],"collection":[{"href":"https:\/\/kinez.ee\/shop\/et\/wp-json\/wp\/v2\/product"}],"about":[{"href":"https:\/\/kinez.ee\/shop\/et\/wp-json\/wp\/v2\/types\/product"}],"replies":[{"embeddable":true,"href":"https:\/\/kinez.ee\/shop\/et\/wp-json\/wp\/v2\/comments?post=4030"}],"wp:featuredmedia":[{"embeddable":true,"href":"https:\/\/kinez.ee\/shop\/et\/wp-json\/wp\/v2\/media\/2449"}],"wp:attachment":[{"href":"https:\/\/kinez.ee\/shop\/et\/wp-json\/wp\/v2\/media?parent=4030"}],"wp:term":[{"taxonomy":"product_brand","embeddable":true,"href":"https:\/\/kinez.ee\/shop\/et\/wp-json\/wp\/v2\/product_brand?post=4030"},{"taxonomy":"product_cat","embeddable":true,"href":"https:\/\/kinez.ee\/shop\/et\/wp-json\/wp\/v2\/product_cat?post=4030"},{"taxonomy":"product_tag","embeddable":true,"href":"https:\/\/kinez.ee\/shop\/et\/wp-json\/wp\/v2\/product_tag?post=4030"}],"curies":[{"name":"wp","href":"https:\/\/api.w.org\/{rel}","templated":true}]}}