{"id":4036,"date":"2025-09-17T18:49:29","date_gmt":"2025-09-17T18:49:29","guid":{"rendered":"https:\/\/kinez.ee\/shop\/product\/rafarophe-soap-dish-4u-season-shampoo-bar-treatment-hair-2pcs\/"},"modified":"2026-03-08T16:55:53","modified_gmt":"2026-03-08T16:55:53","slug":"rafarophe-soap-dish-4u-season-shampoo-bar-treatment-hair-2pcs-2","status":"publish","type":"product","link":"https:\/\/kinez.ee\/shop\/et\/toode\/rafarophe-soap-dish-4u-season-shampoo-bar-treatment-hair-2pcs-2\/","title":{"rendered":"RAFAROPHE SUNMIHAN JIN RELAXING CREAM (50ml)"},"content":{"rendered":"<p>Kvaliteetsed \u017een\u0161enni ja pudelk\u00f5rvitsa ekstraktid ning suureviljalise amaranti ekstrakt reageerivad kiiresti naha seisundi muutustele ja aitavad s\u00e4ilitada seda pikka aega algses terves olekus.<br \/>\nAnnab pikaajalise niisutuse ilma kleepuva tundeta. Sellel on meeldiv l\u00f5hn ja looduslik koostis, mis on loodud terve ja s\u00e4rava naha edendamiseks. See annab teie nahale terve ja puhanud v\u00e4limuse. See k\u00f5rvaldab ebat\u00e4iused ja muudab naha pringiks.<\/p>\n<p>Kasutamine:<br \/>\nP\u00c4EVAL<br \/>\n&#8220;P\u00e4rast hommikust puhastamist kandke n\u00e4o kontuuridele kerge kiht.<br \/>\nIsegi ilma kleepuvuse v\u00f5i rasvasuseta p\u00fcsib niisutus kogu p\u00e4eva.&#8221;<br \/>\n\u00d6\u00d6SEL<br \/>\n&#8220;\u00d5htuse nahahooldusrutiini viimases etapis kandke peale rikkalik kiht.<br \/>\nHommikuks on teie nahk n\u00e4htavalt uuenenud.&#8221;<\/p>\n","protected":false},"excerpt":{"rendered":"<p>Kahefunktsiooniline professionaalne kreem, mis on loodud valgendamiseks ja kortsude v\u00e4hendamiseks. Haruldase punase Korea \u017een\u0161enniga rikastatud kreem toidab ja elustab v\u00e4sinud ja stressis nahka. Ideaalne \u00f5htuseks v\u00f5i protseduurij\u00e4rgseks hoolduseks, aidates taastada naha tasakaalu ja toetades uuenemist.<\/p>\n","protected":false},"featured_media":2470,"comment_status":"open","ping_status":"closed","template":"","meta":{"site-sidebar-layout":"","site-content-layout":"","ast-site-content-layout":"","site-content-style":"","site-sidebar-style":"","ast-global-header-display":"","ast-banner-title-visibility":"","ast-main-header-display":"","ast-hfb-above-header-display":"","ast-hfb-below-header-display":"","ast-hfb-mobile-header-display":"","site-post-title":"","ast-breadcrumbs-content":"","ast-featured-img":"","footer-sml-layout":"","theme-transparent-header-meta":"","adv-header-id-meta":"","stick-header-meta":"","header-above-stick-meta":"","header-main-stick-meta":"","header-below-stick-meta":"","astra-migrate-meta-layouts":"","ast-page-background-enabled":"default","ast-page-background-meta":{"desktop":{"background-color":"var(--ast-global-color-4)","background-image":"","background-repeat":"repeat","background-position":"center center","background-size":"auto","background-attachment":"scroll","background-type":"","background-media":"","overlay-type":"","overlay-color":"","overlay-opacity":"","overlay-gradient":""},"tablet":{"background-color":"","background-image":"","background-repeat":"repeat","background-position":"center center","background-size":"auto","background-attachment":"scroll","background-type":"","background-media":"","overlay-type":"","overlay-color":"","overlay-opacity":"","overlay-gradient":""},"mobile":{"background-color":"","background-image":"","background-repeat":"repeat","background-position":"center center","background-size":"auto","background-attachment":"scroll","background-type":"","background-media":"","overlay-type":"","overlay-color":"","overlay-opacity":"","overlay-gradient":""}},"ast-content-background-meta":{"desktop":{"background-color":"var(--ast-global-color-5)","background-image":"","background-repeat":"repeat","background-position":"center center","background-size":"auto","background-attachment":"scroll","background-type":"","background-media":"","overlay-type":"","overlay-color":"","overlay-opacity":"","overlay-gradient":""},"tablet":{"background-color":"var(--ast-global-color-5)","background-image":"","background-repeat":"repeat","background-position":"center center","background-size":"auto","background-attachment":"scroll","background-type":"","background-media":"","overlay-type":"","overlay-color":"","overlay-opacity":"","overlay-gradient":""},"mobile":{"background-color":"var(--ast-global-color-5)","background-image":"","background-repeat":"repeat","background-position":"center center","background-size":"auto","background-attachment":"scroll","background-type":"","background-media":"","overlay-type":"","overlay-color":"","overlay-opacity":"","overlay-gradient":""}}},"product_brand":[165],"product_cat":[68,130],"product_tag":[],"class_list":{"0":"post-4036","1":"product","2":"type-product","3":"status-publish","4":"has-post-thumbnail","6":"product_brand-rafa-rophe","7":"product_cat-kosmeetika","8":"product_cat-naohooldus","9":"desktop-align-center","10":"tablet-align-center","11":"mobile-align-center","13":"first","14":"instock","15":"sale","16":"taxable","17":"shipping-taxable","18":"purchasable","19":"product-type-simple"},"_links":{"self":[{"href":"https:\/\/kinez.ee\/shop\/et\/wp-json\/wp\/v2\/product\/4036","targetHints":{"allow":["GET"]}}],"collection":[{"href":"https:\/\/kinez.ee\/shop\/et\/wp-json\/wp\/v2\/product"}],"about":[{"href":"https:\/\/kinez.ee\/shop\/et\/wp-json\/wp\/v2\/types\/product"}],"replies":[{"embeddable":true,"href":"https:\/\/kinez.ee\/shop\/et\/wp-json\/wp\/v2\/comments?post=4036"}],"wp:featuredmedia":[{"embeddable":true,"href":"https:\/\/kinez.ee\/shop\/et\/wp-json\/wp\/v2\/media\/2470"}],"wp:attachment":[{"href":"https:\/\/kinez.ee\/shop\/et\/wp-json\/wp\/v2\/media?parent=4036"}],"wp:term":[{"taxonomy":"product_brand","embeddable":true,"href":"https:\/\/kinez.ee\/shop\/et\/wp-json\/wp\/v2\/product_brand?post=4036"},{"taxonomy":"product_cat","embeddable":true,"href":"https:\/\/kinez.ee\/shop\/et\/wp-json\/wp\/v2\/product_cat?post=4036"},{"taxonomy":"product_tag","embeddable":true,"href":"https:\/\/kinez.ee\/shop\/et\/wp-json\/wp\/v2\/product_tag?post=4036"}],"curies":[{"name":"wp","href":"https:\/\/api.w.org\/{rel}","templated":true}]}}