{"id":4038,"date":"2025-09-17T18:49:29","date_gmt":"2025-09-17T18:49:29","guid":{"rendered":"https:\/\/kinez.ee\/shop\/product\/rafarophe-sunmihan-jin-relaxing-cream\/"},"modified":"2026-03-08T16:55:53","modified_gmt":"2026-03-08T16:55:53","slug":"rafarophe-sunmihan-jin-relaxing-cream-2","status":"publish","type":"product","link":"https:\/\/kinez.ee\/shop\/et\/toode\/rafarophe-sunmihan-jin-relaxing-cream-2\/","title":{"rendered":"RAFAROPHE RAPHANANO SULFUR BOOSTER FLUID (150g)"},"content":{"rendered":"<p>Innovatiivne nanov\u00e4\u00e4vliga v\u00f5imendusvedelik terve ja s\u00e4rava naha jaoks.<br \/>\nRAFAROPHE RAPHANANO SULFUR BOOSTER FLUID on valmistatud \u00fclipuhta nanov\u00e4\u00e4vliga, mis tungib s\u00fcgavale nahka, aidates taastada selle loomulikku tasakaalu ja kaitsefunktsioone.<\/p>\n<p>&#8211; Intensiivne niisutus \u2013 k\u00f5rvaldab kuivuse, j\u00e4ttes naha mugavaks ja pehmeks.<br \/>\n&#8211; Looduslik hooldus \u2013 rikastatud looduslike koostisosadega \u00f5rnaks taastamiseks.<br \/>\n&#8211; S\u00e4ra ja v\u00e4rskus \u2013 taastab naha eluj\u00f5u, j\u00e4ttes selle siledamaks ja toidetumaks.<br \/>\n&#8211; Kohene toime \u2013 kerge piimjas tekstuur imendub kiiresti, j\u00e4tmata kleepuvat tunnet.<\/p>\n<p>Kasutusjuhend:<br \/>\n1. Puhastage nahk ja kasutage vajadusel toonikut.<br \/>\n2. Kandke v\u00e4ike kogus v\u00f5imendusvedelikku n\u00e4ole ja kaelale.<br \/>\n3. Masseerige \u00f5rnalt, kuni see on t\u00e4ielikult imendunud.<br \/>\n4. J\u00e4tkake oma tavap\u00e4rase kreemi v\u00f5i seerumiga.<\/p>\n<p>Soovitatav kasutada iga p\u00e4ev, hommikul ja \u00f5htul. Probleemse naha puhul soovitame Rafavitat kasutada puhastusre\u017eiimi osana.<\/p>\n<p>Kellele see sobib:<br \/>\n\u2022 K\u00f5ikidele nahat\u00fc\u00fcpidele, sh tundlikule.<br \/>\n\u2022 Kuivale ja deh\u00fcdreeritud nahale.<br \/>\n\u2022 Tuhmile, v\u00e4sinud ja eba\u00fchtlasele nahatoonile.<br \/>\n\u2022 Ebat\u00e4iuslikkusele kalduva naha ennetamiseks ja hoolduseks.<br \/>\n\u2022 Neile, kes soovivad oma p\u00f5hilise nahahooldusrutiini t\u00f5husust parandada.<\/p>\n","protected":false},"excerpt":{"rendered":"<p>V\u00e4\u00e4vlirikas vedelik. Universaalne puhastusvahend, mis sobib igale nahat\u00fc\u00fcbile. Patenteeritud nano-v\u00e4\u00e4vliosakesed tungivad s\u00fcgavale, pakkudes intensiivset niisutust ja siledust. Sisaldab \u00fclik\u00f5rges kontsentratsioonis 120 000 ppm v\u00e4\u00e4vlit, pakkudes kodus kuumaveeallikahoolduse eeliseid.<\/p>\n","protected":false},"featured_media":2476,"comment_status":"open","ping_status":"closed","template":"","meta":{"site-sidebar-layout":"","site-content-layout":"","ast-site-content-layout":"","site-content-style":"","site-sidebar-style":"","ast-global-header-display":"","ast-banner-title-visibility":"","ast-main-header-display":"","ast-hfb-above-header-display":"","ast-hfb-below-header-display":"","ast-hfb-mobile-header-display":"","site-post-title":"","ast-breadcrumbs-content":"","ast-featured-img":"","footer-sml-layout":"","theme-transparent-header-meta":"","adv-header-id-meta":"","stick-header-meta":"","header-above-stick-meta":"","header-main-stick-meta":"","header-below-stick-meta":"","astra-migrate-meta-layouts":"","ast-page-background-enabled":"default","ast-page-background-meta":{"desktop":{"background-color":"var(--ast-global-color-4)","background-image":"","background-repeat":"repeat","background-position":"center center","background-size":"auto","background-attachment":"scroll","background-type":"","background-media":"","overlay-type":"","overlay-color":"","overlay-opacity":"","overlay-gradient":""},"tablet":{"background-color":"","background-image":"","background-repeat":"repeat","background-position":"center center","background-size":"auto","background-attachment":"scroll","background-type":"","background-media":"","overlay-type":"","overlay-color":"","overlay-opacity":"","overlay-gradient":""},"mobile":{"background-color":"","background-image":"","background-repeat":"repeat","background-position":"center center","background-size":"auto","background-attachment":"scroll","background-type":"","background-media":"","overlay-type":"","overlay-color":"","overlay-opacity":"","overlay-gradient":""}},"ast-content-background-meta":{"desktop":{"background-color":"var(--ast-global-color-5)","background-image":"","background-repeat":"repeat","background-position":"center center","background-size":"auto","background-attachment":"scroll","background-type":"","background-media":"","overlay-type":"","overlay-color":"","overlay-opacity":"","overlay-gradient":""},"tablet":{"background-color":"var(--ast-global-color-5)","background-image":"","background-repeat":"repeat","background-position":"center center","background-size":"auto","background-attachment":"scroll","background-type":"","background-media":"","overlay-type":"","overlay-color":"","overlay-opacity":"","overlay-gradient":""},"mobile":{"background-color":"var(--ast-global-color-5)","background-image":"","background-repeat":"repeat","background-position":"center center","background-size":"auto","background-attachment":"scroll","background-type":"","background-media":"","overlay-type":"","overlay-color":"","overlay-opacity":"","overlay-gradient":""}}},"product_brand":[165],"product_cat":[129,68,130],"product_tag":[],"class_list":{"0":"post-4038","1":"product","2":"type-product","3":"status-publish","4":"has-post-thumbnail","6":"product_brand-rafa-rophe","7":"product_cat-kehahooldus","8":"product_cat-kosmeetika","9":"product_cat-naohooldus","10":"desktop-align-center","11":"tablet-align-center","12":"mobile-align-center","14":"first","15":"instock","16":"sale","17":"taxable","18":"shipping-taxable","19":"purchasable","20":"product-type-simple"},"_links":{"self":[{"href":"https:\/\/kinez.ee\/shop\/et\/wp-json\/wp\/v2\/product\/4038","targetHints":{"allow":["GET"]}}],"collection":[{"href":"https:\/\/kinez.ee\/shop\/et\/wp-json\/wp\/v2\/product"}],"about":[{"href":"https:\/\/kinez.ee\/shop\/et\/wp-json\/wp\/v2\/types\/product"}],"replies":[{"embeddable":true,"href":"https:\/\/kinez.ee\/shop\/et\/wp-json\/wp\/v2\/comments?post=4038"}],"wp:featuredmedia":[{"embeddable":true,"href":"https:\/\/kinez.ee\/shop\/et\/wp-json\/wp\/v2\/media\/2476"}],"wp:attachment":[{"href":"https:\/\/kinez.ee\/shop\/et\/wp-json\/wp\/v2\/media?parent=4038"}],"wp:term":[{"taxonomy":"product_brand","embeddable":true,"href":"https:\/\/kinez.ee\/shop\/et\/wp-json\/wp\/v2\/product_brand?post=4038"},{"taxonomy":"product_cat","embeddable":true,"href":"https:\/\/kinez.ee\/shop\/et\/wp-json\/wp\/v2\/product_cat?post=4038"},{"taxonomy":"product_tag","embeddable":true,"href":"https:\/\/kinez.ee\/shop\/et\/wp-json\/wp\/v2\/product_tag?post=4038"}],"curies":[{"name":"wp","href":"https:\/\/api.w.org\/{rel}","templated":true}]}}