{"id":4040,"date":"2025-09-17T18:49:29","date_gmt":"2025-09-17T18:49:29","guid":{"rendered":"https:\/\/kinez.ee\/shop\/product\/rafarophe-raphanano-sulfur-booster-fluid\/"},"modified":"2026-03-08T16:55:53","modified_gmt":"2026-03-08T16:55:53","slug":"rafarophe-raphanano-sulfur-booster-fluid-2","status":"publish","type":"product","link":"https:\/\/kinez.ee\/shop\/et\/toode\/rafarophe-raphanano-sulfur-booster-fluid-2\/","title":{"rendered":"RAFAROPHE RAPAVITA POWDER BUBBLE WASH (100g)"},"content":{"rendered":"<p>V\u00f5imas antioks\u00fcdant \u2013 C-vitamiin. N\u00fc\u00fcd mitte ainult sisemiseks kasutamiseks, vaid ka nahale.<\/p>\n<p>Rafavita vitamiiniteraapia eelised:<br \/>\n\u2022\u2060 \u2060K\u00f5rge C-vitamiini sisaldus \u2013 samav\u00e4\u00e4rne 309 apelsiniga<br \/>\n\u2022\u2060 \u2060Antioks\u00fcdant astaksantiin on 6000 korda v\u00f5imsam kui C-vitamiin<br \/>\n\u2022\u2060 \u2060Looduslik mineraal illiit<\/p>\n<p>Kolm \u00fclimalt kontsentreeritud antioks\u00fcdantset koostisosa pulbri kujul!<\/p>\n<p>S\u00e4rava ja pringi naha jaoks \u2013 C-vitamiin, mis on samav\u00e4\u00e4rne 309 apelsiniga.<br \/>\nC-vitamiin ennetab naha vananemist, aitab liigse pigmentatsiooni vastu, soodustab kollageeni tootmist ja on naha elastsuse jaoks h\u00e4davajalik.<\/p>\n<p>Astaksantiin on v\u00f5imas antioks\u00fcdant, 6000 korda tugevam kui C-vitamiin, 550 korda tugevam kui E-vitamiin, 560 korda tugevam kui roheline tee ja 36 korda tugevam kui beetakaroteen.<br \/>\nEkstraheeritud mikrovetikatest, patenteeritud RafaRophe poolt.<\/p>\n<p>Illiit on looduslik mineraal, mis turgutab nahka immuunsust ja puhastab seda.<br \/>\nSee loob kaitsebarj\u00e4\u00e4ri, niisutab ja heledab nahka ning toimib loodusliku antioks\u00fcdandina.<\/p>\n<p>Kasutage julgelt. Tunnustatud mitte\u00e4rritavaks isegi tundlikule nahale. Kliiniliselt t\u00f5estatud efektiivsus.<br \/>\nPuhastab surnud naharakud ja peene mustuse, testitud mitte\u00e4rritava toime osas.<\/p>\n<p>Kasutage kaks korda p\u00e4evas niisutatud ja pingul naha saavutamiseks.<br \/>\n1. Valage v\u00e4ike kogus puudrit peopessa ja lisage veidi vett.<br \/>\n2. Oodake 10 sekundit, kuni tekib vitamiinirikas vaht.<br \/>\n3. Masseerige vahtu n\u00e4ole, nagu puhastaksite nahka.<\/p>\n","protected":false},"excerpt":{"rendered":"<p>RafaRophe Rapavita Powder Bubble Wash on professionaalne s\u00e4ra andev puhastusvahend, mis on rikastatud suure annuse C-vitamiiniga \u2013 309 korda rohkem kui apelsinis. See pakub tugevat antioks\u00fcdantset kaitset, aitab kaitsta nahabarj\u00e4\u00e4ri ja ennetab enneaegset rakkude vananemist, muutes naha puhtamaks, s\u00e4ravamaks ja vastupidavamaks.<\/p>\n","protected":false},"featured_media":2482,"comment_status":"open","ping_status":"closed","template":"","meta":{"site-sidebar-layout":"","site-content-layout":"","ast-site-content-layout":"","site-content-style":"","site-sidebar-style":"","ast-global-header-display":"","ast-banner-title-visibility":"","ast-main-header-display":"","ast-hfb-above-header-display":"","ast-hfb-below-header-display":"","ast-hfb-mobile-header-display":"","site-post-title":"","ast-breadcrumbs-content":"","ast-featured-img":"","footer-sml-layout":"","theme-transparent-header-meta":"","adv-header-id-meta":"","stick-header-meta":"","header-above-stick-meta":"","header-main-stick-meta":"","header-below-stick-meta":"","astra-migrate-meta-layouts":"","ast-page-background-enabled":"default","ast-page-background-meta":{"desktop":{"background-color":"var(--ast-global-color-4)","background-image":"","background-repeat":"repeat","background-position":"center center","background-size":"auto","background-attachment":"scroll","background-type":"","background-media":"","overlay-type":"","overlay-color":"","overlay-opacity":"","overlay-gradient":""},"tablet":{"background-color":"","background-image":"","background-repeat":"repeat","background-position":"center center","background-size":"auto","background-attachment":"scroll","background-type":"","background-media":"","overlay-type":"","overlay-color":"","overlay-opacity":"","overlay-gradient":""},"mobile":{"background-color":"","background-image":"","background-repeat":"repeat","background-position":"center center","background-size":"auto","background-attachment":"scroll","background-type":"","background-media":"","overlay-type":"","overlay-color":"","overlay-opacity":"","overlay-gradient":""}},"ast-content-background-meta":{"desktop":{"background-color":"var(--ast-global-color-5)","background-image":"","background-repeat":"repeat","background-position":"center center","background-size":"auto","background-attachment":"scroll","background-type":"","background-media":"","overlay-type":"","overlay-color":"","overlay-opacity":"","overlay-gradient":""},"tablet":{"background-color":"var(--ast-global-color-5)","background-image":"","background-repeat":"repeat","background-position":"center center","background-size":"auto","background-attachment":"scroll","background-type":"","background-media":"","overlay-type":"","overlay-color":"","overlay-opacity":"","overlay-gradient":""},"mobile":{"background-color":"var(--ast-global-color-5)","background-image":"","background-repeat":"repeat","background-position":"center center","background-size":"auto","background-attachment":"scroll","background-type":"","background-media":"","overlay-type":"","overlay-color":"","overlay-opacity":"","overlay-gradient":""}}},"product_brand":[165],"product_cat":[68,130],"product_tag":[],"class_list":{"0":"post-4040","1":"product","2":"type-product","3":"status-publish","4":"has-post-thumbnail","6":"product_brand-rafa-rophe","7":"product_cat-kosmeetika","8":"product_cat-naohooldus","9":"desktop-align-center","10":"tablet-align-center","11":"mobile-align-center","13":"first","14":"instock","15":"sale","16":"taxable","17":"shipping-taxable","18":"purchasable","19":"product-type-simple"},"_links":{"self":[{"href":"https:\/\/kinez.ee\/shop\/et\/wp-json\/wp\/v2\/product\/4040","targetHints":{"allow":["GET"]}}],"collection":[{"href":"https:\/\/kinez.ee\/shop\/et\/wp-json\/wp\/v2\/product"}],"about":[{"href":"https:\/\/kinez.ee\/shop\/et\/wp-json\/wp\/v2\/types\/product"}],"replies":[{"embeddable":true,"href":"https:\/\/kinez.ee\/shop\/et\/wp-json\/wp\/v2\/comments?post=4040"}],"wp:featuredmedia":[{"embeddable":true,"href":"https:\/\/kinez.ee\/shop\/et\/wp-json\/wp\/v2\/media\/2482"}],"wp:attachment":[{"href":"https:\/\/kinez.ee\/shop\/et\/wp-json\/wp\/v2\/media?parent=4040"}],"wp:term":[{"taxonomy":"product_brand","embeddable":true,"href":"https:\/\/kinez.ee\/shop\/et\/wp-json\/wp\/v2\/product_brand?post=4040"},{"taxonomy":"product_cat","embeddable":true,"href":"https:\/\/kinez.ee\/shop\/et\/wp-json\/wp\/v2\/product_cat?post=4040"},{"taxonomy":"product_tag","embeddable":true,"href":"https:\/\/kinez.ee\/shop\/et\/wp-json\/wp\/v2\/product_tag?post=4040"}],"curies":[{"name":"wp","href":"https:\/\/api.w.org\/{rel}","templated":true}]}}