{"id":4042,"date":"2025-09-17T18:49:29","date_gmt":"2025-09-17T18:49:29","guid":{"rendered":"https:\/\/kinez.ee\/shop\/product\/rafarophe-rapavita-powder-bubble-wash\/"},"modified":"2026-03-08T16:55:53","modified_gmt":"2026-03-08T16:55:53","slug":"rafarophe-rapavita-powder-bubble-wash-2","status":"publish","type":"product","link":"https:\/\/kinez.ee\/shop\/et\/toode\/rafarophe-rapavita-powder-bubble-wash-2\/","title":{"rendered":"RAFAROPHE SUNMIHAN JIN MIST SERUM (100ml)"},"content":{"rendered":"<p>Puhtast Jungpyeongi piirkonnast p\u00e4rit \u00fclikontsentreeritud \u017een\u0161enniekstrakt ja funktsionaalsete koostisosadega looduslik orgaaniline udu.<br \/>\nSunmihan Jin Mist seerum toidab nahka esmaklassiliste koostisosadega.<br \/>\nKaitseb iga p\u00e4ev v\u00e4liste m\u00f5jude poolt stressis nahka, j\u00e4ttes selle siledaks, niisutatuks ja rahustatuks \u2013 niisutav ja v\u00e4hese \u00e4rritusega Jin Mist seerum.<br \/>\n\u2060Nahka rahustav toime<br \/>\n\u2022\u2060 \u2060V\u00e4hese \u00e4rrituse testimine on l\u00e4bitud \u2013 ohutu valem<br \/>\n\u2022\u2060 \u206011 t\u00fc\u00fcpi h\u00fcaluroonhapet<br \/>\n\u2022\u2060 \u2060EWG roheline klass (ohutud koostisosad)<br \/>\n\u2022\u2060 \u2060Pealekandmine ja kortsudevastane toime<\/p>\n<p>Kasutamine:<br \/>\n1. P\u00e4rast puhastamist valmistage nahk ette.<br \/>\n2. Enne kasutamist loksutage pudelit \u00f5rnalt 3\u20135 korda, et sisu korralikult segada.<br \/>\n3. Hoides pudelit 10\u201320 cm kaugusel, pihustage n\u00e4ole v\u00f5i kehale.<br \/>\n4. Koputage toodet \u00f5rnalt nahka, et see s\u00fcgavale imenduks.<\/p>\n","protected":false},"excerpt":{"rendered":"<p>Kahefunktsiooniline kosmeetikavahend valgendamiseks ja kortsude v\u00e4hendamiseks. V\u00e4sinud v\u00f5i stressis nahale, mis vajab erilist hooldust. Toitaineterikas koostis, mis sisaldab t\u00e4ielikku \u017een\u0161enni koostisosade spektrit. Rikastatud haruldase punase Korea \u017een\u0161enniga taaselustamiseks ja taastamiseks.<\/p>\n","protected":false},"featured_media":2488,"comment_status":"open","ping_status":"closed","template":"","meta":{"site-sidebar-layout":"","site-content-layout":"","ast-site-content-layout":"","site-content-style":"","site-sidebar-style":"","ast-global-header-display":"","ast-banner-title-visibility":"","ast-main-header-display":"","ast-hfb-above-header-display":"","ast-hfb-below-header-display":"","ast-hfb-mobile-header-display":"","site-post-title":"","ast-breadcrumbs-content":"","ast-featured-img":"","footer-sml-layout":"","theme-transparent-header-meta":"","adv-header-id-meta":"","stick-header-meta":"","header-above-stick-meta":"","header-main-stick-meta":"","header-below-stick-meta":"","astra-migrate-meta-layouts":"","ast-page-background-enabled":"default","ast-page-background-meta":{"desktop":{"background-color":"var(--ast-global-color-4)","background-image":"","background-repeat":"repeat","background-position":"center center","background-size":"auto","background-attachment":"scroll","background-type":"","background-media":"","overlay-type":"","overlay-color":"","overlay-opacity":"","overlay-gradient":""},"tablet":{"background-color":"","background-image":"","background-repeat":"repeat","background-position":"center center","background-size":"auto","background-attachment":"scroll","background-type":"","background-media":"","overlay-type":"","overlay-color":"","overlay-opacity":"","overlay-gradient":""},"mobile":{"background-color":"","background-image":"","background-repeat":"repeat","background-position":"center center","background-size":"auto","background-attachment":"scroll","background-type":"","background-media":"","overlay-type":"","overlay-color":"","overlay-opacity":"","overlay-gradient":""}},"ast-content-background-meta":{"desktop":{"background-color":"var(--ast-global-color-5)","background-image":"","background-repeat":"repeat","background-position":"center center","background-size":"auto","background-attachment":"scroll","background-type":"","background-media":"","overlay-type":"","overlay-color":"","overlay-opacity":"","overlay-gradient":""},"tablet":{"background-color":"var(--ast-global-color-5)","background-image":"","background-repeat":"repeat","background-position":"center center","background-size":"auto","background-attachment":"scroll","background-type":"","background-media":"","overlay-type":"","overlay-color":"","overlay-opacity":"","overlay-gradient":""},"mobile":{"background-color":"var(--ast-global-color-5)","background-image":"","background-repeat":"repeat","background-position":"center center","background-size":"auto","background-attachment":"scroll","background-type":"","background-media":"","overlay-type":"","overlay-color":"","overlay-opacity":"","overlay-gradient":""}}},"product_brand":[165],"product_cat":[68,130],"product_tag":[],"class_list":{"0":"post-4042","1":"product","2":"type-product","3":"status-publish","4":"has-post-thumbnail","6":"product_brand-rafa-rophe","7":"product_cat-kosmeetika","8":"product_cat-naohooldus","9":"desktop-align-center","10":"tablet-align-center","11":"mobile-align-center","13":"first","14":"instock","15":"sale","16":"taxable","17":"shipping-taxable","18":"purchasable","19":"product-type-simple"},"_links":{"self":[{"href":"https:\/\/kinez.ee\/shop\/et\/wp-json\/wp\/v2\/product\/4042","targetHints":{"allow":["GET"]}}],"collection":[{"href":"https:\/\/kinez.ee\/shop\/et\/wp-json\/wp\/v2\/product"}],"about":[{"href":"https:\/\/kinez.ee\/shop\/et\/wp-json\/wp\/v2\/types\/product"}],"replies":[{"embeddable":true,"href":"https:\/\/kinez.ee\/shop\/et\/wp-json\/wp\/v2\/comments?post=4042"}],"wp:featuredmedia":[{"embeddable":true,"href":"https:\/\/kinez.ee\/shop\/et\/wp-json\/wp\/v2\/media\/2488"}],"wp:attachment":[{"href":"https:\/\/kinez.ee\/shop\/et\/wp-json\/wp\/v2\/media?parent=4042"}],"wp:term":[{"taxonomy":"product_brand","embeddable":true,"href":"https:\/\/kinez.ee\/shop\/et\/wp-json\/wp\/v2\/product_brand?post=4042"},{"taxonomy":"product_cat","embeddable":true,"href":"https:\/\/kinez.ee\/shop\/et\/wp-json\/wp\/v2\/product_cat?post=4042"},{"taxonomy":"product_tag","embeddable":true,"href":"https:\/\/kinez.ee\/shop\/et\/wp-json\/wp\/v2\/product_tag?post=4042"}],"curies":[{"name":"wp","href":"https:\/\/api.w.org\/{rel}","templated":true}]}}