{"id":4048,"date":"2025-09-17T18:49:29","date_gmt":"2025-09-17T18:49:29","guid":{"rendered":"https:\/\/kinez.ee\/shop\/product\/cc-cream-acido-hialuronico-medium\/"},"modified":"2026-03-09T19:41:43","modified_gmt":"2026-03-09T19:41:43","slug":"cc-cream-acido-hialuronico-medium-2","status":"publish","type":"product","link":"https:\/\/kinez.ee\/shop\/et\/toode\/cc-cream-acido-hialuronico-medium-2\/","title":{"rendered":"Tenzero eye patch collagen 5 pcs"},"content":{"rendered":"<p>TENZERO REJUVENATING HYDROGEL EYE PATCH COLLAGEN on kollageeniga rikastatud silmaplaastrid, mis annavad silmadele v\u00e4rske ja s\u00e4rava v\u00e4limuse. Need mitte ainult ei niisuta ja toida s\u00fcgavalt, vaid aitavad ka v\u00f5idelda vananemise esimeste m\u00e4rkidega \u2014 peente joonte, l\u00f5tvumise ja tuhmumisega.<\/p>\n<p>Iga pehme plaaster on immutatud toitva seerumiga, mis sisaldab kollageeni, h\u00fcaluroonhapet, taimseid ekstrakts ja vitamiine. Kollageen parandab naha elastsust, h\u00fcaluroonhape niisutab intensiivselt ning taimsed ekstraktid rahustavad ja toonivad silma\u00fcmbrust.<\/p>\n<p>Kasutamine: kanna plaastrid silmade alla 20\u201330 minutiks, seej\u00e4rel eemalda ja masseeri seerumi j\u00e4\u00e4gid \u00f5rnalt nahasse.<\/p>\n","protected":false},"excerpt":{"rendered":"<p>H\u00fcdrogeelplaastrid super-sobivusega pakuvad s\u00fcgavat niisutust ja s\u00e4ra. Kortsude parandamine. V\u00f5imas toitumine ja jahutav efekt niisutatud silma\u00fcmbruse jaoks.<\/p>\n","protected":false},"featured_media":2506,"comment_status":"open","ping_status":"closed","template":"","meta":{"site-sidebar-layout":"","site-content-layout":"","ast-site-content-layout":"","site-content-style":"","site-sidebar-style":"","ast-global-header-display":"","ast-banner-title-visibility":"","ast-main-header-display":"","ast-hfb-above-header-display":"","ast-hfb-below-header-display":"","ast-hfb-mobile-header-display":"","site-post-title":"","ast-breadcrumbs-content":"","ast-featured-img":"","footer-sml-layout":"","theme-transparent-header-meta":"","adv-header-id-meta":"","stick-header-meta":"","header-above-stick-meta":"","header-main-stick-meta":"","header-below-stick-meta":"","astra-migrate-meta-layouts":"default","ast-page-background-enabled":"default","ast-page-background-meta":{"desktop":{"background-color":"var(--ast-global-color-4)","background-image":"","background-repeat":"repeat","background-position":"center center","background-size":"auto","background-attachment":"scroll","background-type":"","background-media":"","overlay-type":"","overlay-color":"","overlay-opacity":"","overlay-gradient":""},"tablet":{"background-color":"","background-image":"","background-repeat":"repeat","background-position":"center center","background-size":"auto","background-attachment":"scroll","background-type":"","background-media":"","overlay-type":"","overlay-color":"","overlay-opacity":"","overlay-gradient":""},"mobile":{"background-color":"","background-image":"","background-repeat":"repeat","background-position":"center center","background-size":"auto","background-attachment":"scroll","background-type":"","background-media":"","overlay-type":"","overlay-color":"","overlay-opacity":"","overlay-gradient":""}},"ast-content-background-meta":{"desktop":{"background-color":"var(--ast-global-color-5)","background-image":"","background-repeat":"repeat","background-position":"center center","background-size":"auto","background-attachment":"scroll","background-type":"","background-media":"","overlay-type":"","overlay-color":"","overlay-opacity":"","overlay-gradient":""},"tablet":{"background-color":"var(--ast-global-color-5)","background-image":"","background-repeat":"repeat","background-position":"center center","background-size":"auto","background-attachment":"scroll","background-type":"","background-media":"","overlay-type":"","overlay-color":"","overlay-opacity":"","overlay-gradient":""},"mobile":{"background-color":"var(--ast-global-color-5)","background-image":"","background-repeat":"repeat","background-position":"center center","background-size":"auto","background-attachment":"scroll","background-type":"","background-media":"","overlay-type":"","overlay-color":"","overlay-opacity":"","overlay-gradient":""}}},"product_brand":[127],"product_cat":[68,132],"product_tag":[],"class_list":{"0":"post-4048","1":"product","2":"type-product","3":"status-publish","4":"has-post-thumbnail","6":"product_brand-tenzero","7":"product_cat-kosmeetika","8":"product_cat-maskid","9":"desktop-align-center","10":"tablet-align-center","11":"mobile-align-center","13":"first","14":"instock","15":"taxable","16":"shipping-taxable","17":"purchasable","18":"product-type-simple"},"_links":{"self":[{"href":"https:\/\/kinez.ee\/shop\/et\/wp-json\/wp\/v2\/product\/4048","targetHints":{"allow":["GET"]}}],"collection":[{"href":"https:\/\/kinez.ee\/shop\/et\/wp-json\/wp\/v2\/product"}],"about":[{"href":"https:\/\/kinez.ee\/shop\/et\/wp-json\/wp\/v2\/types\/product"}],"replies":[{"embeddable":true,"href":"https:\/\/kinez.ee\/shop\/et\/wp-json\/wp\/v2\/comments?post=4048"}],"wp:featuredmedia":[{"embeddable":true,"href":"https:\/\/kinez.ee\/shop\/et\/wp-json\/wp\/v2\/media\/2506"}],"wp:attachment":[{"href":"https:\/\/kinez.ee\/shop\/et\/wp-json\/wp\/v2\/media?parent=4048"}],"wp:term":[{"taxonomy":"product_brand","embeddable":true,"href":"https:\/\/kinez.ee\/shop\/et\/wp-json\/wp\/v2\/product_brand?post=4048"},{"taxonomy":"product_cat","embeddable":true,"href":"https:\/\/kinez.ee\/shop\/et\/wp-json\/wp\/v2\/product_cat?post=4048"},{"taxonomy":"product_tag","embeddable":true,"href":"https:\/\/kinez.ee\/shop\/et\/wp-json\/wp\/v2\/product_tag?post=4048"}],"curies":[{"name":"wp","href":"https:\/\/api.w.org\/{rel}","templated":true}]}}