{"id":4052,"date":"2025-09-17T18:49:29","date_gmt":"2025-09-17T18:49:29","guid":{"rendered":"https:\/\/kinez.ee\/shop\/product\/tenzero-collagen-mask-pack-3-pcs\/"},"modified":"2026-03-08T16:55:53","modified_gmt":"2026-03-08T16:55:53","slug":"tenzero-collagen-mask-pack-3-pcs-2","status":"publish","type":"product","link":"https:\/\/kinez.ee\/shop\/et\/toode\/tenzero-collagen-mask-pack-3-pcs-2\/","title":{"rendered":"Tenzero collagen mask pack 1 pc"},"content":{"rendered":"<p>See kollageenimask niisutab nahka s\u00fcgavuti, hoides seda intensiivselt niisutatuna ja s\u00e4ravana kogu p\u00e4eva v\u00e4ltel. Ideaalne kuivale v\u00f5i deh\u00fcdreeritud nahale, j\u00e4ttes selle siledaks, pringiks ja eluj\u00f5uliseks.<br \/>\nSUURENDA ELASTSUST JA PINGULDUST:<br \/>\nTENZERO roosipeptiidide kollageenimask on loodud naha elastsuse ja pingulduse suurendamiseks ning taastab pinguldatud ja noorusliku v\u00e4limuse. See aitab parandada naha tekstuuri ja annab iga kasutuskorraga pringima ja elastsema tunde.<br \/>\nESMAKVALITEETSED TOITVAD KOOSTISOSAD:<br \/>\nSee mask, mis \u00fchendab madala kollageenisisaldusega ja roosipeptiidide j\u00f5u, pakub olulisi toitaineid, mis rahustavad ja uuendavad nahka. Need koostisosad toimivad s\u00fcnergiliselt, et toetada naha uuenemist ja tervet, s\u00e4ravat s\u00e4ra.<br \/>\nIDEAALNE NAKKUVUS MAKSIMAALSE EFEKTIIVSUSE SAAVUTAMISEKS:<br \/>\n1 mm paksune h\u00fcdrogeelmask sobib mugavalt ja kleepub tihedalt nahale, tagades toimeainete optimaalse kohaletoimetamise. Ei libise ega tekita ebamugavustunnet, mis v\u00f5imaldab segaduseta ja t\u00f5husat hooldust.<br \/>\nKASUTAMINE:<br \/>\nParima tulemuse saavutamiseks kandke mask puhtale n\u00e4ole ja j\u00e4tke see kuni 2 tunniks peale. Geel imendub nahka, pakkudes sihip\u00e4rast niisutust ja toitmist. Suurema tulemuse saavutamiseks v\u00f5ib seda kasutada \u00fcle\u00f6\u00f6.<\/p>\n","protected":false},"excerpt":{"rendered":"<p>PEPTIIDKOLLAGEENMASK. V\u00f5imas vananemisvastane toime, millel on k\u00f5rge imendumisv\u00f5ime alla 400 DA kollageeni puhul. S\u00e4ra andev ja heledav efekt roosiekstraktiga.<\/p>\n","protected":false},"featured_media":2521,"comment_status":"open","ping_status":"closed","template":"","meta":{"site-sidebar-layout":"","site-content-layout":"","ast-site-content-layout":"","site-content-style":"","site-sidebar-style":"","ast-global-header-display":"","ast-banner-title-visibility":"","ast-main-header-display":"","ast-hfb-above-header-display":"","ast-hfb-below-header-display":"","ast-hfb-mobile-header-display":"","site-post-title":"","ast-breadcrumbs-content":"","ast-featured-img":"","footer-sml-layout":"","theme-transparent-header-meta":"","adv-header-id-meta":"","stick-header-meta":"","header-above-stick-meta":"","header-main-stick-meta":"","header-below-stick-meta":"","astra-migrate-meta-layouts":"","ast-page-background-enabled":"default","ast-page-background-meta":{"desktop":{"background-color":"var(--ast-global-color-4)","background-image":"","background-repeat":"repeat","background-position":"center center","background-size":"auto","background-attachment":"scroll","background-type":"","background-media":"","overlay-type":"","overlay-color":"","overlay-opacity":"","overlay-gradient":""},"tablet":{"background-color":"","background-image":"","background-repeat":"repeat","background-position":"center center","background-size":"auto","background-attachment":"scroll","background-type":"","background-media":"","overlay-type":"","overlay-color":"","overlay-opacity":"","overlay-gradient":""},"mobile":{"background-color":"","background-image":"","background-repeat":"repeat","background-position":"center center","background-size":"auto","background-attachment":"scroll","background-type":"","background-media":"","overlay-type":"","overlay-color":"","overlay-opacity":"","overlay-gradient":""}},"ast-content-background-meta":{"desktop":{"background-color":"var(--ast-global-color-5)","background-image":"","background-repeat":"repeat","background-position":"center center","background-size":"auto","background-attachment":"scroll","background-type":"","background-media":"","overlay-type":"","overlay-color":"","overlay-opacity":"","overlay-gradient":""},"tablet":{"background-color":"var(--ast-global-color-5)","background-image":"","background-repeat":"repeat","background-position":"center center","background-size":"auto","background-attachment":"scroll","background-type":"","background-media":"","overlay-type":"","overlay-color":"","overlay-opacity":"","overlay-gradient":""},"mobile":{"background-color":"var(--ast-global-color-5)","background-image":"","background-repeat":"repeat","background-position":"center center","background-size":"auto","background-attachment":"scroll","background-type":"","background-media":"","overlay-type":"","overlay-color":"","overlay-opacity":"","overlay-gradient":""}}},"product_brand":[127],"product_cat":[68,132],"product_tag":[],"class_list":{"0":"post-4052","1":"product","2":"type-product","3":"status-publish","4":"has-post-thumbnail","6":"product_brand-tenzero","7":"product_cat-kosmeetika","8":"product_cat-maskid","9":"desktop-align-center","10":"tablet-align-center","11":"mobile-align-center","13":"first","14":"instock","15":"sale","16":"taxable","17":"shipping-taxable","18":"purchasable","19":"product-type-simple"},"_links":{"self":[{"href":"https:\/\/kinez.ee\/shop\/et\/wp-json\/wp\/v2\/product\/4052","targetHints":{"allow":["GET"]}}],"collection":[{"href":"https:\/\/kinez.ee\/shop\/et\/wp-json\/wp\/v2\/product"}],"about":[{"href":"https:\/\/kinez.ee\/shop\/et\/wp-json\/wp\/v2\/types\/product"}],"replies":[{"embeddable":true,"href":"https:\/\/kinez.ee\/shop\/et\/wp-json\/wp\/v2\/comments?post=4052"}],"wp:featuredmedia":[{"embeddable":true,"href":"https:\/\/kinez.ee\/shop\/et\/wp-json\/wp\/v2\/media\/2521"}],"wp:attachment":[{"href":"https:\/\/kinez.ee\/shop\/et\/wp-json\/wp\/v2\/media?parent=4052"}],"wp:term":[{"taxonomy":"product_brand","embeddable":true,"href":"https:\/\/kinez.ee\/shop\/et\/wp-json\/wp\/v2\/product_brand?post=4052"},{"taxonomy":"product_cat","embeddable":true,"href":"https:\/\/kinez.ee\/shop\/et\/wp-json\/wp\/v2\/product_cat?post=4052"},{"taxonomy":"product_tag","embeddable":true,"href":"https:\/\/kinez.ee\/shop\/et\/wp-json\/wp\/v2\/product_tag?post=4052"}],"curies":[{"name":"wp","href":"https:\/\/api.w.org\/{rel}","templated":true}]}}