{"id":4054,"date":"2025-09-17T18:49:29","date_gmt":"2025-09-17T18:49:29","guid":{"rendered":"https:\/\/kinez.ee\/shop\/product\/tenzero-collagen-mask-pack-1-pc\/"},"modified":"2026-03-08T16:55:53","modified_gmt":"2026-03-08T16:55:53","slug":"tenzero-collagen-mask-pack-1-pc-2","status":"publish","type":"product","link":"https:\/\/kinez.ee\/shop\/et\/toode\/tenzero-collagen-mask-pack-1-pc-2\/","title":{"rendered":"MEDIHEAL E.G.T essence gel eyefill patch 5 pcs"},"content":{"rendered":"<p>Mediheal E.G.T Essence geel silmat\u00e4idisplaastrid on h\u00fcdrogeelplaastrid, mis on loodud \u00f5rnale silmaalusele piirkonnale, toimetades nahka t\u00f5husalt kasulikke komponente. Need leevendavad kiiresti v\u00e4simuse m\u00e4rke, v\u00e4hendavad turseid ja tumedaid ringe ning taastavad terve ja v\u00e4rske v\u00e4limuse.<\/p>\n<p>Plaastrid sisaldavad aktiivseid koostisosi nagu epidermise kasvufaktor, koens\u00fc\u00fcm Q10, mere kollageen ja keramiidid, mis niisutavad ja pinguldavad nahka, andes sellele v\u00e4rske ja s\u00e4rava jume.<\/p>\n<p>Sobib igale nahat\u00fc\u00fcbile.<\/p>\n<p>Kasutamine: P\u00e4rast puhastamist ja toonimist eemaldage plaastrite m\u00f5lemalt k\u00fcljelt kile. Kandke plaastrid silmaalusele piirkonnale. 20\u201340 minuti p\u00e4rast eemaldage plaastrid ja patsutage \u00fclej\u00e4\u00e4nud essents \u00f5rnalt nahka. Soovitatav on kasutada 2\u20133 korda n\u00e4dalas.<\/p>\n","protected":false},"excerpt":{"rendered":"<p>Rahustavad geelja silmaplaastrid on rikastatud suure kontsentratsiooniga merekollageeniga, mis suurendab naha elastsust ja paindlikkust. V\u00e4hendab peente kortsude ja l\u00f5tvumise teket silmade all, lukustades samal ajal niiskuse, et aidata \u00f5rnal nahal taastada uusi ja terveid rakke.<\/p>\n","protected":false},"featured_media":2527,"comment_status":"open","ping_status":"closed","template":"","meta":{"site-sidebar-layout":"","site-content-layout":"","ast-site-content-layout":"","site-content-style":"","site-sidebar-style":"","ast-global-header-display":"","ast-banner-title-visibility":"","ast-main-header-display":"","ast-hfb-above-header-display":"","ast-hfb-below-header-display":"","ast-hfb-mobile-header-display":"","site-post-title":"","ast-breadcrumbs-content":"","ast-featured-img":"","footer-sml-layout":"","theme-transparent-header-meta":"","adv-header-id-meta":"","stick-header-meta":"","header-above-stick-meta":"","header-main-stick-meta":"","header-below-stick-meta":"","astra-migrate-meta-layouts":"","ast-page-background-enabled":"default","ast-page-background-meta":{"desktop":{"background-color":"var(--ast-global-color-4)","background-image":"","background-repeat":"repeat","background-position":"center center","background-size":"auto","background-attachment":"scroll","background-type":"","background-media":"","overlay-type":"","overlay-color":"","overlay-opacity":"","overlay-gradient":""},"tablet":{"background-color":"","background-image":"","background-repeat":"repeat","background-position":"center center","background-size":"auto","background-attachment":"scroll","background-type":"","background-media":"","overlay-type":"","overlay-color":"","overlay-opacity":"","overlay-gradient":""},"mobile":{"background-color":"","background-image":"","background-repeat":"repeat","background-position":"center center","background-size":"auto","background-attachment":"scroll","background-type":"","background-media":"","overlay-type":"","overlay-color":"","overlay-opacity":"","overlay-gradient":""}},"ast-content-background-meta":{"desktop":{"background-color":"var(--ast-global-color-5)","background-image":"","background-repeat":"repeat","background-position":"center center","background-size":"auto","background-attachment":"scroll","background-type":"","background-media":"","overlay-type":"","overlay-color":"","overlay-opacity":"","overlay-gradient":""},"tablet":{"background-color":"var(--ast-global-color-5)","background-image":"","background-repeat":"repeat","background-position":"center center","background-size":"auto","background-attachment":"scroll","background-type":"","background-media":"","overlay-type":"","overlay-color":"","overlay-opacity":"","overlay-gradient":""},"mobile":{"background-color":"var(--ast-global-color-5)","background-image":"","background-repeat":"repeat","background-position":"center center","background-size":"auto","background-attachment":"scroll","background-type":"","background-media":"","overlay-type":"","overlay-color":"","overlay-opacity":"","overlay-gradient":""}}},"product_brand":[125],"product_cat":[68,132],"product_tag":[],"class_list":{"0":"post-4054","1":"product","2":"type-product","3":"status-publish","4":"has-post-thumbnail","6":"product_brand-mediheal","7":"product_cat-kosmeetika","8":"product_cat-maskid","9":"desktop-align-center","10":"tablet-align-center","11":"mobile-align-center","13":"first","14":"instock","15":"taxable","16":"shipping-taxable","17":"purchasable","18":"product-type-simple"},"_links":{"self":[{"href":"https:\/\/kinez.ee\/shop\/et\/wp-json\/wp\/v2\/product\/4054","targetHints":{"allow":["GET"]}}],"collection":[{"href":"https:\/\/kinez.ee\/shop\/et\/wp-json\/wp\/v2\/product"}],"about":[{"href":"https:\/\/kinez.ee\/shop\/et\/wp-json\/wp\/v2\/types\/product"}],"replies":[{"embeddable":true,"href":"https:\/\/kinez.ee\/shop\/et\/wp-json\/wp\/v2\/comments?post=4054"}],"wp:featuredmedia":[{"embeddable":true,"href":"https:\/\/kinez.ee\/shop\/et\/wp-json\/wp\/v2\/media\/2527"}],"wp:attachment":[{"href":"https:\/\/kinez.ee\/shop\/et\/wp-json\/wp\/v2\/media?parent=4054"}],"wp:term":[{"taxonomy":"product_brand","embeddable":true,"href":"https:\/\/kinez.ee\/shop\/et\/wp-json\/wp\/v2\/product_brand?post=4054"},{"taxonomy":"product_cat","embeddable":true,"href":"https:\/\/kinez.ee\/shop\/et\/wp-json\/wp\/v2\/product_cat?post=4054"},{"taxonomy":"product_tag","embeddable":true,"href":"https:\/\/kinez.ee\/shop\/et\/wp-json\/wp\/v2\/product_tag?post=4054"}],"curies":[{"name":"wp","href":"https:\/\/api.w.org\/{rel}","templated":true}]}}