{"id":4056,"date":"2025-09-17T18:49:29","date_gmt":"2025-09-17T18:49:29","guid":{"rendered":"https:\/\/kinez.ee\/shop\/product\/mediheal-e-g-t-essence-gel-eyefill-patch-5-pcs\/"},"modified":"2026-03-08T16:55:53","modified_gmt":"2026-03-08T16:55:53","slug":"mediheal-e-g-t-essence-gel-eyefill-patch-5-pcs-2","status":"publish","type":"product","link":"https:\/\/kinez.ee\/shop\/et\/toode\/mediheal-e-g-t-essence-gel-eyefill-patch-5-pcs-2\/","title":{"rendered":"MEDIHEAL soothing bubble tox serum mask 10 pcs"},"content":{"rendered":"<p>Rahustab \u2022 Niisutab \u2022 S\u00e4rab<br \/>\nRahusta \u00e4rritunud nahka ja suurenda niisutust MEDIHEAL Soothing Bubble Tox seerumimaskiga \u2013 see on \u00f5rn, kuid v\u00f5imas hooldus, mis on rikastatud rahustavate botaaniliste ekstraktidega. See uuenduslik mask loob \u00f5rna mullikihi, mis aitab toimeaineid s\u00fcgavale nahka viia, pakkudes kohest leevendust ja s\u00e4ravat, niisutatud viimistlust.<\/p>\n<p>Artemisia Vulgarise ekstrakti, Madecassoside&#8217;i, Centella Asiatica ja Houttuynia Cordata ning patenteeritud MUCOGENiga loodud mask pakub t\u00e4ielikku lahendust punetuse, kuivuse ja naha stressi korral, j\u00e4ttes teie jume v\u00e4rskeks, niisutatuks ja s\u00e4ravaks.<\/p>\n<p>Peamised eelised:<br \/>\n\u2714 Mullide toksiline toime \u2013 Hapnikuga rikastavad mullid parandavad imendumist ja naha selgust<br \/>\n\u2714 V\u00f5imsad rahustavad koostisosad \u2013 Artemisia, Centella ja Madecassoside rahustavad \u00e4rritust ja punetust<br \/>\n\u2714 Niisutuse suurendamine \u2013 Annab pikaajalise niisutuse terve ja pringim jume saavutamiseks<br \/>\n\u2714 Patenteeritud MUCOGEN kompleks \u2013 Kliiniliselt t\u00f5estatud naha\u00e4rrituse ja -tundlikkuse leevendamiseks<br \/>\n\u2714 Kastev, s\u00e4rav viimistlus \u2013 Suurendab s\u00e4ra ilma rasvasuse v\u00f5i kleepuvuseta<\/p>\n<p>Kasutamine:<br \/>\n&#8211; P\u00e4rast puhastamist kandke mask \u00fchtlaselt n\u00e4ole<br \/>\n&#8211; J\u00e4lgige, kuidas mikromullid tekivad, masseerides \u00f5rnalt, et soodustada imendumist<br \/>\n&#8211; J\u00e4tke peale 10\u201315 minutit<br \/>\n&#8211; Eemaldage ja patsutage \u00fclej\u00e4\u00e4nud essents sisse t\u00e4iendava niisutuse saamiseks<\/p>\n<p>Nahat\u00fc\u00fcp: Ideaalne tundlikule, \u00e4rritunud, kuivale v\u00f5i punetusele kalduvale nahale.<\/p>\n","protected":false},"excerpt":{"rendered":"<p>Sisaldab toniseerivat kompleksi, mis sisaldab madecasossiidi, puju, asiatica penniworti ja meditsiinilise villa ekstrakti, mis rahustavad nahka ja muudavad selle heledamaks. See mullm\u00fcrgitusmask pinguldab nahka, andes sellele elastse ja pringim jume.<\/p>\n","protected":false},"featured_media":2536,"comment_status":"open","ping_status":"closed","template":"","meta":{"site-sidebar-layout":"","site-content-layout":"","ast-site-content-layout":"","site-content-style":"","site-sidebar-style":"","ast-global-header-display":"","ast-banner-title-visibility":"","ast-main-header-display":"","ast-hfb-above-header-display":"","ast-hfb-below-header-display":"","ast-hfb-mobile-header-display":"","site-post-title":"","ast-breadcrumbs-content":"","ast-featured-img":"","footer-sml-layout":"","theme-transparent-header-meta":"","adv-header-id-meta":"","stick-header-meta":"","header-above-stick-meta":"","header-main-stick-meta":"","header-below-stick-meta":"","astra-migrate-meta-layouts":"","ast-page-background-enabled":"default","ast-page-background-meta":{"desktop":{"background-color":"var(--ast-global-color-4)","background-image":"","background-repeat":"repeat","background-position":"center center","background-size":"auto","background-attachment":"scroll","background-type":"","background-media":"","overlay-type":"","overlay-color":"","overlay-opacity":"","overlay-gradient":""},"tablet":{"background-color":"","background-image":"","background-repeat":"repeat","background-position":"center center","background-size":"auto","background-attachment":"scroll","background-type":"","background-media":"","overlay-type":"","overlay-color":"","overlay-opacity":"","overlay-gradient":""},"mobile":{"background-color":"","background-image":"","background-repeat":"repeat","background-position":"center center","background-size":"auto","background-attachment":"scroll","background-type":"","background-media":"","overlay-type":"","overlay-color":"","overlay-opacity":"","overlay-gradient":""}},"ast-content-background-meta":{"desktop":{"background-color":"var(--ast-global-color-5)","background-image":"","background-repeat":"repeat","background-position":"center center","background-size":"auto","background-attachment":"scroll","background-type":"","background-media":"","overlay-type":"","overlay-color":"","overlay-opacity":"","overlay-gradient":""},"tablet":{"background-color":"var(--ast-global-color-5)","background-image":"","background-repeat":"repeat","background-position":"center center","background-size":"auto","background-attachment":"scroll","background-type":"","background-media":"","overlay-type":"","overlay-color":"","overlay-opacity":"","overlay-gradient":""},"mobile":{"background-color":"var(--ast-global-color-5)","background-image":"","background-repeat":"repeat","background-position":"center center","background-size":"auto","background-attachment":"scroll","background-type":"","background-media":"","overlay-type":"","overlay-color":"","overlay-opacity":"","overlay-gradient":""}}},"product_brand":[125],"product_cat":[133,68,132],"product_tag":[],"class_list":{"0":"post-4056","1":"product","2":"type-product","3":"status-publish","4":"has-post-thumbnail","6":"product_brand-mediheal","7":"product_cat-komplektid","8":"product_cat-kosmeetika","9":"product_cat-maskid","10":"desktop-align-center","11":"tablet-align-center","12":"mobile-align-center","14":"first","15":"instock","16":"taxable","17":"shipping-taxable","18":"purchasable","19":"product-type-simple"},"_links":{"self":[{"href":"https:\/\/kinez.ee\/shop\/et\/wp-json\/wp\/v2\/product\/4056","targetHints":{"allow":["GET"]}}],"collection":[{"href":"https:\/\/kinez.ee\/shop\/et\/wp-json\/wp\/v2\/product"}],"about":[{"href":"https:\/\/kinez.ee\/shop\/et\/wp-json\/wp\/v2\/types\/product"}],"replies":[{"embeddable":true,"href":"https:\/\/kinez.ee\/shop\/et\/wp-json\/wp\/v2\/comments?post=4056"}],"wp:featuredmedia":[{"embeddable":true,"href":"https:\/\/kinez.ee\/shop\/et\/wp-json\/wp\/v2\/media\/2536"}],"wp:attachment":[{"href":"https:\/\/kinez.ee\/shop\/et\/wp-json\/wp\/v2\/media?parent=4056"}],"wp:term":[{"taxonomy":"product_brand","embeddable":true,"href":"https:\/\/kinez.ee\/shop\/et\/wp-json\/wp\/v2\/product_brand?post=4056"},{"taxonomy":"product_cat","embeddable":true,"href":"https:\/\/kinez.ee\/shop\/et\/wp-json\/wp\/v2\/product_cat?post=4056"},{"taxonomy":"product_tag","embeddable":true,"href":"https:\/\/kinez.ee\/shop\/et\/wp-json\/wp\/v2\/product_tag?post=4056"}],"curies":[{"name":"wp","href":"https:\/\/api.w.org\/{rel}","templated":true}]}}