{"id":4062,"date":"2025-09-17T18:49:28","date_gmt":"2025-09-17T18:49:28","guid":{"rendered":"https:\/\/kinez.ee\/shop\/product\/liften-s\/"},"modified":"2026-03-09T19:41:43","modified_gmt":"2026-03-09T19:41:43","slug":"liften-s-3","status":"publish","type":"product","link":"https:\/\/kinez.ee\/shop\/et\/toode\/liften-s-3\/","title":{"rendered":"Liften S"},"content":{"rendered":"<p>HIFU (k\u00f5rge intensiivsusega fokuseeritud ultraheli) stimuleerib SMAS kihti ja s\u00fcgavat dermist ilma nahakahjustuseta. SMAS kihi kokkut\u00f5mbumine ultraheliga annab kohese n\u00e4o liftinguefekti ning dermise stimuleerimine soodustab elastsete kiudude regeneratsiooni.<\/p>\n<p>Kohene liftinguefekt: fokuseeritud ultraheli t\u00f5mbab kokku SMAS kihi, pakkudes klientidele kohest n\u00e4htavat pinguldus- ja liftinguefekti.<\/p>\n<p>Pikaajaline noorendamine: dermise stimuleerimine 3mm s\u00fcgavusel k\u00e4ivitab olulise pikaajalise kollageeni ja elastiini regeneratsiooni, parandades j\u00e4rk-j\u00e4rgult naha tihedust.<\/p>\n<p>Mitteinvasiivne lahendus: t\u00e4iuslik mittehirurgiline alternatiiv klientidele, kes otsivad t\u00f5husat naha liftingut ja pinguldamist.<\/p>\n<p>150 000 impulsi kartrid\u017ei kohta \u2014 700 impulsi \u00fche n\u00e4oprotseduuriga (214 protseduuri \u00fchest kartrid\u017eist).<\/p>\n","protected":false},"excerpt":{"rendered":"<p>Professionaalne HIFU s\u00fcsteem mitteinvasiivseks n\u00e4o liftinguks ja pinguldamiseks. V\u00f5imas kahekordselt m\u00f5juv efekt: m\u00f5jutab s\u00fcgavat dermist ja SMAS kihti ilma nahakahjustuseta. Kohene liftinguefekt ja pikaajaline noorendamine.<\/p>\n","protected":false},"featured_media":2293,"comment_status":"open","ping_status":"closed","template":"","meta":{"site-sidebar-layout":"default","site-content-layout":"","ast-site-content-layout":"default","site-content-style":"default","site-sidebar-style":"default","ast-global-header-display":"","ast-banner-title-visibility":"","ast-main-header-display":"","ast-hfb-above-header-display":"","ast-hfb-below-header-display":"","ast-hfb-mobile-header-display":"","site-post-title":"","ast-breadcrumbs-content":"","ast-featured-img":"","footer-sml-layout":"","theme-transparent-header-meta":"default","adv-header-id-meta":"","stick-header-meta":"","header-above-stick-meta":"","header-main-stick-meta":"","header-below-stick-meta":"","astra-migrate-meta-layouts":"set","ast-page-background-enabled":"default","ast-page-background-meta":{"desktop":{"background-color":"var(--ast-global-color-4)","background-image":"","background-repeat":"repeat","background-position":"center center","background-size":"auto","background-attachment":"scroll","background-type":"","background-media":"","overlay-type":"","overlay-color":"","overlay-opacity":"","overlay-gradient":""},"tablet":{"background-color":"","background-image":"","background-repeat":"repeat","background-position":"center center","background-size":"auto","background-attachment":"scroll","background-type":"","background-media":"","overlay-type":"","overlay-color":"","overlay-opacity":"","overlay-gradient":""},"mobile":{"background-color":"","background-image":"","background-repeat":"repeat","background-position":"center center","background-size":"auto","background-attachment":"scroll","background-type":"","background-media":"","overlay-type":"","overlay-color":"","overlay-opacity":"","overlay-gradient":""}},"ast-content-background-meta":{"desktop":{"background-color":"var(--ast-global-color-5)","background-image":"","background-repeat":"repeat","background-position":"center center","background-size":"auto","background-attachment":"scroll","background-type":"","background-media":"","overlay-type":"","overlay-color":"","overlay-opacity":"","overlay-gradient":""},"tablet":{"background-color":"var(--ast-global-color-5)","background-image":"","background-repeat":"repeat","background-position":"center center","background-size":"auto","background-attachment":"scroll","background-type":"","background-media":"","overlay-type":"","overlay-color":"","overlay-opacity":"","overlay-gradient":""},"mobile":{"background-color":"var(--ast-global-color-5)","background-image":"","background-repeat":"repeat","background-position":"center center","background-size":"auto","background-attachment":"scroll","background-type":"","background-media":"","overlay-type":"","overlay-color":"","overlay-opacity":"","overlay-gradient":""}}},"product_brand":[162],"product_cat":[73],"product_tag":[],"class_list":{"0":"post-4062","1":"product","2":"type-product","3":"status-publish","4":"has-post-thumbnail","6":"product_brand-wontech-et","7":"product_cat-seadmed","8":"desktop-align-center","9":"tablet-align-center","10":"mobile-align-center","12":"first","13":"instock","14":"sale","15":"taxable","16":"shipping-taxable","17":"purchasable","18":"product-type-simple"},"_links":{"self":[{"href":"https:\/\/kinez.ee\/shop\/et\/wp-json\/wp\/v2\/product\/4062","targetHints":{"allow":["GET"]}}],"collection":[{"href":"https:\/\/kinez.ee\/shop\/et\/wp-json\/wp\/v2\/product"}],"about":[{"href":"https:\/\/kinez.ee\/shop\/et\/wp-json\/wp\/v2\/types\/product"}],"replies":[{"embeddable":true,"href":"https:\/\/kinez.ee\/shop\/et\/wp-json\/wp\/v2\/comments?post=4062"}],"wp:featuredmedia":[{"embeddable":true,"href":"https:\/\/kinez.ee\/shop\/et\/wp-json\/wp\/v2\/media\/2293"}],"wp:attachment":[{"href":"https:\/\/kinez.ee\/shop\/et\/wp-json\/wp\/v2\/media?parent=4062"}],"wp:term":[{"taxonomy":"product_brand","embeddable":true,"href":"https:\/\/kinez.ee\/shop\/et\/wp-json\/wp\/v2\/product_brand?post=4062"},{"taxonomy":"product_cat","embeddable":true,"href":"https:\/\/kinez.ee\/shop\/et\/wp-json\/wp\/v2\/product_cat?post=4062"},{"taxonomy":"product_tag","embeddable":true,"href":"https:\/\/kinez.ee\/shop\/et\/wp-json\/wp\/v2\/product_tag?post=4062"}],"curies":[{"name":"wp","href":"https:\/\/api.w.org\/{rel}","templated":true}]}}