{"id":4066,"date":"2025-09-17T18:49:28","date_gmt":"2025-09-17T18:49:28","guid":{"rendered":"https:\/\/kinez.ee\/shop\/product\/clabiane-lavijue-wrinkle-care-ampoule-3ea-box\/"},"modified":"2026-03-08T16:55:54","modified_gmt":"2026-03-08T16:55:54","slug":"clabiane-lavijue-wrinkle-care-ampoule-3ea-box-3","status":"publish","type":"product","link":"https:\/\/kinez.ee\/shop\/et\/toode\/clabiane-lavijue-wrinkle-care-ampoule-3ea-box-3\/","title":{"rendered":"Clabiane Hair Beam Shampoo (500ml)"},"content":{"rendered":"<p>HairBeam \u0161ampoon on esmaklassiline peanahahooldustoode, mis on loodud samaaegselt juuste v\u00e4ljalangemise v\u00e4hendamiseks ja tervete juuste kasvu soodustamiseks. Selle \u00f5rn koostis puhastab t\u00f5husalt peanahka ja juukseid ilma \u00e4rrituseta, taastades loomuliku \u00f5li- ja niiskustasakaalu. Koostises sisalduv patenteeritud taimne kompleks v\u00e4hendab DHT kogunemist \u2013 \u00fcht peamist juuste v\u00e4ljalangemise p\u00f5hjust \u2013 ja loob optimaalsed tingimused tugevate juuksefolliikulite toimimiseks.<\/p>\n<p>Valem on rikastatud kofeiini, biotiini ja looduslike taimeekstraktidega, mis tugevdavad juuksejuuri ja parandavad peanaha eluj\u00f5udu. Toote innovatsiooni keskmes on Darkenyl\u00ae \u2013 \u0160veitsis loodud patenteeritud kompleks, mis aktiveerib melanots\u00fc\u00fctide t\u00fcvirakke, taastab kahjustatud melanots\u00fc\u00fcte ja soodustab loomuliku juuksepigmendi taastumist. Kliiniliselt on t\u00f5estatud, et Darkenyl\u00ae suurendab melaniini s\u00fcnteesi kuni 380% ja v\u00e4hendab folliikulite oks\u00fcdatiivset kahjustust enam kui 50%, pakkudes n\u00e4htavat efekti hallide juuste v\u00e4hendamisel.<\/p>\n<p>HairBeam \u0161ampoon pakub ainulaadset kaheotstarbelist lahendust \u2013 aitab v\u00e4ltida juuste v\u00e4ljalangemist ja samal ajal s\u00e4ilitab v\u00f5i taastab nende loomuliku v\u00e4rvi, \u00fchendades tipptasemel teaduse hoolikalt valitud looduslike koostisosadega.<\/p>\n<p>Efektiivsus: Juuste v\u00e4ljalangemise leevendamine, hallinemise parandamine, juurte mahu suurendamine, keratiini ja rasu v\u00e4hendamine, toitainetega varustatus.<\/p>\n<p>&#8211; HairBeam juuksehooldustooted on valmistatud ilma kahjulike kemikaalide lisamiseta.<\/p>\n<p>&#8211; HairBeam \u0161ampoon leevendab juuste v\u00e4ljalangemise s\u00fcmptomeid ja sisaldab patenteeritud koostisosi vananevate juuste hooldamiseks, aidates samal ajal kaasa peanaha, juuksejuuri ja juuste tervisele.<\/p>\n<p>&#8211; Looduslikud pindaktiivsed ained ja aktiivsed koostisosad aitavad v\u00e4ltida juuste v\u00e4ljalangemist, hoides peanahka ja juukseid tervena.<\/p>\n<p>Kasutamine:<\/p>\n<p>Niisutage juukseid ja peanahka leige veega. Kanna sobiv kogus HairBeam \u0161ampooni \u00fchtlaselt juustele ja peanahale ning aja vahule. Masseeri kergelt ja loputa hoolikalt leige veega.<\/p>\n<p>Peamised koostisosad:<\/p>\n<p>&#8211; Looduslikud pindaktiivsed ained<\/p>\n<p>&#8211; Biotiin<\/p>\n<p>&#8211; Pantenool<\/p>\n<p>&#8211; Darkenyl<\/p>\n<p>&#8211; 8 t\u00fc\u00fcpi peptiidid<\/p>\n<p>&#8211; Salits\u00fc\u00fclhape<\/p>\n<p>&#8211; Mentool<\/p>\n","protected":false},"excerpt":{"rendered":"<p>Juuste v\u00e4ljalangemise v\u00e4hendamiseks loodud esmaklassiline peanahahooldustoode. Puhastab t\u00f5husalt peanahka ja juukseid, taastades loomuliku \u00f5li- ja niiskustasakaalu ilma \u00e4rritust tekitamata. \u0160ampooni ainulaadne patenteeritud valem pakub kaheotstarbelist lahendust \u2013 aitab ennetada juuste v\u00e4ljalangemist ning s\u00e4ilitab ja taastab samaaegselt loomuliku juuksev\u00e4rvi, \u00fchendades tipptasemel teaduse hoolikalt valitud looduslike koostisosadega.<\/p>\n","protected":false},"featured_media":2311,"comment_status":"open","ping_status":"closed","template":"","meta":{"site-sidebar-layout":"default","site-content-layout":"","ast-site-content-layout":"default","site-content-style":"default","site-sidebar-style":"default","ast-global-header-display":"","ast-banner-title-visibility":"","ast-main-header-display":"","ast-hfb-above-header-display":"","ast-hfb-below-header-display":"","ast-hfb-mobile-header-display":"","site-post-title":"","ast-breadcrumbs-content":"","ast-featured-img":"","footer-sml-layout":"","theme-transparent-header-meta":"default","adv-header-id-meta":"","stick-header-meta":"","header-above-stick-meta":"","header-main-stick-meta":"","header-below-stick-meta":"","astra-migrate-meta-layouts":"set","ast-page-background-enabled":"default","ast-page-background-meta":{"desktop":{"background-color":"var(--ast-global-color-4)","background-image":"","background-repeat":"repeat","background-position":"center center","background-size":"auto","background-attachment":"scroll","background-type":"","background-media":"","overlay-type":"","overlay-color":"","overlay-opacity":"","overlay-gradient":""},"tablet":{"background-color":"","background-image":"","background-repeat":"repeat","background-position":"center center","background-size":"auto","background-attachment":"scroll","background-type":"","background-media":"","overlay-type":"","overlay-color":"","overlay-opacity":"","overlay-gradient":""},"mobile":{"background-color":"","background-image":"","background-repeat":"repeat","background-position":"center center","background-size":"auto","background-attachment":"scroll","background-type":"","background-media":"","overlay-type":"","overlay-color":"","overlay-opacity":"","overlay-gradient":""}},"ast-content-background-meta":{"desktop":{"background-color":"var(--ast-global-color-5)","background-image":"","background-repeat":"repeat","background-position":"center center","background-size":"auto","background-attachment":"scroll","background-type":"","background-media":"","overlay-type":"","overlay-color":"","overlay-opacity":"","overlay-gradient":""},"tablet":{"background-color":"var(--ast-global-color-5)","background-image":"","background-repeat":"repeat","background-position":"center center","background-size":"auto","background-attachment":"scroll","background-type":"","background-media":"","overlay-type":"","overlay-color":"","overlay-opacity":"","overlay-gradient":""},"mobile":{"background-color":"var(--ast-global-color-5)","background-image":"","background-repeat":"repeat","background-position":"center center","background-size":"auto","background-attachment":"scroll","background-type":"","background-media":"","overlay-type":"","overlay-color":"","overlay-opacity":"","overlay-gradient":""}}},"product_brand":[160],"product_cat":[131,68],"product_tag":[],"class_list":{"0":"post-4066","1":"product","2":"type-product","3":"status-publish","4":"has-post-thumbnail","6":"product_brand-clabiane","7":"product_cat-juuksehooldus","8":"product_cat-kosmeetika","9":"desktop-align-center","10":"tablet-align-center","11":"mobile-align-center","13":"first","14":"instock","15":"sale","16":"taxable","17":"shipping-taxable","18":"purchasable","19":"product-type-simple"},"_links":{"self":[{"href":"https:\/\/kinez.ee\/shop\/et\/wp-json\/wp\/v2\/product\/4066","targetHints":{"allow":["GET"]}}],"collection":[{"href":"https:\/\/kinez.ee\/shop\/et\/wp-json\/wp\/v2\/product"}],"about":[{"href":"https:\/\/kinez.ee\/shop\/et\/wp-json\/wp\/v2\/types\/product"}],"replies":[{"embeddable":true,"href":"https:\/\/kinez.ee\/shop\/et\/wp-json\/wp\/v2\/comments?post=4066"}],"wp:featuredmedia":[{"embeddable":true,"href":"https:\/\/kinez.ee\/shop\/et\/wp-json\/wp\/v2\/media\/2311"}],"wp:attachment":[{"href":"https:\/\/kinez.ee\/shop\/et\/wp-json\/wp\/v2\/media?parent=4066"}],"wp:term":[{"taxonomy":"product_brand","embeddable":true,"href":"https:\/\/kinez.ee\/shop\/et\/wp-json\/wp\/v2\/product_brand?post=4066"},{"taxonomy":"product_cat","embeddable":true,"href":"https:\/\/kinez.ee\/shop\/et\/wp-json\/wp\/v2\/product_cat?post=4066"},{"taxonomy":"product_tag","embeddable":true,"href":"https:\/\/kinez.ee\/shop\/et\/wp-json\/wp\/v2\/product_tag?post=4066"}],"curies":[{"name":"wp","href":"https:\/\/api.w.org\/{rel}","templated":true}]}}