{"id":4068,"date":"2025-09-17T18:49:28","date_gmt":"2025-09-17T18:49:28","guid":{"rendered":"https:\/\/kinez.ee\/shop\/product\/clabiane-hair-beam-shampoo\/"},"modified":"2026-03-08T16:55:54","modified_gmt":"2026-03-08T16:55:54","slug":"clabiane-hair-beam-shampoo-3","status":"publish","type":"product","link":"https:\/\/kinez.ee\/shop\/et\/toode\/clabiane-hair-beam-shampoo-3\/","title":{"rendered":"Clabiane Hair Beam Conditioner (500ml)"},"content":{"rendered":"<p>HairBeam palsam hoolitseb juuste eest, andes neile l\u00e4ike ja elastsuse. See sisaldab niisutavaid koostisosi, mis muudavad kuivad ja kareda juukse niisutatuks ja siledaks. Sisaldab looduslikke niisutavaid koostisosi, mis niisutavad ja pehmendavad kahjustatud juukseid. Annab juustele l\u00e4iget ja vol\u00fc\u00fcmi. Juukseotste seisund paraneb 28,8% p\u00e4rast 2-n\u00e4dalast kasutamist. Kutiikulite seisund paraneb 7,6% p\u00e4rast 2-n\u00e4dalast kasutamist.<\/p>\n<p>Efektiivsus: Kahjustatud juuste seisundi (kutiikulid) paranemine, l\u00f5henenud otste v\u00e4hendamine, toitainetega varustatus.<\/p>\n<p>&#8211; Sisaldab looduslikke niisutavaid koostisosi, mis niisutavad ja pehmendavad kahjustatud juukseid.<\/p>\n<p>&#8211; Annab juustele l\u00e4iget ja vol\u00fc\u00fcmi.<\/p>\n<p>Kasutamine:<\/p>\n<p>P\u00e4rast \u0161ampooniga pesemist kandke juustele \u00fchtlaselt sobiv kogus HairBeam palsamit. Masseerige juukseid \u00f5rnalt umbes 1-2 minutit. Loputage hoolikalt leige veega.<\/p>\n<p>Peamised koostisosad:<\/p>\n<p>&#8211; 14 t\u00fc\u00fcpi aminohapete kompleks<\/p>\n<p>&#8211; argaania\u00f5li<\/p>\n<p>&#8211; linaseemne\u00f5li<\/p>\n<p>&#8211; jojoba\u00f5li<\/p>\n<p>&#8211; aasia vesinaba leheekstrakt<\/p>\n<p>&#8211; looduslik l\u00f5hnaaine<\/p>\n","protected":false},"excerpt":{"rendered":"<p>Toidab juukseid, andes neile l\u00e4iget ja elastsust.<\/p>\n<p>See sisaldab niisutavaid komponente, mis muudavad kuivad ja karedaid juukseid pehmeks ja siledaks. Annab juustele l\u00e4iget ja vol\u00fc\u00fcmi. See on loodud n\u00f5rgenenud juuste taastamiseks ja tugevdamiseks ning sisaldab olulisi toitaineid, mis t\u00f5husalt parandavad l\u00f5henenud otsi ja parandavad juuste \u00fcldist seisukorda, j\u00e4ttes need l\u00e4ikivaks.<\/p>\n","protected":false},"featured_media":2326,"comment_status":"open","ping_status":"closed","template":"","meta":{"site-sidebar-layout":"default","site-content-layout":"","ast-site-content-layout":"default","site-content-style":"default","site-sidebar-style":"default","ast-global-header-display":"","ast-banner-title-visibility":"","ast-main-header-display":"","ast-hfb-above-header-display":"","ast-hfb-below-header-display":"","ast-hfb-mobile-header-display":"","site-post-title":"","ast-breadcrumbs-content":"","ast-featured-img":"","footer-sml-layout":"","theme-transparent-header-meta":"default","adv-header-id-meta":"","stick-header-meta":"","header-above-stick-meta":"","header-main-stick-meta":"","header-below-stick-meta":"","astra-migrate-meta-layouts":"set","ast-page-background-enabled":"default","ast-page-background-meta":{"desktop":{"background-color":"var(--ast-global-color-4)","background-image":"","background-repeat":"repeat","background-position":"center center","background-size":"auto","background-attachment":"scroll","background-type":"","background-media":"","overlay-type":"","overlay-color":"","overlay-opacity":"","overlay-gradient":""},"tablet":{"background-color":"","background-image":"","background-repeat":"repeat","background-position":"center center","background-size":"auto","background-attachment":"scroll","background-type":"","background-media":"","overlay-type":"","overlay-color":"","overlay-opacity":"","overlay-gradient":""},"mobile":{"background-color":"","background-image":"","background-repeat":"repeat","background-position":"center center","background-size":"auto","background-attachment":"scroll","background-type":"","background-media":"","overlay-type":"","overlay-color":"","overlay-opacity":"","overlay-gradient":""}},"ast-content-background-meta":{"desktop":{"background-color":"var(--ast-global-color-5)","background-image":"","background-repeat":"repeat","background-position":"center center","background-size":"auto","background-attachment":"scroll","background-type":"","background-media":"","overlay-type":"","overlay-color":"","overlay-opacity":"","overlay-gradient":""},"tablet":{"background-color":"var(--ast-global-color-5)","background-image":"","background-repeat":"repeat","background-position":"center center","background-size":"auto","background-attachment":"scroll","background-type":"","background-media":"","overlay-type":"","overlay-color":"","overlay-opacity":"","overlay-gradient":""},"mobile":{"background-color":"var(--ast-global-color-5)","background-image":"","background-repeat":"repeat","background-position":"center center","background-size":"auto","background-attachment":"scroll","background-type":"","background-media":"","overlay-type":"","overlay-color":"","overlay-opacity":"","overlay-gradient":""}}},"product_brand":[160],"product_cat":[131,68],"product_tag":[],"class_list":{"0":"post-4068","1":"product","2":"type-product","3":"status-publish","4":"has-post-thumbnail","6":"product_brand-clabiane","7":"product_cat-juuksehooldus","8":"product_cat-kosmeetika","9":"desktop-align-center","10":"tablet-align-center","11":"mobile-align-center","13":"first","14":"instock","15":"sale","16":"taxable","17":"shipping-taxable","18":"purchasable","19":"product-type-simple"},"_links":{"self":[{"href":"https:\/\/kinez.ee\/shop\/et\/wp-json\/wp\/v2\/product\/4068","targetHints":{"allow":["GET"]}}],"collection":[{"href":"https:\/\/kinez.ee\/shop\/et\/wp-json\/wp\/v2\/product"}],"about":[{"href":"https:\/\/kinez.ee\/shop\/et\/wp-json\/wp\/v2\/types\/product"}],"replies":[{"embeddable":true,"href":"https:\/\/kinez.ee\/shop\/et\/wp-json\/wp\/v2\/comments?post=4068"}],"wp:featuredmedia":[{"embeddable":true,"href":"https:\/\/kinez.ee\/shop\/et\/wp-json\/wp\/v2\/media\/2326"}],"wp:attachment":[{"href":"https:\/\/kinez.ee\/shop\/et\/wp-json\/wp\/v2\/media?parent=4068"}],"wp:term":[{"taxonomy":"product_brand","embeddable":true,"href":"https:\/\/kinez.ee\/shop\/et\/wp-json\/wp\/v2\/product_brand?post=4068"},{"taxonomy":"product_cat","embeddable":true,"href":"https:\/\/kinez.ee\/shop\/et\/wp-json\/wp\/v2\/product_cat?post=4068"},{"taxonomy":"product_tag","embeddable":true,"href":"https:\/\/kinez.ee\/shop\/et\/wp-json\/wp\/v2\/product_tag?post=4068"}],"curies":[{"name":"wp","href":"https:\/\/api.w.org\/{rel}","templated":true}]}}