{"id":4070,"date":"2025-09-17T18:49:28","date_gmt":"2025-09-17T18:49:28","guid":{"rendered":"https:\/\/kinez.ee\/shop\/product\/clabiane-hair-beam-conditioner\/"},"modified":"2026-03-24T08:49:51","modified_gmt":"2026-03-24T08:49:51","slug":"clabiane-hair-beam-conditioner-2","status":"publish","type":"product","link":"https:\/\/kinez.ee\/shop\/et\/toode\/clabiane-hair-beam-conditioner-2\/","title":{"rendered":"Clabiane Hair Beam Scalp Ampoule (100ml)"},"content":{"rendered":"<h2>HairBeam Scalp Ampoule \u2013 Juustepiim v\u00e4ljalangemise vastu<\/h2>\n<p><strong>HairBeam Scalp Ampoule<\/strong> on 95% looduslikult p\u00e4rinev seerum, mis on loodud v\u00f5itlema juuste v\u00e4ljalangemise ja vananemisilmingutega. Selle kontsentreeritud koostis, mis sisaldab 10 aminohappe kompleksi, biotiini ja tsentella ekstrakti, toidab juuksejuuri otse ja t\u00f5husalt. Patenteeritud <strong>Darkenyl\u2122<\/strong> kompleks aitab parandada hallinevate juuste seisundit, samal ajal kui mentool ja rohelise tee ekstrakt rahustavad peanahka. Toode on vaba kahjulikest kemikaalidest, lisades juustele vol\u00fc\u00fcmi ja elastsust.<\/p>\n<h3>T\u00f5husus:<\/h3>\n<ul>\n<li><strong>Juuste v\u00e4ljalangemise leevendamine:<\/strong> Stimuleerib kasvu ja tugevdab juuri.<\/li>\n<li><strong>Vananemisvastane hooldus:<\/strong> Aitab v\u00e4hendada hallide karvade teket.<\/li>\n<li><strong>Peanaha tervis:<\/strong> Suurendab elastsust ja leevendab \u00e4rritust.<\/li>\n<li><strong>S\u00fcgavtoitev:<\/strong> Sisaldab suures koguses panteonooli ja biotiini.<\/li>\n<\/ul>\n<h3>Kasutamine:<\/h3>\n<p>Pihustage toodet p\u00e4rast pesemist kuivale peanahale vajalikele piirkondadele. Masseerige \u00f5rnalt, kuni seerum on t\u00e4ielikult imendunud.<\/p>\n<hr\/>\n","protected":false},"excerpt":{"rendered":"<p><strong>HairBeam Scalp Ampoule<\/strong> \u2013 k\u00f5rgkontsentreeritud seerum juuste v\u00e4ljalangemise ja vananemise vastu. 95% looduslik koostis, mis sisaldab <strong>biotiini, 10 aminohapet ja Darkenyl\u2122<\/strong> kompleksi, stimuleerib juuksekasvu otse juuretasandil ja parandab hallinevate juuste seisundit.<\/p>\n<ul>\n<li><strong>Peatab v\u00e4ljalangemise<\/strong> ja lisab kohevust juurtest alates.<\/li>\n<li><strong>Patenteeritud valem<\/strong> hallide karvade tekkimise vastu.<\/li>\n<li><strong>Kemikaalivaba<\/strong> \u2013 sobib ideaalselt tundlikule peanahale.<\/li>\n<\/ul>\n<p><em>Professionaalne peanahahooldus tihedamate ja tervemte juuste saavutamiseks.<\/em><\/p>\n","protected":false},"featured_media":2341,"comment_status":"open","ping_status":"closed","template":"","meta":{"site-sidebar-layout":"default","site-content-layout":"","ast-site-content-layout":"default","site-content-style":"default","site-sidebar-style":"default","ast-global-header-display":"","ast-banner-title-visibility":"","ast-main-header-display":"","ast-hfb-above-header-display":"","ast-hfb-below-header-display":"","ast-hfb-mobile-header-display":"","site-post-title":"","ast-breadcrumbs-content":"","ast-featured-img":"","footer-sml-layout":"","theme-transparent-header-meta":"default","adv-header-id-meta":"","stick-header-meta":"","header-above-stick-meta":"","header-main-stick-meta":"","header-below-stick-meta":"","astra-migrate-meta-layouts":"set","ast-page-background-enabled":"default","ast-page-background-meta":{"desktop":{"background-color":"var(--ast-global-color-4)","background-image":"","background-repeat":"repeat","background-position":"center center","background-size":"auto","background-attachment":"scroll","background-type":"","background-media":"","overlay-type":"","overlay-color":"","overlay-opacity":"","overlay-gradient":""},"tablet":{"background-color":"","background-image":"","background-repeat":"repeat","background-position":"center center","background-size":"auto","background-attachment":"scroll","background-type":"","background-media":"","overlay-type":"","overlay-color":"","overlay-opacity":"","overlay-gradient":""},"mobile":{"background-color":"","background-image":"","background-repeat":"repeat","background-position":"center center","background-size":"auto","background-attachment":"scroll","background-type":"","background-media":"","overlay-type":"","overlay-color":"","overlay-opacity":"","overlay-gradient":""}},"ast-content-background-meta":{"desktop":{"background-color":"var(--ast-global-color-5)","background-image":"","background-repeat":"repeat","background-position":"center center","background-size":"auto","background-attachment":"scroll","background-type":"","background-media":"","overlay-type":"","overlay-color":"","overlay-opacity":"","overlay-gradient":""},"tablet":{"background-color":"var(--ast-global-color-5)","background-image":"","background-repeat":"repeat","background-position":"center center","background-size":"auto","background-attachment":"scroll","background-type":"","background-media":"","overlay-type":"","overlay-color":"","overlay-opacity":"","overlay-gradient":""},"mobile":{"background-color":"var(--ast-global-color-5)","background-image":"","background-repeat":"repeat","background-position":"center center","background-size":"auto","background-attachment":"scroll","background-type":"","background-media":"","overlay-type":"","overlay-color":"","overlay-opacity":"","overlay-gradient":""}}},"product_brand":[160],"product_cat":[131,68],"product_tag":[],"class_list":{"0":"post-4070","1":"product","2":"type-product","3":"status-publish","4":"has-post-thumbnail","6":"product_brand-clabiane","7":"product_cat-juuksehooldus","8":"product_cat-kosmeetika","9":"desktop-align-center","10":"tablet-align-center","11":"mobile-align-center","13":"first","14":"instock","15":"taxable","16":"shipping-taxable","17":"purchasable","18":"product-type-simple"},"_links":{"self":[{"href":"https:\/\/kinez.ee\/shop\/et\/wp-json\/wp\/v2\/product\/4070","targetHints":{"allow":["GET"]}}],"collection":[{"href":"https:\/\/kinez.ee\/shop\/et\/wp-json\/wp\/v2\/product"}],"about":[{"href":"https:\/\/kinez.ee\/shop\/et\/wp-json\/wp\/v2\/types\/product"}],"replies":[{"embeddable":true,"href":"https:\/\/kinez.ee\/shop\/et\/wp-json\/wp\/v2\/comments?post=4070"}],"wp:featuredmedia":[{"embeddable":true,"href":"https:\/\/kinez.ee\/shop\/et\/wp-json\/wp\/v2\/media\/2341"}],"wp:attachment":[{"href":"https:\/\/kinez.ee\/shop\/et\/wp-json\/wp\/v2\/media?parent=4070"}],"wp:term":[{"taxonomy":"product_brand","embeddable":true,"href":"https:\/\/kinez.ee\/shop\/et\/wp-json\/wp\/v2\/product_brand?post=4070"},{"taxonomy":"product_cat","embeddable":true,"href":"https:\/\/kinez.ee\/shop\/et\/wp-json\/wp\/v2\/product_cat?post=4070"},{"taxonomy":"product_tag","embeddable":true,"href":"https:\/\/kinez.ee\/shop\/et\/wp-json\/wp\/v2\/product_tag?post=4070"}],"curies":[{"name":"wp","href":"https:\/\/api.w.org\/{rel}","templated":true}]}}