{"id":4072,"date":"2025-09-17T18:49:28","date_gmt":"2025-09-17T18:49:28","guid":{"rendered":"https:\/\/kinez.ee\/shop\/product\/clabiane-hair-beam-scalp-ampoule\/"},"modified":"2026-03-08T16:55:54","modified_gmt":"2026-03-08T16:55:54","slug":"clabiane-hair-beam-scalp-ampoule-3","status":"publish","type":"product","link":"https:\/\/kinez.ee\/shop\/et\/toode\/clabiane-hair-beam-scalp-ampoule-3\/","title":{"rendered":"Clabiane Acu-Derm Cream (40ml)"},"content":{"rendered":"<p>Niisutav ja toitev kreem, mis sobib tundlikule v\u00f5i probleemsele nahale ning on h\u00fcpoallergeenne. Eemaldab k\u00f5ik nahka \u00e4rritavad elemendid ning niisutab ja toidab nahka t\u00f5husalt p\u00e4rast \u00e4rritavaid protseduure, nagu laser ja MTS (Micro Needke Therapy System). Edendab naha taastumist ja hom\u00f6ostaasi. N\u00f5uetekohane hooldus p\u00e4rast laserprotseduure annab paremaid tulemusi. Kuna nahk muutub p\u00e4rast laserprotseduure \u00e4\u00e4rmiselt kuivaks ja tundlikuks, on oluline kohene rahustamine ja niisutus. Spetsiaalselt loodud naha niisutamiseks ja taastamiseks p\u00e4rast laserprotseduure ilma nahka \u00e4rritavate koostisosadeta. Pol\u00fcglutaamhape (PGA), makadaamiap\u00e4hkli\u00f5li ja keramiid tugevdavad naha kaitsebarj\u00e4\u00e4ri funktsiooni, aidates nahal uueneda.<\/p>\n<p>Kasutamine:<\/p>\n<p>V\u00f5tke sobiv kogus Acu-Derm kreemi ja kandke see \u00fchtlaselt ja \u00f5rnalt n\u00e4ole v\u00f5i \u00e4rritunud piirkonnale.<\/p>\n<p>Peamised koostisosad:<\/p>\n<p>&#8211; y-PGA<br \/>\n&#8211; Sepicalm VG<br \/>\n&#8211; pantenool<br \/>\n&#8211; keramiid<br \/>\n&#8211; jaapani sofora ekstrakt<\/p>\n<p>Valmistatud ilma:<\/p>\n<p>S\u00e4ilitusainete | Alkoholi | Kunstlike v\u00e4rvainete | L\u00f5hnaaineteta<\/p>\n","protected":false},"excerpt":{"rendered":"<p>H\u00fcpoallergeenne, s\u00fcgavniisutav ja toitev hoolduskreem, mis on spetsiaalselt v\u00e4lja t\u00f6\u00f6tatud tundlikule v\u00f5i probleemsele nahale. Ideaalne kasutamiseks p\u00e4rast dermatoloogilisi protseduure, n\u00e4iteks laserteraapiat v\u00f5i MTS-i (mikron\u00f5elravi). Rahustav, niisutav, toitev, s\u00e4ra andva toimega, kortsudevastane hooldus.<\/p>\n","protected":false},"featured_media":2356,"comment_status":"open","ping_status":"closed","template":"","meta":{"site-sidebar-layout":"","site-content-layout":"","ast-site-content-layout":"","site-content-style":"","site-sidebar-style":"","ast-global-header-display":"","ast-banner-title-visibility":"","ast-main-header-display":"","ast-hfb-above-header-display":"","ast-hfb-below-header-display":"","ast-hfb-mobile-header-display":"","site-post-title":"","ast-breadcrumbs-content":"","ast-featured-img":"","footer-sml-layout":"","theme-transparent-header-meta":"","adv-header-id-meta":"","stick-header-meta":"","header-above-stick-meta":"","header-main-stick-meta":"","header-below-stick-meta":"","astra-migrate-meta-layouts":"","ast-page-background-enabled":"default","ast-page-background-meta":{"desktop":{"background-color":"var(--ast-global-color-4)","background-image":"","background-repeat":"repeat","background-position":"center center","background-size":"auto","background-attachment":"scroll","background-type":"","background-media":"","overlay-type":"","overlay-color":"","overlay-opacity":"","overlay-gradient":""},"tablet":{"background-color":"","background-image":"","background-repeat":"repeat","background-position":"center center","background-size":"auto","background-attachment":"scroll","background-type":"","background-media":"","overlay-type":"","overlay-color":"","overlay-opacity":"","overlay-gradient":""},"mobile":{"background-color":"","background-image":"","background-repeat":"repeat","background-position":"center center","background-size":"auto","background-attachment":"scroll","background-type":"","background-media":"","overlay-type":"","overlay-color":"","overlay-opacity":"","overlay-gradient":""}},"ast-content-background-meta":{"desktop":{"background-color":"var(--ast-global-color-5)","background-image":"","background-repeat":"repeat","background-position":"center center","background-size":"auto","background-attachment":"scroll","background-type":"","background-media":"","overlay-type":"","overlay-color":"","overlay-opacity":"","overlay-gradient":""},"tablet":{"background-color":"var(--ast-global-color-5)","background-image":"","background-repeat":"repeat","background-position":"center center","background-size":"auto","background-attachment":"scroll","background-type":"","background-media":"","overlay-type":"","overlay-color":"","overlay-opacity":"","overlay-gradient":""},"mobile":{"background-color":"var(--ast-global-color-5)","background-image":"","background-repeat":"repeat","background-position":"center center","background-size":"auto","background-attachment":"scroll","background-type":"","background-media":"","overlay-type":"","overlay-color":"","overlay-opacity":"","overlay-gradient":""}}},"product_brand":[160],"product_cat":[68,130],"product_tag":[],"class_list":{"0":"post-4072","1":"product","2":"type-product","3":"status-publish","4":"has-post-thumbnail","6":"product_brand-clabiane","7":"product_cat-kosmeetika","8":"product_cat-naohooldus","9":"desktop-align-center","10":"tablet-align-center","11":"mobile-align-center","13":"first","14":"instock","15":"sale","16":"taxable","17":"shipping-taxable","18":"purchasable","19":"product-type-simple"},"_links":{"self":[{"href":"https:\/\/kinez.ee\/shop\/et\/wp-json\/wp\/v2\/product\/4072","targetHints":{"allow":["GET"]}}],"collection":[{"href":"https:\/\/kinez.ee\/shop\/et\/wp-json\/wp\/v2\/product"}],"about":[{"href":"https:\/\/kinez.ee\/shop\/et\/wp-json\/wp\/v2\/types\/product"}],"replies":[{"embeddable":true,"href":"https:\/\/kinez.ee\/shop\/et\/wp-json\/wp\/v2\/comments?post=4072"}],"wp:featuredmedia":[{"embeddable":true,"href":"https:\/\/kinez.ee\/shop\/et\/wp-json\/wp\/v2\/media\/2356"}],"wp:attachment":[{"href":"https:\/\/kinez.ee\/shop\/et\/wp-json\/wp\/v2\/media?parent=4072"}],"wp:term":[{"taxonomy":"product_brand","embeddable":true,"href":"https:\/\/kinez.ee\/shop\/et\/wp-json\/wp\/v2\/product_brand?post=4072"},{"taxonomy":"product_cat","embeddable":true,"href":"https:\/\/kinez.ee\/shop\/et\/wp-json\/wp\/v2\/product_cat?post=4072"},{"taxonomy":"product_tag","embeddable":true,"href":"https:\/\/kinez.ee\/shop\/et\/wp-json\/wp\/v2\/product_tag?post=4072"}],"curies":[{"name":"wp","href":"https:\/\/api.w.org\/{rel}","templated":true}]}}