{"id":4092,"date":"2025-10-06T18:28:06","date_gmt":"2025-10-06T18:28:06","guid":{"rendered":"https:\/\/kinez.ee\/shop\/product\/ph-balancing-foam-cleanser-acu-derm-cream-ultra-daily-sunscreen-set\/"},"modified":"2025-12-09T14:28:29","modified_gmt":"2025-12-09T14:28:29","slug":"ph-balancing-foam-cleanser-acu-derm-cream-ultra-daily-sunscreen-set","status":"publish","type":"product","link":"https:\/\/kinez.ee\/shop\/et\/toode\/ph-balancing-foam-cleanser-acu-derm-cream-ultra-daily-sunscreen-set\/","title":{"rendered":"pH Balancing Foam Cleanser &#038; Acu-Derm Cream &#038; Ultra Daily Sunscreen SET"},"content":{"rendered":"<p>Vahutav puhastusvahend, mis tekitab rikkalikke ja peeneid mulle, et hoida nahka niisutatuna ilma pesemise j\u00e4rel pingul tunnet tekitamata. Madal pH, mis on sarnane terve naha omaga, eemaldab t\u00f5husalt lisandid ja taastab naha \u00f5li ja niiskuse tasakaalu.<\/p>\n<p>Pol\u00fcglutamiinhape (\u03b3-PGA) ja multih\u00fcaluroonhape moodustavad nahale niiskuskilbi, et v\u00e4ltida niiskuse aurustumist nahalt. Kasutage hommikul ja \u00f5htul igap\u00e4evase puhastusvahendina.<\/p>\n<p>Niisutav ja toitev kreem, mis sobib kasutamiseks tundlikule v\u00f5i probleemsele nahale ning on h\u00fcpoallergeenne. Eemaldab k\u00f5ik nahka \u00e4rritavad elemendid ning niisutab ja toidab nahka t\u00f5husalt p\u00e4rast \u00e4rritavaid protseduure, nagu laser ja MTS (mikron\u00f5elravi s\u00fcsteem). Edendab naha taastumist ja hom\u00f6ostaasi.<br \/>\n\u00d5ige hooldus p\u00e4rast laserprotseduure annab paremaid tulemusi. Kuna nahk muutub p\u00e4rast laserprotseduure \u00e4\u00e4rmiselt kuivaks ja tundlikuks, on oluline kohene rahustamine ja niisutus. Spetsiaalselt loodud naha niisutamiseks ja taastamiseks p\u00e4rast laserprotseduure ilma nahka \u00e4rritavate koostisosadeta. Pol\u00fcglutaamhape (PGA), makadaamiaseemne\u00f5li ja keramiid tugevdavad naha barj\u00e4\u00e4rifunktsiooni, aidates nahal uueneda.<\/p>\n<p>Clabian Ultra Daily Sunscreen on mitte\u00e4rritav p\u00e4ikesekaitsekreem, mida saab kasutada ka p\u00e4rast dermatoloogilisi protseduure, n\u00e4iteks laserprotseduure.<br \/>\nSee on \u00f5rn ja niisutav, ei \u00e4rrita silmi ega tekita kleepuvust,<br \/>\nmis teeb selle ideaalseks igap\u00e4evaseks kasutamiseks 365 p\u00e4eva aastas!<br \/>\nN\u00fc\u00fcd p\u00e4\u00e4se p\u00e4ikesekaitsekreemide nomaadlusest Clavianiga! Kolmekordse toimega kosmeetika UV-kaitseks, valgendamiseks ja kortsude v\u00e4hendamiseks.<br \/>\nPakub tugevat niisutust ja tugevdab nahabarj\u00e4\u00e4ri, kaitstes samal ajal nahka UVA\/UVB-kiirte eest. Hoiab \u00e4ra tumedate laikude ja pigmentatsiooni tekkimise.<\/p>\n","protected":false},"excerpt":{"rendered":"<p>CLABIANE pH Balancing Foam Cleanser on \u00f5rn n\u00e4opuhastusvaht h\u00fcaluroonhappe ja EGF kasvufaktoriga.<br \/>\nCLABIANE puhastusvahend sisaldab patenteeritud PGA-d, EGF-i ja keramiide, mis niisutavad nahka s\u00fcgavuti ja annavad sellele terve ja s\u00e4rava v\u00e4limuse. S\u00fcgavpuhastav, niisutav, meigieemaldaja, pH-tasakaalustatud koostisega, sobib k\u00f5ikidele nahat\u00fc\u00fcpidele, laser-\/koorimisj\u00e4rgseks hoolduseks<\/p>\n<p>H\u00fcpoallergeenne, s\u00fcgavniisutav ja toitev hoolduskreem, mis on spetsiaalselt v\u00e4lja t\u00f6\u00f6tatud tundlikule v\u00f5i probleemsele nahale. Ideaalne kasutamiseks p\u00e4rast dermatoloogilisi protseduure, nagu laserteraapia v\u00f5i MTS (mikron\u00f5elravi). Rahustav, niisutav, toitev, heledamaks muutva toimega, kortsudevastane hooldus<\/p>\n<p>Blokeerib 98% UVB-kiirtest. See on p\u00e4ikesekaitsekreem, mis imendub nahka kergesti. See on loodud n\u00e4onaha kaitsmiseks UVA- ja UVB-kiirguse eest. See ei sisalda parabeene ega alkoholi ning sobib k\u00f5ikidele nahat\u00fc\u00fcpidele &#8211; kuivale ja tundlikule, v\u00e4lja arvatud aknele kalduvale nahale. Kaitseb nahka enneaegse vananemise eest, aitab varjata peeneid kortse.<\/p>\n","protected":false},"featured_media":2756,"comment_status":"open","ping_status":"closed","template":"","meta":{"site-sidebar-layout":"default","site-content-layout":"","ast-site-content-layout":"default","site-content-style":"default","site-sidebar-style":"default","ast-global-header-display":"","ast-banner-title-visibility":"","ast-main-header-display":"","ast-hfb-above-header-display":"","ast-hfb-below-header-display":"","ast-hfb-mobile-header-display":"","site-post-title":"","ast-breadcrumbs-content":"","ast-featured-img":"","footer-sml-layout":"","theme-transparent-header-meta":"","adv-header-id-meta":"","stick-header-meta":"","header-above-stick-meta":"","header-main-stick-meta":"","header-below-stick-meta":"","astra-migrate-meta-layouts":"default","ast-page-background-enabled":"default","ast-page-background-meta":{"desktop":{"background-color":"var(--ast-global-color-4)","background-image":"","background-repeat":"repeat","background-position":"center center","background-size":"auto","background-attachment":"scroll","background-type":"","background-media":"","overlay-type":"","overlay-color":"","overlay-opacity":"","overlay-gradient":""},"tablet":{"background-color":"","background-image":"","background-repeat":"repeat","background-position":"center center","background-size":"auto","background-attachment":"scroll","background-type":"","background-media":"","overlay-type":"","overlay-color":"","overlay-opacity":"","overlay-gradient":""},"mobile":{"background-color":"","background-image":"","background-repeat":"repeat","background-position":"center center","background-size":"auto","background-attachment":"scroll","background-type":"","background-media":"","overlay-type":"","overlay-color":"","overlay-opacity":"","overlay-gradient":""}},"ast-content-background-meta":{"desktop":{"background-color":"var(--ast-global-color-5)","background-image":"","background-repeat":"repeat","background-position":"center center","background-size":"auto","background-attachment":"scroll","background-type":"","background-media":"","overlay-type":"","overlay-color":"","overlay-opacity":"","overlay-gradient":""},"tablet":{"background-color":"var(--ast-global-color-5)","background-image":"","background-repeat":"repeat","background-position":"center center","background-size":"auto","background-attachment":"scroll","background-type":"","background-media":"","overlay-type":"","overlay-color":"","overlay-opacity":"","overlay-gradient":""},"mobile":{"background-color":"var(--ast-global-color-5)","background-image":"","background-repeat":"repeat","background-position":"center center","background-size":"auto","background-attachment":"scroll","background-type":"","background-media":"","overlay-type":"","overlay-color":"","overlay-opacity":"","overlay-gradient":""}}},"product_brand":[160],"product_cat":[133,68,130],"product_tag":[],"class_list":{"0":"post-4092","1":"product","2":"type-product","3":"status-publish","4":"has-post-thumbnail","6":"product_brand-clabiane","7":"product_cat-komplektid","8":"product_cat-kosmeetika","9":"product_cat-naohooldus","10":"desktop-align-center","11":"tablet-align-center","12":"mobile-align-center","14":"first","15":"instock","16":"taxable","17":"shipping-taxable","18":"purchasable","19":"product-type-simple"},"_links":{"self":[{"href":"https:\/\/kinez.ee\/shop\/et\/wp-json\/wp\/v2\/product\/4092","targetHints":{"allow":["GET"]}}],"collection":[{"href":"https:\/\/kinez.ee\/shop\/et\/wp-json\/wp\/v2\/product"}],"about":[{"href":"https:\/\/kinez.ee\/shop\/et\/wp-json\/wp\/v2\/types\/product"}],"replies":[{"embeddable":true,"href":"https:\/\/kinez.ee\/shop\/et\/wp-json\/wp\/v2\/comments?post=4092"}],"wp:featuredmedia":[{"embeddable":true,"href":"https:\/\/kinez.ee\/shop\/et\/wp-json\/wp\/v2\/media\/2756"}],"wp:attachment":[{"href":"https:\/\/kinez.ee\/shop\/et\/wp-json\/wp\/v2\/media?parent=4092"}],"wp:term":[{"taxonomy":"product_brand","embeddable":true,"href":"https:\/\/kinez.ee\/shop\/et\/wp-json\/wp\/v2\/product_brand?post=4092"},{"taxonomy":"product_cat","embeddable":true,"href":"https:\/\/kinez.ee\/shop\/et\/wp-json\/wp\/v2\/product_cat?post=4092"},{"taxonomy":"product_tag","embeddable":true,"href":"https:\/\/kinez.ee\/shop\/et\/wp-json\/wp\/v2\/product_tag?post=4092"}],"curies":[{"name":"wp","href":"https:\/\/api.w.org\/{rel}","templated":true}]}}