{"id":4098,"date":"2025-10-06T18:28:06","date_gmt":"2025-10-06T18:28:06","guid":{"rendered":"https:\/\/kinez.ee\/shop\/product\/cleanser-lavijue-wrinkle-care-ampoule-1x15ml-vacation-mask-set\/"},"modified":"2025-12-09T14:28:29","modified_gmt":"2025-12-09T14:28:29","slug":"cleanser-lavijue-wrinkle-care-ampoule-1x15ml-vacation-mask-set","status":"publish","type":"product","link":"https:\/\/kinez.ee\/shop\/et\/toode\/cleanser-lavijue-wrinkle-care-ampoule-1x15ml-vacation-mask-set\/","title":{"rendered":"Cleanser &#038; Lavijue Wrinkle Care Ampoule 1x15ml &#038; Vacation Mask SET"},"content":{"rendered":"<p>Vahutav puhastusvahend, mis tekitab rikkalikke ja peeneid mulle, et hoida nahka niisutatuna ilma pinguldava tundeta p\u00e4rast pesemist. Madal pH, mis on sarnane terve naha omaga, eemaldab t\u00f5husalt lisandid ja taastab naha \u00f5li ja niiskuse tasakaalu.<\/p>\n<p>Pol\u00fcglutamiinhape (\u03b3-PGA) ja multih\u00fcaluroonhape moodustavad nahale niiskuskilbi, et v\u00e4ltida niiskuse aurustumist nahalt. Kasutage hommikul ja \u00f5htul igap\u00e4evase puhastusvahendina.<\/p>\n<p>T\u00e4iustatud kortsude hooldus ja naha pinguldamine CLABIANE Lavijue ampulliga<br \/>\nKogege n\u00e4htavat pinguldavat ja vananemisvastast toimet selle h\u00fcpoallergeense ampulliga. See on valmistatud k\u00f5rge puhtusastmega kasvufaktorite, peptiidide ja PDRN-iga, mis aitab siluda peeneid jooni, pinguldada l\u00f5tvunud nahka ja niisutada s\u00fcgavuti \u2013 toetades samal ajal tundlikku nahka.<\/p>\n<p>Veegeeli leht kleepub l\u00e4bipaistvalt nahale, aidates nahal toimeaineid imada, andes p\u00e4rast kasutamist pehme nahatekstuuri kerge ja kleepuva niisutusega. Niisutus ilma kleepuvuseta isegi 40 minuti p\u00e4rast. Aktiivsed koostisosad pakuvad rikkalikku niisutust ja mitmesuguseid toitaineid, et lisada nahale tervet eluj\u00f5udu ja elastsust.<\/p>\n","protected":false},"excerpt":{"rendered":"<p>CLABIANE pH Balancing Foam Cleanser on \u00f5rn n\u00e4opuhastusvaht h\u00fcaluroonhappe ja EGF kasvufaktoriga.<br \/>\nCLABIANE puhastusvahend sisaldab patenteeritud PGA-d, EGF-i ja keramiide, mis niisutavad nahka s\u00fcgavuti ja annavad sellele terve ja s\u00e4rava v\u00e4limuse. S\u00fcgavpuhastav, niisutav, meigieemaldaja, pH-tasakaalustatud koostis, sobib k\u00f5ikidele nahat\u00fc\u00fcpidele, laser-\/koorimisj\u00e4rgseks hoolduseks<\/p>\n<p>H\u00fcpoallergeenne ja kliiniliselt testitud | Eesm\u00e4rk &#8211; Vananevale ja l\u00f5tvunud nahale<br \/>\nLiposomaalsed koostisosad suurendavad naha l\u00e4bilaskvust, pakkudes kortsudevastast hooldust ja naha niisutust. Atset\u00fc\u00fclheksapeptiid-8, EGF, FGF ja PDRN tugevdavad nahka ja parandavad selle seisundit. Peptiid botoxi efektiga<\/p>\n<p>Toimeained annavad rikkalikku niisutust ja mitmesuguseid toitaineid, et lisada nahale tervet eluj\u00f5udu ja elastsust. Selge vee geeli t\u00fc\u00fcpi, imendub h\u00e4sti nahka, ei kleepu, 8 t\u00fc\u00fcpi h\u00fcaluroonhapet.<\/p>\n","protected":false},"featured_media":2780,"comment_status":"open","ping_status":"closed","template":"","meta":{"site-sidebar-layout":"default","site-content-layout":"","ast-site-content-layout":"default","site-content-style":"default","site-sidebar-style":"default","ast-global-header-display":"","ast-banner-title-visibility":"","ast-main-header-display":"","ast-hfb-above-header-display":"","ast-hfb-below-header-display":"","ast-hfb-mobile-header-display":"","site-post-title":"","ast-breadcrumbs-content":"","ast-featured-img":"","footer-sml-layout":"","theme-transparent-header-meta":"","adv-header-id-meta":"","stick-header-meta":"","header-above-stick-meta":"","header-main-stick-meta":"","header-below-stick-meta":"","astra-migrate-meta-layouts":"default","ast-page-background-enabled":"default","ast-page-background-meta":{"desktop":{"background-color":"var(--ast-global-color-4)","background-image":"","background-repeat":"repeat","background-position":"center center","background-size":"auto","background-attachment":"scroll","background-type":"","background-media":"","overlay-type":"","overlay-color":"","overlay-opacity":"","overlay-gradient":""},"tablet":{"background-color":"","background-image":"","background-repeat":"repeat","background-position":"center center","background-size":"auto","background-attachment":"scroll","background-type":"","background-media":"","overlay-type":"","overlay-color":"","overlay-opacity":"","overlay-gradient":""},"mobile":{"background-color":"","background-image":"","background-repeat":"repeat","background-position":"center center","background-size":"auto","background-attachment":"scroll","background-type":"","background-media":"","overlay-type":"","overlay-color":"","overlay-opacity":"","overlay-gradient":""}},"ast-content-background-meta":{"desktop":{"background-color":"var(--ast-global-color-5)","background-image":"","background-repeat":"repeat","background-position":"center center","background-size":"auto","background-attachment":"scroll","background-type":"","background-media":"","overlay-type":"","overlay-color":"","overlay-opacity":"","overlay-gradient":""},"tablet":{"background-color":"var(--ast-global-color-5)","background-image":"","background-repeat":"repeat","background-position":"center center","background-size":"auto","background-attachment":"scroll","background-type":"","background-media":"","overlay-type":"","overlay-color":"","overlay-opacity":"","overlay-gradient":""},"mobile":{"background-color":"var(--ast-global-color-5)","background-image":"","background-repeat":"repeat","background-position":"center center","background-size":"auto","background-attachment":"scroll","background-type":"","background-media":"","overlay-type":"","overlay-color":"","overlay-opacity":"","overlay-gradient":""}}},"product_brand":[160],"product_cat":[133,68,132,130],"product_tag":[],"class_list":{"0":"post-4098","1":"product","2":"type-product","3":"status-publish","4":"has-post-thumbnail","6":"product_brand-clabiane","7":"product_cat-komplektid","8":"product_cat-kosmeetika","9":"product_cat-maskid","10":"product_cat-naohooldus","11":"desktop-align-center","12":"tablet-align-center","13":"mobile-align-center","15":"first","16":"instock","17":"taxable","18":"shipping-taxable","19":"purchasable","20":"product-type-simple"},"_links":{"self":[{"href":"https:\/\/kinez.ee\/shop\/et\/wp-json\/wp\/v2\/product\/4098","targetHints":{"allow":["GET"]}}],"collection":[{"href":"https:\/\/kinez.ee\/shop\/et\/wp-json\/wp\/v2\/product"}],"about":[{"href":"https:\/\/kinez.ee\/shop\/et\/wp-json\/wp\/v2\/types\/product"}],"replies":[{"embeddable":true,"href":"https:\/\/kinez.ee\/shop\/et\/wp-json\/wp\/v2\/comments?post=4098"}],"wp:featuredmedia":[{"embeddable":true,"href":"https:\/\/kinez.ee\/shop\/et\/wp-json\/wp\/v2\/media\/2780"}],"wp:attachment":[{"href":"https:\/\/kinez.ee\/shop\/et\/wp-json\/wp\/v2\/media?parent=4098"}],"wp:term":[{"taxonomy":"product_brand","embeddable":true,"href":"https:\/\/kinez.ee\/shop\/et\/wp-json\/wp\/v2\/product_brand?post=4098"},{"taxonomy":"product_cat","embeddable":true,"href":"https:\/\/kinez.ee\/shop\/et\/wp-json\/wp\/v2\/product_cat?post=4098"},{"taxonomy":"product_tag","embeddable":true,"href":"https:\/\/kinez.ee\/shop\/et\/wp-json\/wp\/v2\/product_tag?post=4098"}],"curies":[{"name":"wp","href":"https:\/\/api.w.org\/{rel}","templated":true}]}}