{"id":4100,"date":"2025-09-17T18:49:30","date_gmt":"2025-09-17T18:49:30","guid":{"rendered":"https:\/\/kinez.ee\/shop\/product\/mediheal-soda-bubble-sheet-10-pcs\/"},"modified":"2026-03-08T16:55:52","modified_gmt":"2026-03-08T16:55:52","slug":"mediheal-soda-bubble-sheet-10-pcs-2","status":"publish","type":"product","link":"https:\/\/kinez.ee\/shop\/et\/toode\/mediheal-soda-bubble-sheet-10-pcs-2\/","title":{"rendered":"MEDIHEAL soda bubble sheet 1 pc"},"content":{"rendered":"<p>MEDIHEAL Mogongtox Soda Bubble Sheet on puhastav mullmask, mis puhastab nahka s\u00fcgavuti ja koorib surnud naharakud t\u00e4nu selles sisalduvatele ens\u00fc\u00fcmidele.<br \/>\nSee toode puhastab \u00f5rnalt lisandeid ja aitab poore ahendada. Aktiveerimise ajal hakkab mask mullitama, rikastades nahka intensiivselt hapnikuga ja pakkudes mikromassaa\u017ei.<br \/>\nSee toode niisutab nahka intensiivselt, toidab seda kasulike koostisosadega ja parandab elastsust. Nahk muutub siledaks, pringiks ja elastseks. Mask eemaldab t\u00f5husalt rasukorgid ja kuivatab p\u00f5letikku.<\/p>\n<p>Peamised toimeained:<br \/>\n&#8211; Papaiin on looduslik taimne ens\u00fc\u00fcm, mis on saadud papaiamahlast. See on \u00f5rn kooriv aine, mis avab loomulikult poorid. Sellel on heledamaks muutev toime, mis \u00fchtlustab nahatooni ja parandab jumet.<br \/>\n&#8211; Galaktom\u00fctseeside ens\u00fc\u00fcmil on v\u00f5ime lagundada toitaineid ja parandada nende imendumist naharakkudes. See taastab rakkude terviklikkuse, parandab mikrotsirkulatsiooni, kiirendab ainevahetust, puhastab nahka, \u00fchtlustab mikroreljeefi, parandab nahatooni, leevendab p\u00f5letikku ja parandab jumet.<br \/>\n&#8211; N\u00f5iap\u00e4hklil on lai valik omadusi ja funktsioone. See aitab v\u00f5idelda rosaatsea vastu, normaliseerib naha h\u00fcdrolipiidide tasakaalu ning pakub p\u00f5letikuvastast, rahustavat ja tervendavat toimet.<br \/>\n&#8211; Piimavalkudel on antioks\u00fcdantsed, antibakteriaalsed, niisutavad ja toitvad omadused. Kitsepiimavalgud tugevdavad nahka, t\u00e4idavad kaitsefunktsiooni, v\u00e4hendavad turseid, pehmendavad, ennetavad deh\u00fcdratsiooni, siluvad kortse, annavad nahale sametise tekstuuri, heledavad ja parandavad jumet.<br \/>\n&#8211; Betaiin niisutab aktiivselt, omab konditsioneerivat toimet, leevendab naha\u00e4rritust, v\u00e4hendab pindaktiivsete ainete h\u00e4vitavat toimet, aitab suurendada nende mahtu, v\u00f5imendab teiste komponentide konditsioneerivat toimet ja on ise hea konditsioneer, avaldab nahale pindmist m\u00f5ju, parandades selle v\u00e4limust.<br \/>\n&#8211; Mungoa ekstraktil on tugev niisutav toime, see hoiab niiskust s\u00fcgavates kihtides, luues kaitsekile, taastab rakke, tugevdab veresoonte seinu ning toidab ja pehmendab nahka ideaalselt.<br \/>\n&#8211; \u00d5unaekstrakt on rikas C-vitamiini ja puuviljahapete poolest. See annab v\u00f5imsad niisutavad omadused, toniseerib nahka ja annab terve s\u00e4ra.<\/p>\n<p>Kasutamine:<br \/>\nPese ja toniseeri nahka. Eemalda kaitsekile, kasta baasmaski pakendist j\u00e4relej\u00e4\u00e4nud essentsiga ja kanna mask peale. Kui mask hakkab vahutama, oota 10 minutit ja eemalda mask. \u00d5rnade patsutavate liigutustega lase j\u00e4relej\u00e4\u00e4nud essentsil imenduda.<\/p>\n","protected":false},"excerpt":{"rendered":"<p>Puhastage s\u00fcgavuti iga nurk ilma k\u00e4te v\u00f5i t\u00f6\u00f6riistade p\u00f5hjustatud h\u00f5\u00f5rdumise v\u00f5i \u00e4rrituseta.<br \/>\nSee hoolitseb vanade surnud naharakkude eest ning muudab naha puhtaks ja pehmeks.<br \/>\nSisaldab koostisosi, mis aitavad pooride koondumisele kaasa, nahka rahustavad ja rasueritust hooldavad.<\/p>\n","protected":false},"featured_media":2560,"comment_status":"open","ping_status":"closed","template":"","meta":{"site-sidebar-layout":"","site-content-layout":"","ast-site-content-layout":"","site-content-style":"","site-sidebar-style":"","ast-global-header-display":"","ast-banner-title-visibility":"","ast-main-header-display":"","ast-hfb-above-header-display":"","ast-hfb-below-header-display":"","ast-hfb-mobile-header-display":"","site-post-title":"","ast-breadcrumbs-content":"","ast-featured-img":"","footer-sml-layout":"","theme-transparent-header-meta":"","adv-header-id-meta":"","stick-header-meta":"","header-above-stick-meta":"","header-main-stick-meta":"","header-below-stick-meta":"","astra-migrate-meta-layouts":"","ast-page-background-enabled":"default","ast-page-background-meta":{"desktop":{"background-color":"var(--ast-global-color-4)","background-image":"","background-repeat":"repeat","background-position":"center center","background-size":"auto","background-attachment":"scroll","background-type":"","background-media":"","overlay-type":"","overlay-color":"","overlay-opacity":"","overlay-gradient":""},"tablet":{"background-color":"","background-image":"","background-repeat":"repeat","background-position":"center center","background-size":"auto","background-attachment":"scroll","background-type":"","background-media":"","overlay-type":"","overlay-color":"","overlay-opacity":"","overlay-gradient":""},"mobile":{"background-color":"","background-image":"","background-repeat":"repeat","background-position":"center center","background-size":"auto","background-attachment":"scroll","background-type":"","background-media":"","overlay-type":"","overlay-color":"","overlay-opacity":"","overlay-gradient":""}},"ast-content-background-meta":{"desktop":{"background-color":"var(--ast-global-color-5)","background-image":"","background-repeat":"repeat","background-position":"center center","background-size":"auto","background-attachment":"scroll","background-type":"","background-media":"","overlay-type":"","overlay-color":"","overlay-opacity":"","overlay-gradient":""},"tablet":{"background-color":"var(--ast-global-color-5)","background-image":"","background-repeat":"repeat","background-position":"center center","background-size":"auto","background-attachment":"scroll","background-type":"","background-media":"","overlay-type":"","overlay-color":"","overlay-opacity":"","overlay-gradient":""},"mobile":{"background-color":"var(--ast-global-color-5)","background-image":"","background-repeat":"repeat","background-position":"center center","background-size":"auto","background-attachment":"scroll","background-type":"","background-media":"","overlay-type":"","overlay-color":"","overlay-opacity":"","overlay-gradient":""}}},"product_brand":[125],"product_cat":[68,132],"product_tag":[],"class_list":{"0":"post-4100","1":"product","2":"type-product","3":"status-publish","4":"has-post-thumbnail","6":"product_brand-mediheal","7":"product_cat-kosmeetika","8":"product_cat-maskid","9":"desktop-align-center","10":"tablet-align-center","11":"mobile-align-center","13":"first","14":"instock","15":"taxable","16":"shipping-taxable","17":"purchasable","18":"product-type-simple"},"_links":{"self":[{"href":"https:\/\/kinez.ee\/shop\/et\/wp-json\/wp\/v2\/product\/4100","targetHints":{"allow":["GET"]}}],"collection":[{"href":"https:\/\/kinez.ee\/shop\/et\/wp-json\/wp\/v2\/product"}],"about":[{"href":"https:\/\/kinez.ee\/shop\/et\/wp-json\/wp\/v2\/types\/product"}],"replies":[{"embeddable":true,"href":"https:\/\/kinez.ee\/shop\/et\/wp-json\/wp\/v2\/comments?post=4100"}],"wp:featuredmedia":[{"embeddable":true,"href":"https:\/\/kinez.ee\/shop\/et\/wp-json\/wp\/v2\/media\/2560"}],"wp:attachment":[{"href":"https:\/\/kinez.ee\/shop\/et\/wp-json\/wp\/v2\/media?parent=4100"}],"wp:term":[{"taxonomy":"product_brand","embeddable":true,"href":"https:\/\/kinez.ee\/shop\/et\/wp-json\/wp\/v2\/product_brand?post=4100"},{"taxonomy":"product_cat","embeddable":true,"href":"https:\/\/kinez.ee\/shop\/et\/wp-json\/wp\/v2\/product_cat?post=4100"},{"taxonomy":"product_tag","embeddable":true,"href":"https:\/\/kinez.ee\/shop\/et\/wp-json\/wp\/v2\/product_tag?post=4100"}],"curies":[{"name":"wp","href":"https:\/\/api.w.org\/{rel}","templated":true}]}}