{"id":4104,"date":"2025-09-17T18:49:30","date_gmt":"2025-09-17T18:49:30","guid":{"rendered":"https:\/\/kinez.ee\/shop\/product\/double-zero-hand-mask-10-pcs\/"},"modified":"2026-03-08T16:55:52","modified_gmt":"2026-03-08T16:55:52","slug":"double-zero-hand-mask-10-pcs-2","status":"publish","type":"product","link":"https:\/\/kinez.ee\/shop\/et\/toode\/double-zero-hand-mask-10-pcs-2\/","title":{"rendered":"Double\/Zero hand mask 1 pc"},"content":{"rendered":"<p>Double Special Care k\u00e4temask on intensiivne k\u00e4tehooldus, mis on loodud kuivade ja karedate k\u00e4te s\u00fcgavuti toitmiseks, niisutamiseks ja taaselustamiseks. Rikkalike botaaniliste ekstraktide ja niisutavate koostisosadega rikastatud mask aitab taastada naha pehmuse ja elastsuse, j\u00e4ttes k\u00e4ed siidiselt pehmeks ja v\u00e4rskeks.<\/p>\n<p>Peamised eelised:<br \/>\n&#8211; Annab s\u00fcgavat niisutust, et rahustada ja parandada kuiva ja l\u00f5henenud nahka<br \/>\n&#8211; Rikastatud toitvate ekstraktidega, et parandada naha tekstuuri ja elastsust<br \/>\n&#8211; Moodustab kaitsebarj\u00e4\u00e4ri, mis lukustab niiskuse ja hoiab \u00e4ra edasise kuivuse<br \/>\n&#8211; Lihtsalt kasutatav kindastiilis mask mugavaks ja t\u00f5husaks raviks<br \/>\n&#8211; J\u00e4tab k\u00e4ed p\u00e4rast iga kasutuskorda pehmeks, elastseks ja noorenenud tundega<\/p>\n<p>Parim j\u00e4rgmistele:<br \/>\n&#8211; Nahaprobleemid: kuivus, karedus, l\u00f5henenud nahk, elastsuse kadu<br \/>\n&#8211; Nahat\u00fc\u00fcbid: sobib igale nahat\u00fc\u00fcbile, eriti kuivadele ja tundlikele k\u00e4tele<\/p>\n<p>Kasutamine: Kandke kindaid 15-20 minutit intensiivse niisutuse ja hoolduse saamiseks. Eemaldage ja masseerige \u00fclej\u00e4\u00e4nud essents \u00f5rnalt nahka.<\/p>\n<p>Hoolitsege oma k\u00e4te eest Double Special Care k\u00e4temaskiga \u2013 intensiivne niisutus ja toit kaunilt pehmete k\u00e4te saavutamiseks.<\/p>\n","protected":false},"excerpt":{"rendered":"<p>K\u00e4temask toidab kuivi ja karedaid k\u00e4si, j\u00e4ttes need h\u00e4sti niisutatuks ja pehmeks. Taimne v\u00f5i, kollageen, h\u00fcaluroonhape ja keramiidid toimivad koos, et niisutada ja toimetada nahka, k\u00fc\u00fcsi ja k\u00fc\u00fcnenahku olulisi toitaineid.<\/p>\n","protected":false},"featured_media":2581,"comment_status":"open","ping_status":"closed","template":"","meta":{"site-sidebar-layout":"","site-content-layout":"","ast-site-content-layout":"","site-content-style":"","site-sidebar-style":"","ast-global-header-display":"","ast-banner-title-visibility":"","ast-main-header-display":"","ast-hfb-above-header-display":"","ast-hfb-below-header-display":"","ast-hfb-mobile-header-display":"","site-post-title":"","ast-breadcrumbs-content":"","ast-featured-img":"","footer-sml-layout":"","theme-transparent-header-meta":"","adv-header-id-meta":"","stick-header-meta":"","header-above-stick-meta":"","header-main-stick-meta":"","header-below-stick-meta":"","astra-migrate-meta-layouts":"default","ast-page-background-enabled":"default","ast-page-background-meta":{"desktop":{"background-color":"var(--ast-global-color-4)","background-image":"","background-repeat":"repeat","background-position":"center center","background-size":"auto","background-attachment":"scroll","background-type":"","background-media":"","overlay-type":"","overlay-color":"","overlay-opacity":"","overlay-gradient":""},"tablet":{"background-color":"","background-image":"","background-repeat":"repeat","background-position":"center center","background-size":"auto","background-attachment":"scroll","background-type":"","background-media":"","overlay-type":"","overlay-color":"","overlay-opacity":"","overlay-gradient":""},"mobile":{"background-color":"","background-image":"","background-repeat":"repeat","background-position":"center center","background-size":"auto","background-attachment":"scroll","background-type":"","background-media":"","overlay-type":"","overlay-color":"","overlay-opacity":"","overlay-gradient":""}},"ast-content-background-meta":{"desktop":{"background-color":"var(--ast-global-color-5)","background-image":"","background-repeat":"repeat","background-position":"center center","background-size":"auto","background-attachment":"scroll","background-type":"","background-media":"","overlay-type":"","overlay-color":"","overlay-opacity":"","overlay-gradient":""},"tablet":{"background-color":"var(--ast-global-color-5)","background-image":"","background-repeat":"repeat","background-position":"center center","background-size":"auto","background-attachment":"scroll","background-type":"","background-media":"","overlay-type":"","overlay-color":"","overlay-opacity":"","overlay-gradient":""},"mobile":{"background-color":"var(--ast-global-color-5)","background-image":"","background-repeat":"repeat","background-position":"center center","background-size":"auto","background-attachment":"scroll","background-type":"","background-media":"","overlay-type":"","overlay-color":"","overlay-opacity":"","overlay-gradient":""}}},"product_brand":[124],"product_cat":[129,68],"product_tag":[],"class_list":{"0":"post-4104","1":"product","2":"type-product","3":"status-publish","4":"has-post-thumbnail","6":"product_brand-idaya","7":"product_cat-kehahooldus","8":"product_cat-kosmeetika","9":"desktop-align-center","10":"tablet-align-center","11":"mobile-align-center","13":"first","14":"instock","15":"taxable","16":"shipping-taxable","17":"purchasable","18":"product-type-simple"},"_links":{"self":[{"href":"https:\/\/kinez.ee\/shop\/et\/wp-json\/wp\/v2\/product\/4104","targetHints":{"allow":["GET"]}}],"collection":[{"href":"https:\/\/kinez.ee\/shop\/et\/wp-json\/wp\/v2\/product"}],"about":[{"href":"https:\/\/kinez.ee\/shop\/et\/wp-json\/wp\/v2\/types\/product"}],"replies":[{"embeddable":true,"href":"https:\/\/kinez.ee\/shop\/et\/wp-json\/wp\/v2\/comments?post=4104"}],"wp:featuredmedia":[{"embeddable":true,"href":"https:\/\/kinez.ee\/shop\/et\/wp-json\/wp\/v2\/media\/2581"}],"wp:attachment":[{"href":"https:\/\/kinez.ee\/shop\/et\/wp-json\/wp\/v2\/media?parent=4104"}],"wp:term":[{"taxonomy":"product_brand","embeddable":true,"href":"https:\/\/kinez.ee\/shop\/et\/wp-json\/wp\/v2\/product_brand?post=4104"},{"taxonomy":"product_cat","embeddable":true,"href":"https:\/\/kinez.ee\/shop\/et\/wp-json\/wp\/v2\/product_cat?post=4104"},{"taxonomy":"product_tag","embeddable":true,"href":"https:\/\/kinez.ee\/shop\/et\/wp-json\/wp\/v2\/product_tag?post=4104"}],"curies":[{"name":"wp","href":"https:\/\/api.w.org\/{rel}","templated":true}]}}