{"id":4285,"date":"2025-11-18T16:29:49","date_gmt":"2025-11-18T16:29:49","guid":{"rendered":"https:\/\/kinez.ee\/shop\/product\/pdrn-hydrogel-mask-vt-cosmetics\/"},"modified":"2026-03-08T16:55:51","modified_gmt":"2026-03-08T16:55:51","slug":"pdrn-hydrogel-mask-vt-cosmetics-3","status":"publish","type":"product","link":"https:\/\/kinez.ee\/shop\/et\/toode\/pdrn-hydrogel-mask-vt-cosmetics-3\/","title":{"rendered":"PDRN Hydrogel Mask (VT Cosmetics)"},"content":{"rendered":"<p>* T\u00fc\u00fcp: H\u00fcdrogeel n\u00e4omask<br \/>\n* Toimeaine: PDRN (pol\u00fcdeoks\u00fcribonukleotiid) \u2014 v\u00f5imas taastav ja vananemisvastane komponent, mis soodustab naharakkude uuenemist.<br \/>\n* Lisahooldus: Rikastatud Panax \u017een\u0161enni ekstraktiga, et parandada naha elastsust ja pinguldust.<br \/>\n* Toime: S\u00fcgav niisutus, lifting, protseduurij\u00e4rgne taastumine, s\u00e4ra andmine ja naha tekstuuri parandamine.<br \/>\n* Valem: Vegan h\u00fcdrogeelleht, mis kleepub tihedalt nahale, et toimeained imenduksid optimaalselt.<br \/>\n* P\u00e4ritolumaa: L\u00f5una-Korea<\/p>\n","protected":false},"excerpt":{"rendered":"<p>* T\u00fc\u00fcp: H\u00fcdrogeel n\u00e4omask<br \/>\n* Toimeaine: PDRN (pol\u00fcdeoks\u00fcribonukleotiid) \u2014 v\u00f5imas taastav ja vananemisvastane komponent, mis soodustab naharakkude uuenemist.<br \/>\n* Lisahooldus: Rikastatud Panax \u017een\u0161enni ekstraktiga, et parandada naha elastsust ja pinguldust.<br \/>\n* Toime: S\u00fcgav niisutus, lifting, protseduurij\u00e4rgne taastumine, s\u00e4ra andmine ja naha tekstuuri parandamine.<br \/>\n* Valem: Vegan h\u00fcdrogeelleht, mis kleepub tihedalt nahale, et toimeained imenduksid optimaalselt.<br \/>\n* P\u00e4ritolumaa: L\u00f5una-Korea<\/p>\n","protected":false},"featured_media":4275,"comment_status":"open","ping_status":"closed","template":"","meta":{"site-sidebar-layout":"default","site-content-layout":"","ast-site-content-layout":"default","site-content-style":"default","site-sidebar-style":"default","ast-global-header-display":"","ast-banner-title-visibility":"","ast-main-header-display":"","ast-hfb-above-header-display":"","ast-hfb-below-header-display":"","ast-hfb-mobile-header-display":"","site-post-title":"","ast-breadcrumbs-content":"","ast-featured-img":"","footer-sml-layout":"","theme-transparent-header-meta":"default","adv-header-id-meta":"","stick-header-meta":"","header-above-stick-meta":"","header-main-stick-meta":"","header-below-stick-meta":"","astra-migrate-meta-layouts":"set","ast-page-background-enabled":"default","ast-page-background-meta":{"desktop":{"background-color":"var(--ast-global-color-4)","background-image":"","background-repeat":"repeat","background-position":"center center","background-size":"auto","background-attachment":"scroll","background-type":"","background-media":"","overlay-type":"","overlay-color":"","overlay-opacity":"","overlay-gradient":""},"tablet":{"background-color":"","background-image":"","background-repeat":"repeat","background-position":"center center","background-size":"auto","background-attachment":"scroll","background-type":"","background-media":"","overlay-type":"","overlay-color":"","overlay-opacity":"","overlay-gradient":""},"mobile":{"background-color":"","background-image":"","background-repeat":"repeat","background-position":"center center","background-size":"auto","background-attachment":"scroll","background-type":"","background-media":"","overlay-type":"","overlay-color":"","overlay-opacity":"","overlay-gradient":""}},"ast-content-background-meta":{"desktop":{"background-color":"var(--ast-global-color-5)","background-image":"","background-repeat":"repeat","background-position":"center center","background-size":"auto","background-attachment":"scroll","background-type":"","background-media":"","overlay-type":"","overlay-color":"","overlay-opacity":"","overlay-gradient":""},"tablet":{"background-color":"var(--ast-global-color-5)","background-image":"","background-repeat":"repeat","background-position":"center center","background-size":"auto","background-attachment":"scroll","background-type":"","background-media":"","overlay-type":"","overlay-color":"","overlay-opacity":"","overlay-gradient":""},"mobile":{"background-color":"var(--ast-global-color-5)","background-image":"","background-repeat":"repeat","background-position":"center center","background-size":"auto","background-attachment":"scroll","background-type":"","background-media":"","overlay-type":"","overlay-color":"","overlay-opacity":"","overlay-gradient":""}}},"product_brand":[151],"product_cat":[68,132],"product_tag":[],"class_list":{"0":"post-4285","1":"product","2":"type-product","3":"status-publish","4":"has-post-thumbnail","6":"product_brand-vt-cosmetics","7":"product_cat-kosmeetika","8":"product_cat-maskid","9":"desktop-align-center","10":"tablet-align-center","11":"mobile-align-center","13":"first","14":"instock","15":"taxable","16":"shipping-taxable","17":"purchasable","18":"product-type-simple"},"_links":{"self":[{"href":"https:\/\/kinez.ee\/shop\/et\/wp-json\/wp\/v2\/product\/4285","targetHints":{"allow":["GET"]}}],"collection":[{"href":"https:\/\/kinez.ee\/shop\/et\/wp-json\/wp\/v2\/product"}],"about":[{"href":"https:\/\/kinez.ee\/shop\/et\/wp-json\/wp\/v2\/types\/product"}],"replies":[{"embeddable":true,"href":"https:\/\/kinez.ee\/shop\/et\/wp-json\/wp\/v2\/comments?post=4285"}],"wp:featuredmedia":[{"embeddable":true,"href":"https:\/\/kinez.ee\/shop\/et\/wp-json\/wp\/v2\/media\/4275"}],"wp:attachment":[{"href":"https:\/\/kinez.ee\/shop\/et\/wp-json\/wp\/v2\/media?parent=4285"}],"wp:term":[{"taxonomy":"product_brand","embeddable":true,"href":"https:\/\/kinez.ee\/shop\/et\/wp-json\/wp\/v2\/product_brand?post=4285"},{"taxonomy":"product_cat","embeddable":true,"href":"https:\/\/kinez.ee\/shop\/et\/wp-json\/wp\/v2\/product_cat?post=4285"},{"taxonomy":"product_tag","embeddable":true,"href":"https:\/\/kinez.ee\/shop\/et\/wp-json\/wp\/v2\/product_tag?post=4285"}],"curies":[{"name":"wp","href":"https:\/\/api.w.org\/{rel}","templated":true}]}}