{"id":4414,"date":"2025-12-17T12:14:25","date_gmt":"2025-12-17T12:14:25","guid":{"rendered":"https:\/\/kinez.ee\/shop\/product\/gift-card\/"},"modified":"2025-12-17T15:15:21","modified_gmt":"2025-12-17T15:15:21","slug":"gift-card","status":"publish","type":"product","link":"https:\/\/kinez.ee\/shop\/et\/toode\/gift-card\/","title":{"rendered":"Kinkekaart"},"content":{"rendered":"<p class=\"my-2 [&amp;+p]:mt-4 [&amp;_strong:has(+br)]:inline-block [&amp;_strong:has(+br)]:pb-2\">Kingituskaart \u2013 t\u00e4iuslik kingitus l\u00e4hedastele! V\u00f5imaldab valida meie poest kaupu v\u00e4\u00e4rtusega 25\u2013100 eurot.<\/p>\n<p class=\"my-2 [&amp;+p]:mt-4 [&amp;_strong:has(+br)]:inline-block [&amp;_strong:has(+br)]:pb-2\">Digitaalne kohaletoimetamine: kaardi kood saadetakse saaja e\u2011posti aadressile kohe p\u00e4rast makse sooritamist.<br \/>\nKehtivusaeg: 12 kuud alates aktiveerimise kuup\u00e4evast.<br \/>\nPersonaliseerimine: lisa kassas nimi ja tervitus.<br \/>\nKasutamine: sisesta ostukorvis kood, et maksta ostude eest.<br \/>\nUniversaalne kingitus s\u00fcnnip\u00e4evadeks, p\u00fchadeks v\u00f5i lihtsalt niisama!<\/p>\n","protected":false},"excerpt":{"rendered":"<p class=\"my-2 [&amp;+p]:mt-4 [&amp;_strong:has(+br)]:inline-block [&amp;_strong:has(+br)]:pb-2\">Kingituskaart \u2013 t\u00e4iuslik kingitus l\u00e4hedastele! V\u00f5imaldab valida meie poest kaupu v\u00e4\u00e4rtusega 25\u2013100 eurot.<\/p>\n<p class=\"my-2 [&amp;+p]:mt-4 [&amp;_strong:has(+br)]:inline-block [&amp;_strong:has(+br)]:pb-2\">Digitaalne kohaletoimetamine: kaardi kood saadetakse saaja e\u2011posti aadressile kohe p\u00e4rast makse sooritamist.<br \/>\nKehtivusaeg: 12 kuud alates aktiveerimise kuup\u00e4evast.<br \/>\nPersonaliseerimine: lisa kassas nimi ja tervitus.<br \/>\nKasutamine: sisesta ostukorvis kood, et maksta ostude eest.<br \/>\nUniversaalne kingitus s\u00fcnnip\u00e4evadeks, p\u00fchadeks v\u00f5i lihtsalt niisama!<\/p>\n","protected":false},"featured_media":4430,"comment_status":"open","ping_status":"closed","template":"","meta":{"site-sidebar-layout":"default","site-content-layout":"","ast-site-content-layout":"default","site-content-style":"default","site-sidebar-style":"default","ast-global-header-display":"","ast-banner-title-visibility":"","ast-main-header-display":"","ast-hfb-above-header-display":"","ast-hfb-below-header-display":"","ast-hfb-mobile-header-display":"","site-post-title":"","ast-breadcrumbs-content":"","ast-featured-img":"","footer-sml-layout":"","theme-transparent-header-meta":"default","adv-header-id-meta":"","stick-header-meta":"","header-above-stick-meta":"","header-main-stick-meta":"","header-below-stick-meta":"","astra-migrate-meta-layouts":"set","ast-page-background-enabled":"default","ast-page-background-meta":{"desktop":{"background-color":"var(--ast-global-color-4)","background-image":"","background-repeat":"repeat","background-position":"center center","background-size":"auto","background-attachment":"scroll","background-type":"","background-media":"","overlay-type":"","overlay-color":"","overlay-opacity":"","overlay-gradient":""},"tablet":{"background-color":"","background-image":"","background-repeat":"repeat","background-position":"center center","background-size":"auto","background-attachment":"scroll","background-type":"","background-media":"","overlay-type":"","overlay-color":"","overlay-opacity":"","overlay-gradient":""},"mobile":{"background-color":"","background-image":"","background-repeat":"repeat","background-position":"center center","background-size":"auto","background-attachment":"scroll","background-type":"","background-media":"","overlay-type":"","overlay-color":"","overlay-opacity":"","overlay-gradient":""}},"ast-content-background-meta":{"desktop":{"background-color":"var(--ast-global-color-5)","background-image":"","background-repeat":"repeat","background-position":"center center","background-size":"auto","background-attachment":"scroll","background-type":"","background-media":"","overlay-type":"","overlay-color":"","overlay-opacity":"","overlay-gradient":""},"tablet":{"background-color":"var(--ast-global-color-5)","background-image":"","background-repeat":"repeat","background-position":"center center","background-size":"auto","background-attachment":"scroll","background-type":"","background-media":"","overlay-type":"","overlay-color":"","overlay-opacity":"","overlay-gradient":""},"mobile":{"background-color":"var(--ast-global-color-5)","background-image":"","background-repeat":"repeat","background-position":"center center","background-size":"auto","background-attachment":"scroll","background-type":"","background-media":"","overlay-type":"","overlay-color":"","overlay-opacity":"","overlay-gradient":""}}},"product_brand":[118,119,160,121,124,125,127,151],"product_cat":[73,68],"product_tag":[],"class_list":{"0":"post-4414","1":"product","2":"type-product","3":"status-publish","4":"has-post-thumbnail","6":"product_brand-16plain","7":"product_brand-biodance","8":"product_brand-clabiane","9":"product_brand-esfolio","10":"product_brand-idaya","11":"product_brand-mediheal","12":"product_brand-tenzero","13":"product_brand-vt-cosmetics","14":"product_cat-seadmed","15":"product_cat-kosmeetika","16":"desktop-align-center","17":"tablet-align-center","18":"mobile-align-center","20":"first","21":"instock","22":"purchasable","23":"product-type-pw-gift-card"},"_links":{"self":[{"href":"https:\/\/kinez.ee\/shop\/et\/wp-json\/wp\/v2\/product\/4414","targetHints":{"allow":["GET"]}}],"collection":[{"href":"https:\/\/kinez.ee\/shop\/et\/wp-json\/wp\/v2\/product"}],"about":[{"href":"https:\/\/kinez.ee\/shop\/et\/wp-json\/wp\/v2\/types\/product"}],"replies":[{"embeddable":true,"href":"https:\/\/kinez.ee\/shop\/et\/wp-json\/wp\/v2\/comments?post=4414"}],"wp:featuredmedia":[{"embeddable":true,"href":"https:\/\/kinez.ee\/shop\/et\/wp-json\/wp\/v2\/media\/4430"}],"wp:attachment":[{"href":"https:\/\/kinez.ee\/shop\/et\/wp-json\/wp\/v2\/media?parent=4414"}],"wp:term":[{"taxonomy":"product_brand","embeddable":true,"href":"https:\/\/kinez.ee\/shop\/et\/wp-json\/wp\/v2\/product_brand?post=4414"},{"taxonomy":"product_cat","embeddable":true,"href":"https:\/\/kinez.ee\/shop\/et\/wp-json\/wp\/v2\/product_cat?post=4414"},{"taxonomy":"product_tag","embeddable":true,"href":"https:\/\/kinez.ee\/shop\/et\/wp-json\/wp\/v2\/product_tag?post=4414"}],"curies":[{"name":"wp","href":"https:\/\/api.w.org\/{rel}","templated":true}]}}