{"id":4628,"date":"2026-05-08T14:42:19","date_gmt":"2026-05-08T14:42:19","guid":{"rendered":"https:\/\/kinez.ee\/shop\/product\/oligio-lifting-cream-pinguldav-tostekreem-kollageeni-peptiidide-ja-pdrn-iga\/"},"modified":"2026-05-08T14:42:19","modified_gmt":"2026-05-08T14:42:19","slug":"oligio-lifting-cream-pinguldav-tostekreem-kollageeni-peptiidide-ja-pdrn-iga","status":"publish","type":"product","link":"https:\/\/kinez.ee\/shop\/et\/toode\/oligio-lifting-cream-pinguldav-tostekreem-kollageeni-peptiidide-ja-pdrn-iga\/","title":{"rendered":"Oligio Lifting Cream \u2013 Pinguldav t\u00f5stekreem kollageeni, peptiidide ja PDRN-iga"},"content":{"rendered":"<div class=\"relative basis-auto flex-col -mb-(--composer-overlap-px) pb-(--composer-overlap-px) [--composer-overlap-px:28px] grow flex\">\n<div class=\"flex flex-col text-sm\">\n<section class=\"text-token-text-primary w-full focus:outline-none [--shadow-height:45px] has-data-writing-block:pointer-events-none has-data-writing-block:-mt-(--shadow-height) has-data-writing-block:pt-(--shadow-height) [&amp;:has([data-writing-block])&gt;*]:pointer-events-auto [content-visibility:auto] supports-[content-visibility:auto]:[contain-intrinsic-size:auto_100lvh] R6Vx5W_threadScrollVars scroll-mb-[calc(var(--scroll-root-safe-area-inset-bottom,0px)+var(--thread-response-height))] scroll-mt-[calc(var(--header-height)+min(200px,max(70px,20svh)))]\" dir=\"auto\" data-turn-id=\"request-WEB:2d1f21b4-dd52-409a-99a7-fed66f06d47e-1\" data-testid=\"conversation-turn-4\" data-scroll-anchor=\"false\" data-turn=\"assistant\">\n<div class=\"text-base my-auto mx-auto pb-10 [--thread-content-margin:var(--thread-content-margin-xs,calc(var(--spacing)*4))] @w-sm\/main:[--thread-content-margin:var(--thread-content-margin-sm,calc(var(--spacing)*6))] @w-lg\/main:[--thread-content-margin:var(--thread-content-margin-lg,calc(var(--spacing)*16))] px-(--thread-content-margin)\">\n<div class=\"[--thread-content-max-width:40rem] @w-lg\/main:[--thread-content-max-width:48rem] mx-auto max-w-(--thread-content-max-width) flex-1 group\/turn-messages focus-visible:outline-hidden relative flex w-full min-w-0 flex-col agent-turn\">\n<div class=\"flex max-w-full flex-col gap-4 grow\">\n<div class=\"min-h-8 text-message relative flex w-full flex-col items-end gap-2 text-start break-words whitespace-normal outline-none keyboard-focused:focus-ring [.text-message+&amp;]:mt-1\" dir=\"auto\" tabindex=\"0\" data-message-author-role=\"assistant\" data-message-id=\"58717092-60e8-4c98-afc2-85c64720a201\" data-message-model-slug=\"gpt-5-5\" data-turn-start-message=\"true\">\n<div class=\"flex w-full flex-col gap-1 empty:hidden\">\n<div class=\"markdown prose dark:prose-invert wrap-break-word w-full light markdown-new-styling\">\n<p data-start=\"81\" data-end=\"423\">Oligio Lifting Cream on k\u00f5rgkvaliteetne pinguldav n\u00e4okreem, mis aitab parandada naha elastsust, niisutust ja n\u00e4okontuuri. Uuenduslik OLG-LF\u2122 kompleks (Oligio Lifting Complex) \u00fchendab 7 t\u00fc\u00fcpi kollageeni, taimseid mutsiine ja pol\u00fcglutamiinhapet (PGA), pakkudes intensiivset vananemisvastast ja t\u00f5stvat nahahooldust. <\/p>\n<p data-start=\"425\" data-end=\"862\">Kreem aitab taastada naha tugevust ja elastsust, toetab naha loomulikku uuenemist ning v\u00e4hendab l\u00f5tvunud naha n\u00e4htavust. Koostises olevad 5 peptiidi stimuleerivad kollageeni tootmist ja parandavad naha elastsust, h\u00fcaluroonhape tagab s\u00fcgava ja pikaajalise niisutuse, taimne PDRN toetab naha taastumist ning pantenool tugevdab naha kaitsebarj\u00e4\u00e4ri ja rahustab \u00e4rritusi. <\/p>\n<p data-start=\"864\" data-end=\"1182\">Kliiniliste testide kohaselt aitab Oligio Lifting Cream parandada kogu n\u00e4onaha elastsust ning toetab t\u00f5stvat efekti silma\u00fcmbruses, p\u00f5skedel, l\u00f5uajoonel ja n\u00e4okontuuridel. Kreem imendub kiiresti, ei j\u00e4ta nahka kleepuvaks ning sobib igap\u00e4evaseks kasutamiseks k\u00f5ikidele nahat\u00fc\u00fcpidele. <\/p>\n<p data-start=\"1184\" data-end=\"1201\"><strong data-start=\"1184\" data-end=\"1201\">Peamised eelised:<\/strong><\/p>\n<ul data-start=\"1202\" data-end=\"1618\">\n<li data-section-id=\"146itns\" data-start=\"1202\" data-end=\"1260\">7 t\u00fc\u00fcpi kollageeni naha tugevuse ja elastsuse toetamiseks<\/li>\n<li data-section-id=\"ihnpoh\" data-start=\"1261\" data-end=\"1304\">5 peptiidi kollageeni s\u00fcnteesi stimuleerimiseks<\/li>\n<li data-section-id=\"1rf4284\" data-start=\"1305\" data-end=\"1358\">H\u00fcaluroonhape s\u00fcgavaks ja pikaajaliseks niisutuseks<\/li>\n<li data-section-id=\"1c6yqk8\" data-start=\"1359\" data-end=\"1410\">Taimne PDRN naha taastumise toetamiseks<\/li>\n<li data-section-id=\"hy5cl5\" data-start=\"1411\" data-end=\"1469\">Pol\u00fcglutamiinhape (PGA) niiskuse hoidmiseks ja naha kaitsmiseks<\/li>\n<li data-section-id=\"pm7k5l\" data-start=\"1470\" data-end=\"1520\">Pantenool naha rahustamiseks ja kaitsebarj\u00e4\u00e4ri tugevdamiseks<\/li>\n<li data-section-id=\"tsisi4\" data-start=\"1521\" data-end=\"1574\">Aitab parandada n\u00e4okontuuri ja pinguldavat efekti<\/li>\n<li data-section-id=\"1a6bezq\" data-start=\"1575\" data-end=\"1618\">Sobib igap\u00e4evaseks kasutamiseks ja k\u00f5ikidele nahat\u00fc\u00fcpidele<\/li>\n<\/ul>\n<p data-start=\"1620\" data-end=\"1754\"><strong data-start=\"1620\" data-end=\"1635\">Kasutamine:<\/strong><br data-start=\"1635\" data-end=\"1638\">Kanna vajalik kogus kreemi puhastatud n\u00e4ole kaelale ning masseeri \u00f5rnalt kuni t\u00e4ieliku imendumiseni. Kasuta hommikul ja \u00f5htul.<\/p>\n<\/div>\n<\/div>\n<\/div>\n<\/div>\n<div class=\"z-0 flex min-h-[46px] justify-start\"><\/div>\n<div class=\"mt-3 w-full empty:hidden\">\n<div class=\"text-center\"><\/div>\n<\/div>\n<\/div>\n<\/div>\n<\/section>\n<div class=\"pointer-events-none -mt-px h-px translate-y-[calc(var(--scroll-root-safe-area-inset-bottom)-14*var(--spacing))]\" aria-hidden=\"true\"><\/div>\n<div class=\"pointer-events-none translate-y-(--scroll-root-safe-area-inset-bottom) R6Vx5W_threadScrollVars min-h-(--gutter-remaining-height,0px) group-data-stream-active\/scroll-root:h-[calc(var(--thread-response-height)-16*var(--spacing))]\"><\/div>\n<\/div>\n<\/div>\n<div id=\"thread-bottom-container\" class=\"sticky bottom-0 z-10 group\/thread-bottom-container relative isolate w-full basis-auto has-data-has-thread-error:pt-2 has-data-has-thread-error:[box-shadow:var(--sharp-edge-bottom-shadow)] md:border-transparent md:pt-0 dark:border-white\/20 md:dark:border-transparent print:hidden content-fade single-line flex flex-col\">\n<div class=\"relative mx-auto h-0\">\n<div class=\"flex h-0 items-end justify-center motion-safe:transition-all motion-safe:delay-300 motion-safe:duration-300 group-[:not([data-scroll-from-end])]\/scroll-root:scale-50 group-[:not([data-scroll-from-end])]\/scroll-root:translate-y-2 group-[:not([data-scroll-from-end])]\/scroll-root:opacity-0 group-[:not([data-scroll-from-end])]\/scroll-root:pointer-events-none group-[:not([data-scroll-from-end])]\/scroll-root:duration-100 group-[:not([data-scroll-from-end])]\/scroll-root:delay-0 absolute start-1\/2 z-10 -translate-x-1\/2 bottom-[calc(100%+6*var(--spacing)+var(--thread-scroll-to-bottom-banner-offset,0px))]\"><\/div>\n<\/div>\n<div id=\"thread-bottom\">\n<div>\n<div class=\"text-base mx-auto [--thread-content-margin:var(--thread-content-margin-xs,calc(var(--spacing)*4))] @w-sm\/main:[--thread-content-margin:var(--thread-content-margin-sm,calc(var(--spacing)*6))] @w-lg\/main:[--thread-content-margin:var(--thread-content-margin-lg,calc(var(--spacing)*16))] px-(--thread-content-margin)\">\n<div>\n<div class=\"[--thread-content-max-width:40rem] @w-lg\/main:[--thread-content-max-width:48rem] mx-auto max-w-(--thread-content-max-width) flex-1 mb-[var(--thread-component-gap,1rem)]\">\n<div class=\"flex justify-center empty:hidden\"><\/div>\n<div class=\"pointer-events-auto relative z-1 flex h-(--composer-container-height,100%) max-w-full flex-(--composer-container-flex,1) flex-col\">\n<div class=\"absolute start-0 end-0 bottom-full z-20\"><\/div>\n<\/div>\n<\/div>\n<\/div>\n<\/div>\n<\/div>\n<\/div>\n<\/div>\n","protected":false},"excerpt":{"rendered":"<p data-start=\"81\" data-end=\"423\">Oligio Lifting Cream on k\u00f5rgkvaliteetne pinguldav n\u00e4okreem, mis aitab parandada naha elastsust, niisutust ja n\u00e4okontuuri. Uuenduslik OLG-LF\u2122 kompleks (Oligio Lifting Complex) \u00fchendab 7 t\u00fc\u00fcpi kollageeni, taimseid mutsiine ja pol\u00fcglutamiinhapet (PGA), pakkudes intensiivset vananemisvastast ja t\u00f5stvat nahahooldust. <\/p>\n<p data-start=\"425\" data-end=\"862\">Kreem aitab taastada naha tugevust ja elastsust, toetab naha loomulikku uuenemist ning v\u00e4hendab l\u00f5tvunud naha n\u00e4htavust. Koostises olevad 5 peptiidi stimuleerivad kollageeni tootmist ja parandavad naha elastsust, h\u00fcaluroonhape tagab s\u00fcgava ja pikaajalise niisutuse, taimne PDRN toetab naha taastumist ning pantenool tugevdab naha kaitsebarj\u00e4\u00e4ri ja rahustab \u00e4rritusi. <\/p>\n<p data-start=\"864\" data-end=\"1182\">Kliiniliste testide kohaselt aitab Oligio Lifting Cream parandada kogu n\u00e4onaha elastsust ning toetab t\u00f5stvat efekti silma\u00fcmbruses, p\u00f5skedel, l\u00f5uajoonel ja n\u00e4okontuuridel. Kreem imendub kiiresti, ei j\u00e4ta nahka kleepuvaks ning sobib igap\u00e4evaseks kasutamiseks k\u00f5ikidele nahat\u00fc\u00fcpidele. <\/p>\n","protected":false},"featured_media":4619,"comment_status":"open","ping_status":"closed","template":"","meta":{"site-sidebar-layout":"default","site-content-layout":"","ast-site-content-layout":"default","site-content-style":"default","site-sidebar-style":"default","ast-global-header-display":"","ast-banner-title-visibility":"","ast-main-header-display":"","ast-hfb-above-header-display":"","ast-hfb-below-header-display":"","ast-hfb-mobile-header-display":"","site-post-title":"","ast-breadcrumbs-content":"","ast-featured-img":"","footer-sml-layout":"","theme-transparent-header-meta":"default","adv-header-id-meta":"","stick-header-meta":"","header-above-stick-meta":"","header-main-stick-meta":"","header-below-stick-meta":"","astra-migrate-meta-layouts":"default","ast-page-background-enabled":"default","ast-page-background-meta":{"desktop":{"background-color":"var(--ast-global-color-4)","background-image":"","background-repeat":"repeat","background-position":"center center","background-size":"auto","background-attachment":"scroll","background-type":"","background-media":"","overlay-type":"","overlay-color":"","overlay-opacity":"","overlay-gradient":""},"tablet":{"background-color":"","background-image":"","background-repeat":"repeat","background-position":"center center","background-size":"auto","background-attachment":"scroll","background-type":"","background-media":"","overlay-type":"","overlay-color":"","overlay-opacity":"","overlay-gradient":""},"mobile":{"background-color":"","background-image":"","background-repeat":"repeat","background-position":"center center","background-size":"auto","background-attachment":"scroll","background-type":"","background-media":"","overlay-type":"","overlay-color":"","overlay-opacity":"","overlay-gradient":""}},"ast-content-background-meta":{"desktop":{"background-color":"var(--ast-global-color-5)","background-image":"","background-repeat":"repeat","background-position":"center center","background-size":"auto","background-attachment":"scroll","background-type":"","background-media":"","overlay-type":"","overlay-color":"","overlay-opacity":"","overlay-gradient":""},"tablet":{"background-color":"var(--ast-global-color-5)","background-image":"","background-repeat":"repeat","background-position":"center center","background-size":"auto","background-attachment":"scroll","background-type":"","background-media":"","overlay-type":"","overlay-color":"","overlay-opacity":"","overlay-gradient":""},"mobile":{"background-color":"var(--ast-global-color-5)","background-image":"","background-repeat":"repeat","background-position":"center center","background-size":"auto","background-attachment":"scroll","background-type":"","background-media":"","overlay-type":"","overlay-color":"","overlay-opacity":"","overlay-gradient":""}}},"product_brand":[168],"product_cat":[68,130],"product_tag":[],"class_list":{"0":"post-4628","1":"product","2":"type-product","3":"status-publish","4":"has-post-thumbnail","6":"product_brand-oligio","7":"product_cat-kosmeetika","8":"product_cat-naohooldus","9":"desktop-align-center","10":"tablet-align-center","11":"mobile-align-center","13":"first","14":"instock","15":"sale","16":"taxable","17":"shipping-taxable","18":"purchasable","19":"product-type-simple"},"_links":{"self":[{"href":"https:\/\/kinez.ee\/shop\/et\/wp-json\/wp\/v2\/product\/4628","targetHints":{"allow":["GET"]}}],"collection":[{"href":"https:\/\/kinez.ee\/shop\/et\/wp-json\/wp\/v2\/product"}],"about":[{"href":"https:\/\/kinez.ee\/shop\/et\/wp-json\/wp\/v2\/types\/product"}],"replies":[{"embeddable":true,"href":"https:\/\/kinez.ee\/shop\/et\/wp-json\/wp\/v2\/comments?post=4628"}],"wp:featuredmedia":[{"embeddable":true,"href":"https:\/\/kinez.ee\/shop\/et\/wp-json\/wp\/v2\/media\/4619"}],"wp:attachment":[{"href":"https:\/\/kinez.ee\/shop\/et\/wp-json\/wp\/v2\/media?parent=4628"}],"wp:term":[{"taxonomy":"product_brand","embeddable":true,"href":"https:\/\/kinez.ee\/shop\/et\/wp-json\/wp\/v2\/product_brand?post=4628"},{"taxonomy":"product_cat","embeddable":true,"href":"https:\/\/kinez.ee\/shop\/et\/wp-json\/wp\/v2\/product_cat?post=4628"},{"taxonomy":"product_tag","embeddable":true,"href":"https:\/\/kinez.ee\/shop\/et\/wp-json\/wp\/v2\/product_tag?post=4628"}],"curies":[{"name":"wp","href":"https:\/\/api.w.org\/{rel}","templated":true}]}}